{"id":790,"date":"2014-09-28T18:10:55","date_gmt":"2014-09-28T16:10:55","guid":{"rendered":"http:\/\/preprod.prospectivecooperation.org\/?page_id=790"},"modified":"2024-05-21T15:30:36","modified_gmt":"2024-05-21T13:30:36","slug":"cidadania","status":"publish","type":"page","link":"https:\/\/www.prospectivecooperation.org\/pt-br\/cidadania\/","title":{"rendered":"Cidadania"},"content":{"rendered":"<div class=\"wpb-content-wrapper\"><p>[vc_row][vc_column][vc_column_text]Gra\u00e7as \u00e0 a\u00e7\u00f5es de sensibiliza\u00e7\u00e3o de<em> Prospective et Coop\u00e9ration, <\/em>os pol\u00edticos, os atores do desenvolvimento e da coopera\u00e7\u00e3o, mas tamb\u00e9m o publico em geral, os setores envolvidos na cidadania e na solidariedade, est\u00e3o mais conscientes das seguintes din\u00e2micas:<\/p>\n<p>[\/vc_column_text]<ul class=\"fontelo-list colored-icons\" style=\"float:left;\"><li><i class=\"icon-angle-circled-right\"><\/i> A\u00e7\u00f5es <strong>multisetoriais<\/strong> especificas iniciadas pela associa\u00e7\u00e3o;<\/li><li><i class=\"icon-angle-circled-right\"><\/i> <strong>Contribui\u00e7\u00f5es<\/strong> para as a\u00e7\u00f5es realizadas pelos nossos parceiros;<\/li><li><i class=\"icon-angle-circled-right\"><\/i> Uma <strong>reflex\u00e3o<\/strong> espec\u00edfica e original, resultado das atividades completares da associa\u00e7\u00e3o, quais o Laborat\u00f3rio de Ideias, Consultoria e Forma\u00e7\u00e3o, e dos seus membros, profissionais e pesquisadores do desenvolvimento;<\/li><\/ul>[\/vc_column][\/vc_row]<\/p>\n<\/div>","protected":false},"excerpt":{"rendered":"<p>[vc_row][vc_column][vc_column_text]Gra\u00e7as \u00e0 a\u00e7\u00f5es de sensibiliza\u00e7\u00e3o de Prospective et Coop\u00e9ration, os pol\u00edticos, os atores do desenvolvimento e da coopera\u00e7\u00e3o, mas tamb\u00e9m o publico em geral, os setores envolvidos na cidadania e na solidariedade, est\u00e3o mais conscientes das seguintes din\u00e2micas: [\/vc_column_text][\/vc_column][\/vc_row]<\/p>\n","protected":false},"author":11317,"featured_media":0,"parent":0,"menu_order":0,"comment_status":"open","ping_status":"open","template":"","meta":{"footnotes":""},"class_list":["post-790","page","type-page","status-publish","hentry"],"_links":{"self":[{"href":"https:\/\/www.prospectivecooperation.org\/pt-br\/wp-json\/wp\/v2\/pages\/790","targetHints":{"allow":["GET"]}}],"collection":[{"href":"https:\/\/www.prospectivecooperation.org\/pt-br\/wp-json\/wp\/v2\/pages"}],"about":[{"href":"https:\/\/www.prospectivecooperation.org\/pt-br\/wp-json\/wp\/v2\/types\/page"}],"author":[{"embeddable":true,"href":"https:\/\/www.prospectivecooperation.org\/pt-br\/wp-json\/wp\/v2\/users\/11317"}],"replies":[{"embeddable":true,"href":"https:\/\/www.prospectivecooperation.org\/pt-br\/wp-json\/wp\/v2\/comments?post=790"}],"version-history":[{"count":9,"href":"https:\/\/www.prospectivecooperation.org\/pt-br\/wp-json\/wp\/v2\/pages\/790\/revisions"}],"predecessor-version":[{"id":5044,"href":"https:\/\/www.prospectivecooperation.org\/pt-br\/wp-json\/wp\/v2\/pages\/790\/revisions\/5044"}],"wp:attachment":[{"href":"https:\/\/www.prospectivecooperation.org\/pt-br\/wp-json\/wp\/v2\/media?parent=790"}],"curies":[{"name":"wp","href":"https:\/\/api.w.org\/{rel}","templated":true}]}}