{"id":727,"date":"2014-09-28T17:51:23","date_gmt":"2014-09-28T15:51:23","guid":{"rendered":"http:\/\/preprod.prospectivecooperation.org\/?page_id=727"},"modified":"2015-02-20T16:42:35","modified_gmt":"2015-02-20T15:42:35","slug":"formacoes-2","status":"publish","type":"page","link":"https:\/\/www.prospectivecooperation.org\/pt-br\/formacoes-2\/","title":{"rendered":"Forma\u00e7\u00f5es"},"content":{"rendered":"<div class=\"wpb-content-wrapper\"><p>[vc_row][vc_column width=&#8221;1\/1&#8243;][vc_column_text css_animation=&#8221;right-to-left&#8221;]Prospective &amp; Cooperation mobilsa uma rede de intervenientes que re\u00fanem uma grande variedade de expertises, de compet\u00eancias e de conhecimentos complementares e permite mobilizar equipes <em>ad hoc<\/em> e responder com flexibilidade e criatividade \u00e0s demandas de forma\u00e7\u00e3o dos operadores da coopera\u00e7\u00e3o internacional segundo diferentes formatos.[\/vc_column_text][vc_column_text css_animation=&#8221;right-to-left&#8221;]<\/p>\n<h2>A forma\u00e7\u00e3o cont\u00ednua<\/h2>\n<p>[\/vc_column_text]<div class=\"row multi-columns-row colored-icons one-column-items\"><div class=\"feature-items col-xs-12  col-md-12\"><div class=\"kleo-block feature-item list-el-animated default-icons-size\"><span class=\"feature-icon el-appear icon-plus-squared\"><\/span><h3 class=\"feature-title\">As \u00ab forma\u00e7\u00f5es de extens\u00e3o \u00bb <\/h3><div class=\"feature-text\">forma\u00e7\u00f5es longas focadas sobre um tipo de atividade. Esse tipo de forma\u00e7\u00e3o compreende <strong>algumas centenas de horas-aula escalonadas atrav\u00e9s de v\u00e1rios meses<\/strong>. Essas forma\u00e7\u00f5es s\u00e3o dirigidas a pessoas que desejam adquiri ou aprofundar suas compet\u00eancias de base ligadas a atividades de chefes de projetos nos seguintes dom\u00ednios:<\/div><\/div><\/div><\/div><ul class=\"fontelo-list colored-icons\" style=\"float:left;\"><li><i class=\"icon-angle-circled-right\"><\/i> Do desenvolvimento territorial;<\/li><li><i class=\"icon-angle-circled-right\"><\/i> Da a\u00e7\u00e3o humanit\u00e1ria e da coopera\u00e7\u00e3o internacional;<\/li><li><i class=\"icon-angle-circled-right\"><\/i> Da cria\u00e7\u00e3o de atividades no campo da economia social e solid\u00e1ria.<\/li><\/ul>[\/vc_column][\/vc_row][vc_row][vc_column width=&#8221;1\/1&#8243;]<div class=\"row multi-columns-row colored-icons one-column-items\"><div class=\"feature-items col-xs-12  col-md-12\"><div class=\"kleo-block feature-item list-el-animated default-icons-size\"><span class=\"feature-icon el-appear icon-plus-squared\"><\/span><h3 class=\"feature-title\">As \u00ab forma\u00e7\u00f5es especializa\u00e7\u00f5es \u00bb <\/h3><div class=\"feature-text\">forma\u00e7\u00f5es curtas, entre 2 e 30 horas , tratando de assuntos espec\u00edficos de forma\u00e7\u00f5es curtas, <strong>entre 2 et 30 horas, tratando de assuntos espec\u00edficos<\/strong>, para aprimorar um perfil profissional j\u00e1 qualificado atrav\u00e9s de m\u00f3dulos de forma\u00e7\u00e3o especializados:<\/div><\/div><\/div><\/div><ul class=\"fontelo-list colored-icons\" style=\"float:left;\"><li><i class=\"icon-angle-circled-right\"><\/i> Acompanhamento de projeto;<\/li><li><i class=\"icon-angle-circled-right\"><\/i> Participa\u00e7\u00e3o e mobiliza\u00e7\u00e3o;<\/li><li><i class=\"icon-angle-circled-right\"><\/i> Geopol\u00edtica;<\/li><li><i class=\"icon-angle-circled-right\"><\/i> Interculturalidade e especialidades geogr\u00e1ficas;<\/li><li><i class=\"icon-angle-circled-right\"><\/i> Economia territorial e desenvolvimento local;<\/li><li><i class=\"icon-angle-circled-right\"><\/i> Projetos de economia social e solid\u00e1ria;<\/li><li><i class=\"icon-angle-circled-right\"><\/i> Montagem de incubadoras econ\u00f4micas;<\/li><li><i class=\"icon-angle-circled-right\"><\/i> A\u00e7\u00f5es culturais.<\/li><\/ul>[vc_column_text css_animation=&#8221;right-to-left&#8221;]<\/p>\n<h2>A forma\u00e7\u00e3o Inicial<\/h2>\n<p>Essas forma\u00e7\u00f5es s\u00e3o ministradas em parceria com as universidades. Elas compreendem: [\/vc_column_text]<ul class=\"fontelo-list colored-icons\" style=\"float:left;\"><li><i class=\"icon-angle-circled-right\"><\/i> Forma\u00e7\u00f5es \u201ccl\u00e1ssicas\u201d no quadro de p\u00f3s gradua\u00e7\u00f5es;<\/li><li><i class=\"icon-angle-circled-right\"><\/i> Forma\u00e7\u00f5es profissionais ligadas a um est\u00e1gio em uma institui\u00e7\u00e3o operacional parceira de <strong><em>Prospective &amp; Cooperation<\/em><\/strong>;<\/li><li><i class=\"icon-angle-circled-right\"><\/i> Acolhimento de Volunt\u00e1rios do Servi\u00e7o c\u00edvico franc\u00eas (VSC) e da Solidariedade Internacional francesa (VSI);<\/li><li><i class=\"icon-angle-circled-right\"><\/i> Acolhimento de doutorandos CIFRE-CIR (<em>Contrat Formation Recherche en Entreprise &#8211; Cr\u00e9dit Imp\u00f4t Recherche<\/em>).<\/li><\/ul>[\/vc_column][\/vc_row]<\/p>\n<\/div>","protected":false},"excerpt":{"rendered":"<p>[vc_row][vc_column width=&#8221;1\/1&#8243;][vc_column_text css_animation=&#8221;right-to-left&#8221;]Prospective &amp; Cooperation mobilsa uma rede de intervenientes que re\u00fanem uma grande variedade de expertises, de compet\u00eancias e de conhecimentos complementares e permite mobilizar equipes ad hoc e responder com flexibilidade e criatividade \u00e0s demandas de forma\u00e7\u00e3o dos operadores da coopera\u00e7\u00e3o internacional segundo diferentes formatos.[\/vc_column_text][vc_column_text css_animation=&#8221;right-to-left&#8221;] A forma\u00e7\u00e3o cont\u00ednua [\/vc_column_text][\/vc_column][\/vc_row][vc_row][vc_column width=&#8221;1\/1&#8243;][vc_column_text css_animation=&#8221;right-to-left&#8221;] A forma\u00e7\u00e3o Inicial Essas forma\u00e7\u00f5es s\u00e3o [&hellip;]<\/p>\n","protected":false},"author":11317,"featured_media":0,"parent":0,"menu_order":0,"comment_status":"open","ping_status":"open","template":"","meta":{"footnotes":""},"class_list":["post-727","page","type-page","status-publish","hentry"],"_links":{"self":[{"href":"https:\/\/www.prospectivecooperation.org\/pt-br\/wp-json\/wp\/v2\/pages\/727","targetHints":{"allow":["GET"]}}],"collection":[{"href":"https:\/\/www.prospectivecooperation.org\/pt-br\/wp-json\/wp\/v2\/pages"}],"about":[{"href":"https:\/\/www.prospectivecooperation.org\/pt-br\/wp-json\/wp\/v2\/types\/page"}],"author":[{"embeddable":true,"href":"https:\/\/www.prospectivecooperation.org\/pt-br\/wp-json\/wp\/v2\/users\/11317"}],"replies":[{"embeddable":true,"href":"https:\/\/www.prospectivecooperation.org\/pt-br\/wp-json\/wp\/v2\/comments?post=727"}],"version-history":[{"count":5,"href":"https:\/\/www.prospectivecooperation.org\/pt-br\/wp-json\/wp\/v2\/pages\/727\/revisions"}],"predecessor-version":[{"id":1512,"href":"https:\/\/www.prospectivecooperation.org\/pt-br\/wp-json\/wp\/v2\/pages\/727\/revisions\/1512"}],"wp:attachment":[{"href":"https:\/\/www.prospectivecooperation.org\/pt-br\/wp-json\/wp\/v2\/media?parent=727"}],"curies":[{"name":"wp","href":"https:\/\/api.w.org\/{rel}","templated":true}]}}