{"id":5826,"date":"2023-09-19T14:47:12","date_gmt":"2023-09-19T12:47:12","guid":{"rendered":"https:\/\/www.prospectivecooperation.org\/organigrama-historico\/"},"modified":"2023-09-19T14:47:12","modified_gmt":"2023-09-19T12:47:12","slug":"organigrama-historico","status":"publish","type":"page","link":"https:\/\/www.prospectivecooperation.org\/pt-br\/organigrama-historico\/","title":{"rendered":"Organigrama (hist\u00f3rico)"},"content":{"rendered":"<div class=\"wpb-content-wrapper\"><p>[vc_row][vc_column][vc_column_text]<\/p>\n<h5 lang=\"pt-BR\"><strong><span style=\"color: #000000;\">Eis os membros senior do conselho de administra\u00e7\u00e3o de \u201cProspective et Coop\u00e9ration\u201d, a quem agradecemos calorosamente para a sua contribu\u00e7\u00e3o.<\/span><\/strong><\/h5>\n<p>[vc_toggle title=&#8221;Alain Leplaideur&#8221; open=&#8221;true&#8221; icon=&#8221;angle-up&#8221; icon_closed=&#8221;angle-down&#8221; icon_position=&#8221;to-right&#8221; el_id=&#8221;1512382023169-7cffdab4-6c5b&#8221;]<a href=\"https:\/\/www.prospectivecooperation.org\/wp-content\/uploads\/2014\/09\/alain_leplaideur-1.png\"><img loading=\"lazy\" decoding=\"async\" class=\"size-full wp-image-2667 alignleft\" src=\"https:\/\/www.prospectivecooperation.org\/wp-content\/uploads\/2014\/09\/alain_leplaideur-1.png\" alt=\"alain_leplaideur\" width=\"160\" height=\"211\" srcset=\"https:\/\/www.prospectivecooperation.org\/wp-content\/uploads\/2014\/09\/alain_leplaideur-1.png 160w, https:\/\/www.prospectivecooperation.org\/wp-content\/uploads\/2014\/09\/alain_leplaideur-1-480x633.png 480w\" sizes=\"auto, (max-width: 160px) 100vw, 160px\" \/><\/a>ALAIN LEPLAIDEUR.<\/p>\n<p><span style=\"color: #000000;\"><span lang=\"pt-BR\">Engenheiro em <\/span><\/span><span style=\"color: #000000;\"><span lang=\"pt-BR\"><b>Agricultura<\/b><\/span><\/span><span style=\"color: #000000;\"><span lang=\"pt-BR\"> e Doutor em <\/span><\/span><span style=\"color: #000000;\"><span lang=\"pt-BR\"><b>Economia Rural<\/b><\/span><\/span><span style=\"color: #000000;\"><span lang=\"pt-BR\">, Alain Leplaideur vive uma aposentadoria ativa: membro do <\/span><\/span><span style=\"color: #000000;\"><span lang=\"pt-BR\"><b>Comit\u00e9 Cientifico de<\/b><\/span><\/span> <span style=\"color: #000000;\"><span lang=\"pt-BR\"><b>A\u00e7\u00e3o contra a Fome <\/b><\/span><\/span><span style=\"color: #000000;\"><span lang=\"pt-BR\">e ex-<\/span><\/span><span style=\"color: #000000;\"><span lang=\"pt-BR\"><b>Presidente da associa\u00e7\u00e3o CARI <\/b><\/span><\/span><span style=\"color: #000000;\"><span lang=\"pt-BR\">que trabalha nos o\u00e1sis e nas regi\u00f5es \u00e1ridas. Ap\u00f3s uma carreira de investigador s\u00e9nior no <\/span><\/span><span style=\"color: #000000;\"><span lang=\"pt-BR\"><b>CIRAD<\/b><\/span><\/span><span style=\"color: #000000;\"><span lang=\"pt-BR\">, sobre as abordagens sistemas agr\u00e1rios e fileiras de com\u00e9rcio de produtos locais, juntou-se ao <\/span><\/span><span style=\"color: #000000;\"><span lang=\"pt-BR\"><b>Minist\u00e9rio dos Neg\u00f3cios Estrangeiros<\/b><\/span><\/span><span style=\"color: #000000;\"><span lang=\"pt-BR\"> para assumir os dossiers da investiga\u00e7\u00e3o em biodiversidade, ao ambiente e ao desenvolvimento sustent\u00e1vel no conjunto das zonas tropicais onde o MDE tem projetos. <\/span><\/span><\/p>\n<p><span style=\"color: #000000;\"><span lang=\"pt-BR\"><b>Em seguida, diretor de pesquisa no IRD<\/b><\/span><\/span><span style=\"color: #000000;\"><span lang=\"pt-BR\">, ele assumiu a responsabilidade de um de seus cinco departamentos, o Departamento de Apoio e Forma\u00e7\u00e3o de Cientistas do Sul, onde ele usou as t\u00e9cnicas de gest\u00e3o de pesquisa para a promo\u00e7\u00e3o de equipes de <\/span><\/span><span style=\"color: #000000;\"><span lang=\"pt-BR\"><b>pesquisadores africanos, latino-americanos e asi\u00e1ticos<\/b><\/span><\/span><span style=\"color: #000000;\"><span lang=\"pt-BR\">. <\/span><\/span><\/p>\n<p><span style=\"color: #000000;\"><span lang=\"fr-FR\"><b>Ele foi Presidente da \u201cProspective et Coop\u00e9ration\u201d de 2014 a 2016<\/b><\/span><\/span><span style=\"color: #000000;\"><span lang=\"fr-FR\">. <\/span><\/span>[\/vc_toggle]<\/p>\n<p>[vc_toggle title=&#8221;Sophie Beau&#8221; open=&#8221;true&#8221; icon=&#8221;angle-up&#8221; icon_closed=&#8221;angle-down&#8221; icon_position=&#8221;to-right&#8221;]<strong><img loading=\"lazy\" decoding=\"async\" class=\"alignleft size-full wp-image-1296\" src=\"https:\/\/www.prospectivecooperation.org\/wp-content\/uploads\/2014\/09\/Sophie_beau.jpg\" alt=\"Sophie Beau\" width=\"159\" height=\"203\" srcset=\"https:\/\/www.prospectivecooperation.org\/wp-content\/uploads\/2014\/09\/Sophie_beau.jpg 159w, https:\/\/www.prospectivecooperation.org\/wp-content\/uploads\/2014\/09\/Sophie_beau-480x612.jpg 480w\" sizes=\"auto, (max-width: 159px) 100vw, 159px\" \/><\/strong>SOPHIE BEAU <span style=\"color: #000000;\"><span lang=\"pt-BR\">\u00e9 fundadora e diretora da associa\u00e7\u00e3o \u201c<\/span><\/span><span style=\"color: #000000;\"><span lang=\"pt-BR\"><i><b>SOS M\u00e9diterran\u00e9e<\/b><\/i><\/span><\/span><span style=\"color: #000000;\"><span lang=\"pt-BR\">\u201d. <\/span><\/span><\/p>\n<p><span style=\"color: #000000;\"><span lang=\"pt-BR\">Dotada de forma\u00e7\u00e3o em <\/span><\/span><span style=\"color: #000000;\"><span lang=\"pt-BR\"><b>antropologia<\/b><\/span><\/span><span style=\"color: #000000;\"><span lang=\"pt-BR\"> e em <\/span><\/span><span style=\"color: #000000;\"><span lang=\"pt-BR\"><b>ci\u00eancias pol\u00edticas<\/b><\/span><\/span><span style=\"color: #000000;\"><span lang=\"pt-BR\">, coordenou programas de sa\u00fade em Fran\u00e7a e a n\u00edvel internacional para <\/span><\/span><span style=\"color: #000000;\"><span lang=\"pt-BR\"><b>M\u00e9dicos sem<\/b><\/span><\/span> <span style=\"color: #000000;\"><span lang=\"pt-BR\"><b>Fronteiras <\/b><\/span><\/span><span style=\"color: #000000;\"><span lang=\"pt-BR\">e<\/span><\/span><span style=\"color: #000000;\"><span lang=\"pt-BR\"><b> M\u00e9dicos do Mundo<\/b><\/span><\/span><span style=\"color: #000000;\"><span lang=\"pt-BR\">, dirigiu a <\/span><\/span><span style=\"color: #000000;\"><span lang=\"pt-BR\"><b>Federa\u00e7\u00e3o Nacional das Associa\u00e7\u00f5es de Acolhimento e de Reinser\u00e7\u00e3o Social <\/b><\/span><\/span><span style=\"color: #000000;\"><span lang=\"pt-BR\">(regi\u00f5es PACA, C\u00f3rsega DOM) e estruturou as a\u00e7\u00f5es da <\/span><\/span><span style=\"color: #000000;\"><span lang=\"pt-BR\"><b>Funda\u00e7\u00e3o CMA CGM para a inf\u00e2ncia<\/b><\/span><\/span><span style=\"color: #000000;\"><span lang=\"pt-BR\">. Ela realizou numerosos diagn\u00f3sticos sociais e sanit\u00e1rios e adquiriu uma s\u00f3lida experi\u00eancia em planifica\u00e7\u00e3o e avalia\u00e7\u00e3o de programas, em constru\u00e7\u00e3o e anima\u00e7\u00e3o de rede, em representa\u00e7\u00e3o e em defesa junto dos poderes p\u00fablicos. <\/span><\/span>[\/vc_toggle]<\/p>\n<p>[vc_toggle title=&#8221;Vincent Wallaert&#8221; open=&#8221;true&#8221; icon=&#8221;angle-up&#8221; icon_closed=&#8221;angle-down&#8221; icon_position=&#8221;to-right&#8221;]<a href=\"https:\/\/www.prospectivecooperation.org\/wp-content\/uploads\/2014\/09\/Vincent-Wallaert-2-Copier-622x440.jpg\"><img loading=\"lazy\" decoding=\"async\" class=\" wp-image-2549 alignleft\" src=\"https:\/\/www.prospectivecooperation.org\/wp-content\/uploads\/2014\/09\/Vincent-Wallaert-2-Copier-622x440-249x300.jpg\" alt=\"Vincent-Wallaert-2-Copier-622x440\" width=\"173\" height=\"208\" srcset=\"https:\/\/www.prospectivecooperation.org\/wp-content\/uploads\/2014\/09\/Vincent-Wallaert-2-Copier-622x440-249x300.jpg 249w, https:\/\/www.prospectivecooperation.org\/wp-content\/uploads\/2014\/09\/Vincent-Wallaert-2-Copier-622x440.jpg 323w\" sizes=\"auto, (max-width: 173px) 100vw, 173px\" \/><\/a><\/p>\n<p>VINCENT WALLAERT\u00a0<span style=\"color: #000000;\"><span lang=\"pt-BR\">\u00e9 Chefe de Servi\u00e7o Europa da Metr\u00f3pole Aix-Marseille Provence (MAMP). Ele ocupou anteriormente, de 2013 a 2016, o cargo de <\/span><\/span><span style=\"color: #000000;\"><span lang=\"pt-BR\"><b>Respons\u00e1vel do Polo de Coopera\u00e7\u00e3o da Ag\u00eancia das Cidades e Territ\u00f3rios<\/b><\/span><\/span> <span style=\"color: #000000;\"><span lang=\"pt-BR\"><b>Mediterr\u00e2neos Sustent\u00e1veis (AVITEM, \u201c<\/b><\/span><\/span><span style=\"color: #000000;\"><span lang=\"pt-BR\"><i><b>Agence das Villes et Territories M\u00e9diterran\u00e9ens durables\u201d<\/b><\/i><\/span><\/span><span style=\"color: #000000;\"><span lang=\"pt-BR\"><b>)<\/b><\/span><\/span><span style=\"color: #000000;\"><span lang=\"pt-BR\">, ensinando a economia territorial e a <\/span><\/span><span style=\"color: #000000;\"><span lang=\"pt-BR\"><b>montagem de projetos<\/b><\/span><\/span><span style=\"color: #000000;\"><span lang=\"pt-BR\"> no \u00e2mbito de <\/span><\/span><span style=\"color: #000000;\"><span lang=\"pt-BR\"><b>Masters na Universidade Aix-Marseille e<\/b><\/span><\/span> <span style=\"color: #000000;\"><span lang=\"pt-BR\"><b>Ci\u00eancias Pol\u00edticas<\/b><\/span><\/span><span style=\"color: #000000;\"><span lang=\"pt-BR\"> (\u201c<\/span><\/span><span style=\"color: #000000;\"><span lang=\"pt-BR\"><i>Science Po<\/i><\/span><\/span><span style=\"color: #000000;\"><span lang=\"pt-BR\">\u201d)<\/span><\/span><span style=\"color: #000000;\"><span lang=\"pt-BR\"><b> em Grenoble<\/b><\/span><\/span><span style=\"color: #000000;\"><span lang=\"pt-BR\">. <\/span><\/span>[\/vc_toggle]<\/p>\n<p>[\/vc_column_text][\/vc_column][\/vc_row]<\/p>\n<p>[vc_toggle title=&#8221;Julien Rouyat&#8221; open=&#8221;true&#8221; icon=&#8221;angle-up&#8221; icon_closed=&#8221;angle-down&#8221; icon_position=&#8221;to-right&#8221; el_id=&#8221;1512383953233-68dd67cb-0dec&#8221;]<a href=\"https:\/\/www.prospectivecooperation.org\/wp-content\/uploads\/2014\/09\/Julien-Rouyat.png\"><img loading=\"lazy\" decoding=\"async\" class=\"wp-image-2670 alignleft\" src=\"https:\/\/www.prospectivecooperation.org\/wp-content\/uploads\/2014\/09\/Julien-Rouyat-238x300.png\" alt=\"Julien Rouyat\" width=\"144\" height=\"182\" srcset=\"https:\/\/www.prospectivecooperation.org\/wp-content\/uploads\/2014\/09\/Julien-Rouyat-238x300.png 238w, https:\/\/www.prospectivecooperation.org\/wp-content\/uploads\/2014\/09\/Julien-Rouyat.png 373w\" sizes=\"auto, (max-width: 144px) 100vw, 144px\" \/><\/a>JULIEN ROUYAT,\u00a0<span style=\"color: #000000;\"><span lang=\"pt-BR\"><b>economista do Desenvolvimento<\/b><\/span><\/span><span style=\"color: #000000;\"><span lang=\"pt-BR\"> (Master 2), trabalha h\u00e1 13 anos na execu\u00e7\u00e3o de projetos de desenvolvimento e de luta contra a exclus\u00e3o. <\/span><\/span><\/p>\n<p><span style=\"color: #000000;\"><span lang=\"pt-BR\">Atualmente <\/span><\/span><span style=\"color: #000000;\"><span lang=\"pt-BR\"><b>diretor da Funda\u00e7\u00e3o Agir Contra a Exclus\u00e3o (FACE)<\/b><\/span><\/span><span style=\"color: #000000;\"><span lang=\"pt-BR\"> do Gard, foi durante quatro anos (2008-2021) adido de coopera\u00e7\u00e3o na <\/span><\/span><span style=\"color: #000000;\"><span lang=\"pt-BR\"><b>Embaixada de Fran\u00e7a<\/b><\/span><\/span> <span style=\"color: #000000;\"><span lang=\"pt-BR\"><b>na Maurit\u00e2nia<\/b><\/span><\/span><span style=\"color: #000000;\"><span lang=\"pt-BR\">, respons\u00e1vel pela coopera\u00e7\u00e3o bilateral em mat\u00e9ria de governa\u00e7\u00e3o. Prestou previamente, durante dois anos, apoio t\u00e9cnico e metodol\u00f3gico \u00e0s actividades do \u201c<\/span><\/span><span style=\"color: #000000;\"><span lang=\"pt-BR\"><i><b>Gret au S\u00e9n\u00e9gal<\/b><\/i><\/span><\/span><span style=\"color: #000000;\"><span lang=\"pt-BR\">\u201d. Ele ocupou igualmente dois lugares de enquadramento em Fran\u00e7a, coordenador de uma associa\u00e7\u00e3o fundada pelas principais redes da finan\u00e7a solid\u00e1ria, e director de um sindicato intermunicipal portador de um <\/span><\/span><span style=\"color: #000000;\"><span lang=\"pt-BR\"><b>Plano Local para a Inser\u00e7\u00e3o e o Emprego (PLIE)<\/b><\/span><\/span><span style=\"color: #000000;\"><span lang=\"pt-BR\">.<\/span><\/span>[\/vc_toggle]<\/p>\n<\/div>","protected":false},"excerpt":{"rendered":"<p>[vc_row][vc_column][vc_column_text] Eis os membros senior do conselho de administra\u00e7\u00e3o de \u201cProspective et Coop\u00e9ration\u201d, a quem agradecemos calorosamente para a sua contribu\u00e7\u00e3o. [vc_toggle title=&#8221;Alain Leplaideur&#8221; open=&#8221;true&#8221; icon=&#8221;angle-up&#8221; icon_closed=&#8221;angle-down&#8221; icon_position=&#8221;to-right&#8221; el_id=&#8221;1512382023169-7cffdab4-6c5b&#8221;]ALAIN LEPLAIDEUR. Engenheiro em Agricultura e Doutor em Economia Rural, Alain Leplaideur vive uma aposentadoria ativa: membro do Comit\u00e9 Cientifico de A\u00e7\u00e3o contra a Fome e ex-Presidente da associa\u00e7\u00e3o CARI que trabalha [&hellip;]<\/p>\n","protected":false},"author":5,"featured_media":0,"parent":0,"menu_order":0,"comment_status":"closed","ping_status":"closed","template":"","meta":{"footnotes":""},"class_list":["post-5826","page","type-page","status-publish","hentry"],"_links":{"self":[{"href":"https:\/\/www.prospectivecooperation.org\/pt-br\/wp-json\/wp\/v2\/pages\/5826","targetHints":{"allow":["GET"]}}],"collection":[{"href":"https:\/\/www.prospectivecooperation.org\/pt-br\/wp-json\/wp\/v2\/pages"}],"about":[{"href":"https:\/\/www.prospectivecooperation.org\/pt-br\/wp-json\/wp\/v2\/types\/page"}],"author":[{"embeddable":true,"href":"https:\/\/www.prospectivecooperation.org\/pt-br\/wp-json\/wp\/v2\/users\/5"}],"replies":[{"embeddable":true,"href":"https:\/\/www.prospectivecooperation.org\/pt-br\/wp-json\/wp\/v2\/comments?post=5826"}],"version-history":[{"count":2,"href":"https:\/\/www.prospectivecooperation.org\/pt-br\/wp-json\/wp\/v2\/pages\/5826\/revisions"}],"predecessor-version":[{"id":5828,"href":"https:\/\/www.prospectivecooperation.org\/pt-br\/wp-json\/wp\/v2\/pages\/5826\/revisions\/5828"}],"wp:attachment":[{"href":"https:\/\/www.prospectivecooperation.org\/pt-br\/wp-json\/wp\/v2\/media?parent=5826"}],"curies":[{"name":"wp","href":"https:\/\/api.w.org\/{rel}","templated":true}]}}