{"id":5258,"date":"2022-11-15T14:20:32","date_gmt":"2022-11-15T13:20:32","guid":{"rendered":"https:\/\/www.prospectivecooperation.org\/coclos-de-encontros\/"},"modified":"2023-10-25T12:36:49","modified_gmt":"2023-10-25T10:36:49","slug":"ciclos-de-encontros","status":"publish","type":"page","link":"https:\/\/www.prospectivecooperation.org\/pt-br\/ciclos-de-encontros\/","title":{"rendered":"Ciclos de encontros"},"content":{"rendered":"<div class=\"wpb-content-wrapper\"><p>[vc_row][vc_column][vc_column_text]\u201cProspective et Coop\u00e9ration\u201d organiza <strong>ciclos de encontros entre universit\u00e1rios e profissionais do desenvolvimento<\/strong>, sob a forma de workshops-debate.<\/p>\n<p>Se trata de <strong>iniciar uma reflex\u00e3o coletiva sobre o campo da coopera\u00e7\u00e3o e da ajuda ao desenvolvimento<\/strong> entre atores internacionais, nacionais e locais (pesquisadores acad\u00e9micos, representantes da sociedade civil, profissionais do desenvolvimento e da coopera\u00e7\u00e3o e representantes das autoridades p\u00fablicas).[\/vc_column_text][\/vc_column][\/vc_row][vc_row][vc_column][vc_toggle title=&#8221;Ciclo 2013-2014: Mobiliza\u00e7\u00e3o e transfer\u00eancia de conhecimentos no \u00e2mbito das muta\u00e7\u00f5es Norte-Sul&#8221; icon=&#8221;angle-double-down&#8221; icon_closed=&#8221;angle-double-right&#8221; el_id=&#8221;1529674404473-1d23c9bd-791f&#8221;]O ciclo de encontros de 2014 \u00e9 constitu\u00eddo por 4 <em>workshops-debate<\/em> sobre a quest\u00e3o da mobiliza\u00e7\u00e3o e da transfer\u00eancia de conhecimentos no \u00e2mbito das muta\u00e7\u00f5es Norte-Sul: de uma transfer\u00eancia unidirecional dominante para uma diversifica\u00e7\u00e3o\/\/ a partir de uma transfer\u00eancia unilateral dominante para chegar a uma diversifica\u00e7\u00e3o e uma co-constru\u00e7\u00e3o dos saberes e da sua difus\u00e3o, f<em>rom brain drain to brain circulation<\/em>.<\/p>\n<p>Os seguintes resultados foram esperados e obtidos:<\/p>\n<ul>\n<li>As oficinas servem de catalisador aos projetos de pesquisa: surgiram novos projetos.<\/li>\n<li>As recomenda\u00e7\u00f5es formuladas em cada semin\u00e1rio alimentam a reflex\u00e3o e a a\u00e7\u00e3o<\/li>\n<li>\u00e9 facilitada a liga\u00e7\u00e3o em rede das diferentes institui\u00e7\u00f5es da regi\u00e3o<\/li>\n<\/ul>\n<p><u>PROGRAMA DO CICLO<\/u><\/p>\n<p>Maio 2013 &amp; outubro 2013: Sess\u00f5es preparat\u00f3rias, defini\u00e7\u00e3o dos eixos do ciclo de debates<\/p>\n<p><span style=\"color: #99cc00;\"><strong>Workshop-Debate #1<\/strong><\/span><\/p>\n<p><strong>As influ\u00eancias das muta\u00e7\u00f5es das rela\u00e7\u00f5es Norte-Sul sobre a coopera\u00e7\u00e3o para o desenvolvimento<\/strong><\/p>\n<p><em>Marselha, IRD, 25 de mar\u00e7o de 2014<\/em><\/p>\n<p><a href=\"https:\/\/www.prospectivecooperation.org\/pt-br\/workshop-debate-1-as-influencias-das-mutacoes-das-relacoes-norte-sul-sobre-a-cooperacao-para-o-desenvolvimento-marselha-ird-25-de-marco-de-2014\/\"><strong><u>Saiba mais<\/u><\/strong><\/a><\/p>\n<p><span style=\"color: #99cc00;\"><strong>Workshop-Debate #2<\/strong><\/span><\/p>\n<p><strong>O impacto das grandes pol\u00edticas de desenvolvimento a longo prazo: como medi-las? <\/strong><strong>Quais li\u00e7\u00f5es podemos aprender?<\/strong><\/p>\n<p><em>Marselha, Universidade de Marselha, 13 de maio de 2014<\/em><\/p>\n<p><a href=\"https:\/\/www.prospectivecooperation.org\/pt-br\/workshop-debate-2-o-impacto-das-grandes-politicas-de-desenvolvimento-a-longo-prazo-como-medi-las-quais-licoes-podemos-aprender-marselha-13-de-maio-de-2014\/\"><strong><u>Saiba mais<\/u><\/strong><\/a><\/p>\n<p><span style=\"color: #99cc00;\"><strong>Workshop-Debate #3<\/strong><\/span><\/p>\n<p><strong>Rumo a um modelo de coopera\u00e7\u00e3o para o desenvolvimento pluralista e inovador <\/strong>na coopera\u00e7\u00e3o para o desenvolvimento<\/p>\n<p><em>Marselha, MuCEM, 4 de julho de 2014<\/em><\/p>\n<p><a href=\"https:\/\/www.prospectivecooperation.org\/pt-br\/workshop-debate-3-rumo-a-para-um-modelo-de-cooperacao-para-o-desenvolvimento-pluralista-e-inovador-marselha-4-de-julho-de-2014\/\"><strong>Saiba mais<\/strong><\/a><\/p>\n<p><span style=\"color: #99cc00;\"><strong>Workshop-Debate #4<\/strong><\/span><\/p>\n<p><strong>Uma reflex\u00e3o cr\u00edtica sobre a educa\u00e7\u00e3o para o desenvolvimento para uma abertura a novos atores acad\u00e9micos e sociais<\/strong><\/p>\n<p><em>Marselha, MuCEM, 3 de outubro de 2014<\/em><\/p>\n<p><a href=\"https:\/\/www.prospectivecooperation.org\/pt-br\/workshop-debate-4-uma-reflexao-critica-sobre-educacao-para-o-desenvolvimento-para-uma-abertura-para-novos-atores-academicos-e-sociais-marselha-3-de-outubro-de-2014\/\"><strong><u>Saiba mais<\/u><\/strong><\/a>[\/vc_toggle][vc_toggle title=&#8221;Ciclo 2015-2017: As pr\u00e1ticas profissionais e cient\u00edficas como projeto pol\u00edtico&#8221; icon=&#8221;angle-double-down&#8221; icon_closed=&#8221;angle-double-right&#8221; el_id=&#8221;1529675067996-ff1cf203-fd92&#8243;]O ciclo 2015-2017 \u00e9 constitu\u00eddo por 3 workshops-debate sobre a quest\u00e3o das <strong>pr\u00e1ticas profissionais e cient\u00edficas como projeto pol\u00edtico.<\/strong><\/p>\n<p>A coopera\u00e7\u00e3o internacional e a assist\u00eancia oficial ao desenvolvimento s\u00e3o conceitos eminentemente pol\u00edticos cujas bases ideol\u00f3gicas raramente s\u00e3o discutidas e explicadas no quadro profissional da implementa\u00e7\u00e3o de projetos de desenvolvimento. Este ciclo deve permitir as seguintes perguntas:<\/p>\n<ul>\n<li>Que dimens\u00e3o pol\u00edtica sustenta as pr\u00e1ticas profissionais e cient\u00edficas da coopera\u00e7\u00e3o para o desenvolvimento?<\/li>\n<li>Que rela\u00e7\u00f5es de poder implica?<\/li>\n<li>Que mecanismos regulamentares utiliza?<\/li>\n<li>O uso do impl\u00edcito e do n\u00e3o dito \u00e9 uma estrat\u00e9gia consensual para permitir que atores ideol\u00f3gicos muito diferentes colaborem?<\/li>\n<li>\u00c9 uma estrat\u00e9gia necess\u00e1ria ou contraproducente?<\/li>\n<li>Deve ser posta em causa e segundo que modalidades? \/ Deve ser questionado e como?<\/li>\n<li>Deve ser preservada para construir projetos pragm\u00e1ticos e diversificados?<\/li>\n<\/ul>\n<p><u>PROGRAMA DO CICLO<\/u><\/p>\n<p><span style=\"color: #99cc00;\"><strong>Workshop-Debate #1<\/strong><\/span><\/p>\n<p><strong>O trabalho em rede e a inova\u00e7\u00e3o social, profissional e pol\u00edtica: demasiadas redes matam a rede?<\/strong><\/p>\n<p><em>Marselha, Villa M\u00e9diterran\u00e9e, 19 de junho de 2015<\/em><\/p>\n<p><a href=\"https:\/\/www.prospectivecooperation.org\/pt-br\/workshop-debate-1-o-trabalho-em-rede-e-a-inovacao-social-profissional-e-politica-demasiada-rede-mata-a-rede-marselha-19-de-junho-de-2015\/\"><strong><u>Saber mais<\/u><\/strong><\/a><\/p>\n<p><span style=\"color: #99cc00;\"><strong>Workshop-Debate #2<\/strong><\/span><\/p>\n<p><strong>Sociedade civil e democratiza\u00e7\u00e3o no Magreb<\/strong><\/p>\n<p><em>Marselha, IRD, 23 mar\u00e7o 2017<\/em><\/p>\n<p><a href=\"https:\/\/www.prospectivecooperation.org\/pt-br\/workshop-debate-2-sociedade-civil-e-democratizacao-no-maghreb-marselha-23-de-marco-de-2017\/\"><strong><u>Saber mais<\/u><\/strong><\/a><\/p>\n<p><span style=\"color: #99cc00;\"><strong>Workshop-Debate #3<\/strong><\/span><\/p>\n<p><strong>Mediterr\u00e2neo, <\/strong><strong>estudo de caso da criminaliza\u00e7\u00e3o da migra\u00e7\u00e3o: <\/strong><strong>olhares cruzados franco-tunisinos sobre os desafios migrat\u00f3rios no Mediterr\u00e2neo e a situa\u00e7\u00e3o na L\u00edbia<\/strong><\/p>\n<p><em>Marselha, AAJT, 8 de novembro de 2017<\/em><\/p>\n<p><a href=\"https:\/\/www.prospectivecooperation.org\/pt-br\/workshop-debate-3-mediterraneo-caso-de-escola-de-criminalizacao-da-migracao-marselha-8-de-novembro-de-2017\/\"><strong><u>Saber mais<\/u><\/strong><\/a>[\/vc_toggle][vc_toggle title=&#8221;Ciclo 2018: O inferno est\u00e1 sempre cheio de boas inten\u00e7\u00f5es?&#8221; icon=&#8221;angle-double-down&#8221; icon_closed=&#8221;angle-double-right&#8221; el_id=&#8221;1539773622482-6c7363ce-b0d5&#8243;]O ciclo de 2018 \u00e9 constitu\u00eddo por dois workshops-debate sobre a quest\u00e3o da ambival\u00eancia em que assentam as din\u00e2micas de coopera\u00e7\u00e3o, entre &#8220;boas inten\u00e7\u00f5es&#8221; e realidade da execu\u00e7\u00e3o.<\/p>\n<p>No contexto das rela\u00e7\u00f5es internacionais, onde a lei do mais forte \u00e9 ainda a melhor, apesar de um s\u00e9culo de esfor\u00e7os para construir um Estado de direito supranacional, <strong>as din\u00e2micas de coopera\u00e7\u00e3o e de ajuda p\u00fablica ao desenvolvimento desenvolvem-se numa ambival\u00eancia<\/strong> entre as suas finalidades \u00e9ticas afirmadas e a sua aplica\u00e7\u00e3o atrav\u00e9s de um jogo de agentes complexo e de interesses cruzados e concorrentes.<\/p>\n<p>Do ponto de vista das pr\u00e1ticas profissionais e da pesquisa acad\u00e9mica, <strong>como construir neste quadro um posicionamento individual e coletivo coerente, cr\u00edtico e construtivo?<\/strong><\/p>\n<p>O seguinte ciclo de encontros procurar\u00e1 propor algumas pistas de reflex\u00e3o em torno de casos concretos de escola:<\/p>\n<p><u>PROGRAMA DO CICLO<\/u>:<\/p>\n<p><span style=\"color: #99cc00;\"><strong>Debate de Grupo #1<\/strong><\/span><\/p>\n<p><strong>lixo em nossas vidas? Mitos e realidades da ind\u00fastria de reciclagem globalizada<\/strong><\/p>\n<p><em>Marseille, Les Docks village, 5 de julho de 2018<\/em><\/p>\n<p><a href=\"https:\/\/www.prospectivecooperation.org\/pt-br\/workshop-debate-1-lixo-em-nossas-vidas-mitos-e-realidades-da-industria-global-de-reciclagem-marselha-5-de-julho-de-2018\/\"><strong><u>Saber mais<\/u><\/strong><\/a><\/p>\n<p><span style=\"color: #99cc00;\"><strong>Workshop-Debate #2<\/strong><\/span><\/p>\n<p><strong>A Ajuda ou a Vida? A Ajuda Internacional n\u00e3o \u00e9 mais do que uma rela\u00e7\u00e3o de for\u00e7a no jogo das rela\u00e7\u00f5es internacionais ou \u00e9 ainda a express\u00e3o de uma rela\u00e7\u00e3o social mais complexa?<\/strong><\/p>\n<p><em>Marselha, Faculdade de Medicina de Timone, 31 de outubro de 2018<\/em><\/p>\n<p><a href=\"https:\/\/www.prospectivecooperation.org\/pt-br\/workshop-debate-2-ajuda-ou-vida-a-ajuda-internacional-nao-e-uma-relacao-de-forca-no-jogo-das-relacoes-internacionais-ou-e-ainda-a-expressao-de-uma-relacao-social-mais-complexa-marselha-31-de-outub\/\"><strong>Saber mais<\/strong><\/a>[\/vc_toggle][vc_toggle title=&#8221;Ciclo 2019-2020: Cr\u00edtica ao colapso ou colapso da cr\u00edtica?&#8221; icon=&#8221;angle-double-down&#8221; icon_closed=&#8221;angle-double-right&#8221;]O ciclo de 2019-2020 abordar\u00e1 os temas do <strong>\u00abcolapso\u00bb,<\/strong> da <strong>\u00abresili\u00eancia\u00bb<\/strong> e da <strong>\u00abtransi\u00e7\u00e3o\u00bb.<\/strong><\/p>\n<p>Estes conceitos, omnipresentes na atualidade, ser\u00e3o explorados atrav\u00e9s do prisma dos progressos da <strong>investiga\u00e7\u00e3o,<\/strong> passados a uma an\u00e1lise cr\u00edtica, \u00e0 luz das pr\u00e1ticas profissionais e cient\u00edficas, e observados desde \u00e0 luz das pr\u00e1ticas profissionais e cient\u00edficas e observados a partir de pistas de <strong>a\u00e7\u00e3o dos cidad\u00e3os<\/strong>.<\/p>\n<p>Mais especificamente, haver\u00e1 um interesse nas quest\u00f5es em jogo no paradigma do \u00abcolapso\u00bb sobre quest\u00f5es de investiga\u00e7\u00e3o e <strong>pr\u00e1ticas profissionais<\/strong> no campo da <strong>coopera\u00e7\u00e3o<\/strong> e suas declina\u00e7\u00f5es <strong>setoriais<\/strong> e <strong>intersetoriais<\/strong> (sa\u00fade, educa\u00e7\u00e3o, planejamento urbano, pol\u00edtica social&#8230;) Como \u00e9 que fazes isso?<\/p>\n<p><em>Datas e programas futuros<\/em><\/p>\n<p><a href=\"https:\/\/www.prospectivecooperation.org\/wp-content\/uploads\/2020\/03\/Ateliers-d%C3%A9bats2019-2020_WiP.pdf\"><strong>Programa<\/strong><\/a>[\/vc_toggle][\/vc_column][\/vc_row]<\/p>\n<\/div>","protected":false},"excerpt":{"rendered":"<p>[vc_row][vc_column][vc_column_text]\u201cProspective et Coop\u00e9ration\u201d organiza ciclos de encontros entre universit\u00e1rios e profissionais do desenvolvimento, sob a forma de workshops-debate. Se trata de iniciar uma reflex\u00e3o coletiva sobre o campo da coopera\u00e7\u00e3o e da ajuda ao desenvolvimento entre atores internacionais, nacionais e locais (pesquisadores acad\u00e9micos, representantes da sociedade civil, profissionais do desenvolvimento e da coopera\u00e7\u00e3o e representantes das autoridades p\u00fablicas).[\/vc_column_text][\/vc_column][\/vc_row][vc_row][vc_column][vc_toggle title=&#8221;Ciclo 2013-2014: [&hellip;]<\/p>\n","protected":false},"author":5,"featured_media":0,"parent":0,"menu_order":0,"comment_status":"closed","ping_status":"closed","template":"","meta":{"footnotes":""},"class_list":["post-5258","page","type-page","status-publish","hentry"],"_links":{"self":[{"href":"https:\/\/www.prospectivecooperation.org\/pt-br\/wp-json\/wp\/v2\/pages\/5258","targetHints":{"allow":["GET"]}}],"collection":[{"href":"https:\/\/www.prospectivecooperation.org\/pt-br\/wp-json\/wp\/v2\/pages"}],"about":[{"href":"https:\/\/www.prospectivecooperation.org\/pt-br\/wp-json\/wp\/v2\/types\/page"}],"author":[{"embeddable":true,"href":"https:\/\/www.prospectivecooperation.org\/pt-br\/wp-json\/wp\/v2\/users\/5"}],"replies":[{"embeddable":true,"href":"https:\/\/www.prospectivecooperation.org\/pt-br\/wp-json\/wp\/v2\/comments?post=5258"}],"version-history":[{"count":11,"href":"https:\/\/www.prospectivecooperation.org\/pt-br\/wp-json\/wp\/v2\/pages\/5258\/revisions"}],"predecessor-version":[{"id":5849,"href":"https:\/\/www.prospectivecooperation.org\/pt-br\/wp-json\/wp\/v2\/pages\/5258\/revisions\/5849"}],"wp:attachment":[{"href":"https:\/\/www.prospectivecooperation.org\/pt-br\/wp-json\/wp\/v2\/media?parent=5258"}],"curies":[{"name":"wp","href":"https:\/\/api.w.org\/{rel}","templated":true}]}}