{"id":513,"date":"2014-09-28T17:06:16","date_gmt":"2014-09-28T15:06:16","guid":{"rendered":"http:\/\/preprod.prospectivecooperation.org\/?page_id=513"},"modified":"2022-11-15T15:43:41","modified_gmt":"2022-11-15T14:43:41","slug":"contato","status":"publish","type":"page","link":"https:\/\/www.prospectivecooperation.org\/pt-br\/contato\/","title":{"rendered":"Contatos"},"content":{"rendered":"<div class=\"wpb-content-wrapper\"><p>[vc_row][vc_column][vc_gmaps link=&#8221;#E-8_JTNDaWZyYW1lJTIwc3JjJTNEJTIyaHR0cHMlM0ElMkYlMkZ3d3cuZ29vZ2xlLmNvbSUyRm1hcHMlMkZkJTJGZW1iZWQlM0ZtaWQlM0QxSFFNSl9jZzZaWHluYkUxaW1ncV9GV2YzZGJVJTI2aGwlM0RmciUyMiUyMHdpZHRoJTNEJTIyNjQwJTIyJTIwaGVpZ2h0JTNEJTIyNDgwJTIyJTNFJTNDJTJGaWZyYW1lJTNF&#8221; size=&#8221;400&#8243;][\/vc_column][\/vc_row][vc_row][vc_column width=&#8221;1\/2&#8243;][vc_column_text]<\/p>\n<h2>Prospective et Coop\u00e9ration<\/h2>\n<p>Laborat\u00f3rio de Ideias- Escrit\u00f3rio de Estudos e Pesquisa- LIBER Associa\u00e7\u00e3o Cooperativa Lei 1901.<\/p>\n<ul>\n<li>1, place Gabriel P\u00e9ri, Vieux port, 13001 Marseille, France<\/li>\n<li>Rua Alice, 1324, Laranjeiras, CEP 22241-020, Rio de Janeiro, RJ, Brasil<\/li>\n<\/ul>\n<p>tel : 00 33 (0)6 84 31 24 54<br \/>\ncontact[at]prospectivecooperation.org[\/vc_column_text][\/vc_column][vc_column width=&#8221;1\/2&#8243;][vc_column_text]<\/p>\n<h4><strong>Entre em contato conosco<\/strong>:<\/h4>\n<div class=\"wpcf7 no-js\" id=\"wpcf7-f1411-o1\" lang=\"pt-BR\" dir=\"ltr\" data-wpcf7-id=\"1411\">\n<div class=\"screen-reader-response\"><p role=\"status\" aria-live=\"polite\" aria-atomic=\"true\"><\/p> <ul><\/ul><\/div>\n<form action=\"\/pt-br\/wp-json\/wp\/v2\/pages\/513#wpcf7-f1411-o1\" method=\"post\" class=\"wpcf7-form init\" aria-label=\"Formul\u00e1rios de contato\" novalidate=\"novalidate\" data-status=\"init\">\n<div style=\"display: none;\">\n<input type=\"hidden\" name=\"_wpcf7\" value=\"1411\" \/>\n<input type=\"hidden\" name=\"_wpcf7_version\" value=\"6.0.6\" \/>\n<input type=\"hidden\" name=\"_wpcf7_locale\" value=\"pt_BR\" \/>\n<input type=\"hidden\" name=\"_wpcf7_unit_tag\" value=\"wpcf7-f1411-o1\" \/>\n<input type=\"hidden\" name=\"_wpcf7_container_post\" value=\"0\" \/>\n<input type=\"hidden\" name=\"_wpcf7_posted_data_hash\" value=\"\" \/>\n<input type=\"hidden\" name=\"_wpcf7_recaptcha_response\" value=\"\" \/>\n<\/div>\n<p>Seu sobrenome e nome (obrigat\u00f3rio)\n<\/p>\n<p><span class=\"wpcf7-form-control-wrap\" data-name=\"your-name\"><input size=\"40\" maxlength=\"400\" class=\"wpcf7-form-control wpcf7-text wpcf7-validates-as-required\" aria-required=\"true\" aria-invalid=\"false\" value=\"\" type=\"text\" name=\"your-name\" \/><\/span>\n<\/p>\n<p>Sua E-mail (obrigat\u00f3rio)\n<\/p>\n<p><span class=\"wpcf7-form-control-wrap\" data-name=\"your-email\"><input size=\"40\" maxlength=\"400\" class=\"wpcf7-form-control wpcf7-email wpcf7-validates-as-required wpcf7-text wpcf7-validates-as-email\" aria-required=\"true\" aria-invalid=\"false\" value=\"\" type=\"email\" name=\"your-email\" \/><\/span>\n<\/p>\n<p>Raz\u00e3o\n<\/p>\n<p><span class=\"wpcf7-form-control-wrap\" data-name=\"your-subject\"><input size=\"40\" maxlength=\"400\" class=\"wpcf7-form-control wpcf7-text\" aria-invalid=\"false\" value=\"\" type=\"text\" name=\"your-subject\" \/><\/span>\n<\/p>\n<p>Sua mensagem (obrigat\u00f3rio)\n<\/p>\n<p><span class=\"wpcf7-form-control-wrap\" data-name=\"your-message\"><textarea cols=\"40\" rows=\"10\" maxlength=\"2000\" class=\"wpcf7-form-control wpcf7-textarea wpcf7-validates-as-required\" aria-required=\"true\" aria-invalid=\"false\" name=\"your-message\"><\/textarea><\/span>\n<\/p>\n\n<p><input class=\"wpcf7-form-control wpcf7-submit has-spinner\" type=\"submit\" value=\"Enviar\" \/>\n<\/p><p style=\"display: none !important;\" class=\"akismet-fields-container\" data-prefix=\"_wpcf7_ak_\"><label>&#916;<textarea name=\"_wpcf7_ak_hp_textarea\" cols=\"45\" rows=\"8\" maxlength=\"100\"><\/textarea><\/label><input type=\"hidden\" id=\"ak_js_1\" name=\"_wpcf7_ak_js\" value=\"99\"\/><script>document.getElementById( \"ak_js_1\" ).setAttribute( \"value\", ( new Date() ).getTime() );<\/script><\/p><div class=\"wpcf7-response-output\" aria-hidden=\"true\"><\/div>\n<\/form>\n<\/div>\n[\/vc_column_text][\/vc_column][\/vc_row]<\/p>\n<\/div>","protected":false},"excerpt":{"rendered":"<p>[vc_row][vc_column][vc_gmaps link=&#8221;#E-8_JTNDaWZyYW1lJTIwc3JjJTNEJTIyaHR0cHMlM0ElMkYlMkZ3d3cuZ29vZ2xlLmNvbSUyRm1hcHMlMkZkJTJGZW1iZWQlM0ZtaWQlM0QxSFFNSl9jZzZaWHluYkUxaW1ncV9GV2YzZGJVJTI2aGwlM0RmciUyMiUyMHdpZHRoJTNEJTIyNjQwJTIyJTIwaGVpZ2h0JTNEJTIyNDgwJTIyJTNFJTNDJTJGaWZyYW1lJTNF&#8221; size=&#8221;400&#8243;][\/vc_column][\/vc_row][vc_row][vc_column width=&#8221;1\/2&#8243;][vc_column_text] Prospective et Coop\u00e9ration Laborat\u00f3rio de Ideias- Escrit\u00f3rio de Estudos e Pesquisa- LIBER Associa\u00e7\u00e3o Cooperativa Lei 1901. 1, place Gabriel P\u00e9ri, Vieux port, 13001 Marseille, France Rua Alice, 1324, Laranjeiras, CEP 22241-020, Rio de Janeiro, RJ, Brasil tel : 00 33 (0)6 84 31 24 54 contact[at]prospectivecooperation.org[\/vc_column_text][\/vc_column][vc_column width=&#8221;1\/2&#8243;][vc_column_text] Entre em contato conosco: [\/vc_column_text][\/vc_column][\/vc_row]<\/p>\n","protected":false},"author":11317,"featured_media":0,"parent":0,"menu_order":0,"comment_status":"open","ping_status":"open","template":"page-templates\/full-width.php","meta":{"footnotes":""},"class_list":["post-513","page","type-page","status-publish","hentry"],"_links":{"self":[{"href":"https:\/\/www.prospectivecooperation.org\/pt-br\/wp-json\/wp\/v2\/pages\/513","targetHints":{"allow":["GET"]}}],"collection":[{"href":"https:\/\/www.prospectivecooperation.org\/pt-br\/wp-json\/wp\/v2\/pages"}],"about":[{"href":"https:\/\/www.prospectivecooperation.org\/pt-br\/wp-json\/wp\/v2\/types\/page"}],"author":[{"embeddable":true,"href":"https:\/\/www.prospectivecooperation.org\/pt-br\/wp-json\/wp\/v2\/users\/11317"}],"replies":[{"embeddable":true,"href":"https:\/\/www.prospectivecooperation.org\/pt-br\/wp-json\/wp\/v2\/comments?post=513"}],"version-history":[{"count":18,"href":"https:\/\/www.prospectivecooperation.org\/pt-br\/wp-json\/wp\/v2\/pages\/513\/revisions"}],"predecessor-version":[{"id":5304,"href":"https:\/\/www.prospectivecooperation.org\/pt-br\/wp-json\/wp\/v2\/pages\/513\/revisions\/5304"}],"wp:attachment":[{"href":"https:\/\/www.prospectivecooperation.org\/pt-br\/wp-json\/wp\/v2\/media?parent=513"}],"curies":[{"name":"wp","href":"https:\/\/api.w.org\/{rel}","templated":true}]}}