{"id":484,"date":"2014-09-28T16:23:11","date_gmt":"2014-09-28T14:23:11","guid":{"rendered":"http:\/\/preprod.prospectivecooperation.org\/?page_id=484"},"modified":"2022-10-12T11:30:45","modified_gmt":"2022-10-12T09:30:45","slug":"formacao-inicial","status":"publish","type":"page","link":"https:\/\/www.prospectivecooperation.org\/pt-br\/formacoes-2\/formacao-inicial\/","title":{"rendered":"Forma\u00e7\u00e3o inicial"},"content":{"rendered":"<div class=\"wpb-content-wrapper\"><p>[vc_row][vc_column]<div class=\"row multi-columns-row colored-icons one-column-items\"><div class=\"feature-items col-xs-12  col-md-12\"><div class=\"kleo-block feature-item list-el-animated default-icons-size\"><span class=\"feature-icon el-appear icon-bookmark\"><\/span><h3 class=\"feature-title\"><\/h3><div class=\"feature-text\"><\/p>\n<h5><strong>MASTER NACIONAIS<\/strong><\/h5>\n<ul>\n<li>Universit\u00e9 Paris I, Panth\u00e9on Sorbonne, Instituto de Estudos Sobre o Desenvolvimento Econ\u00f4mico e Social- IEDES, Faculdade de Sociologia (2007-2016);<\/li>\n<li>Aix-Marseille Universit\u00e9, Instituto de Estudos Humanit\u00e1rios Internacionais- IEHI, Faculdade de Direito e de Ci\u00eancias Pol\u00edticas, Faculdade de Medicina, Faculdade de Letras (2009-2022);<\/li>\n<li>Instituto de Gest\u00e3o Publica de Grenoble (2014-2022);<\/li>\n<li>Universit\u00e9 Paul Valery Montpellier III (2015-2016);<\/li>\n<li>American University- Centro da Proven\u00e7a, Study Abroad Program (2013-2014);<\/li>\n<\/ul>\n<p><\/div><\/div><\/div><div class=\"feature-items col-xs-12  col-md-12\"><div class=\"kleo-block feature-item list-el-animated default-icons-size\"><span class=\"feature-icon el-appear icon-bookmark\"><\/span><h3 class=\"feature-title\"><\/h3><div class=\"feature-text\"><\/p>\n<h5><strong>MASTER INTERNACIONAL<\/strong><\/h5>\n<ul>\n<li>Avalia\u00e7\u00e3o e an\u00e1lise das propostas de <strong>Master Internacional 2016-2021<\/strong> das <strong>Universidades parceiras<\/strong>: Benim, Bol\u00edvia, Burkina Faso, Burundi, Camboja, Cameron, Equador, Eti\u00f3pia, Haiti, Madagascar, Marrocos, Niger, Peru, Filipinas, RDC, Ruanda, Senegal e Vietnam; Universidades franc\u00f3fonas da <strong>B\u00e9lgica<\/strong>: Bruxelas, Li\u00e9ge, Namur, Mons, Louvain, Gembloux. Programa de Forma\u00e7\u00e3o, Pesquisa e Sensibiliza\u00e7\u00e3o para o Desenvolvimento (FRSD) da <em>Acad\u00e9mie de Recherche et d\u2019Eseignement Sup\u00e9rieur<\/em>-ARES, Comiss\u00e3o sobre a Coopera\u00e7\u00e3o para o Desenvolvimento- CCD.<\/li>\n<li>Avali\u00e7\u00e3o e an\u00e1lise das propostas de <strong>Forma\u00e7\u00f5es Internacionais<\/strong> e <strong>Master Internacional 2021-2026<\/strong> das Universidades Franc\u00f3fonas da <strong>B\u00e9lgica<\/strong>: Universit\u00e9 de Li\u00e8ge, Ecole Sup\u00e9rierue d\u2019Architecture de Bruxelles. Programa de Forma\u00e7\u00e3o, Pesquisa e Sensibiliza\u00e7\u00e3o para o Desenvolvimento (FRSD) da <em>Acad\u00e9mie de Recherche et d\u2019Enseignement Sup\u00e9rieur<\/em>&#8211; ARES, Comiss\u00e3o sobre a Coopera\u00e7\u00e3o para o Desenvolvimento- CCD.<\/li>\n<\/ul>\n<p><\/div><\/div><\/div><div class=\"feature-items col-xs-12  col-md-12\"><div class=\"kleo-block feature-item list-el-animated default-icons-size\"><span class=\"feature-icon el-appear icon-bookmark\"><\/span><h3 class=\"feature-title\"><\/h3><div class=\"feature-text\"><\/p>\n<h5><strong>BOLSAS DE PESQUISAS P\u00d3S-GRADUA\u00c7\u00c3O<\/strong><\/h5>\n<ul>\n<li>Avalia\u00e7\u00e3o e an\u00e1lise das <strong>propostas de bolsas de pesquisa p\u00f3s-doutoramento <\/strong><strong>das Universidades Parceiras:<\/strong> Benim, Bol\u00edvia, Burkina Faso, Burundi, Camboja, Cameron, Equador, Eti\u00f3pia, Haiti, Madagascar, Marrocos, Niger, Peru, Filipinas, RDC, Ruanda, Senegal e Vietnam;\u00a0<strong>das Universidades Franc\u00f3fonas da B\u00e9lgica:<\/strong> Bruxelas, Li\u00e9ge, Namur, Mons, Louvain, Gembloux;\u00a0<strong>Bolsas ELAN 2017-<\/strong>2018;\u00a0<strong>Acad\u00e9mie de Recherche et d\u2019Enseignement Sup\u00e9rieur-<\/strong>ARES;\u00a0<strong>Comiss\u00e3o sobre a Coopera\u00e7\u00e3o para o Desenvolvimento<\/strong>&#8211; CCD<\/li>\n<\/ul>\n<p><\/div><\/div><\/div><div class=\"feature-items col-xs-12  col-md-12\"><div class=\"kleo-block feature-item list-el-animated default-icons-size\"><span class=\"feature-icon el-appear icon-bookmark\"><\/span><h3 class=\"feature-title\"><\/h3><div class=\"feature-text\"><\/p>\n<h5><strong>J\u00daRI DA APRESENTA\u00c7\u00c3O DA TESE<\/strong><\/h5>\n<ul>\n<li>J\u00fari da Apresenta\u00e7\u00e3o da Tese do final da forma\u00e7\u00e3o de engenheiros agr\u00f4nomos no \u00e2mbito das Miss\u00f5es Jovens Peritos, ISTOM- Escola Superior de Agro Desenvolvimento Internacional.<\/li>\n<\/ul>\n<p><\/div><\/div><\/div><\/div>[\/vc_column][\/vc_row]<\/p>\n<\/div>","protected":false},"excerpt":{"rendered":"<p>[vc_row][vc_column][\/vc_column][\/vc_row]<\/p>\n","protected":false},"author":11317,"featured_media":0,"parent":727,"menu_order":0,"comment_status":"open","ping_status":"closed","template":"","meta":{"footnotes":""},"class_list":["post-484","page","type-page","status-publish","hentry"],"_links":{"self":[{"href":"https:\/\/www.prospectivecooperation.org\/pt-br\/wp-json\/wp\/v2\/pages\/484","targetHints":{"allow":["GET"]}}],"collection":[{"href":"https:\/\/www.prospectivecooperation.org\/pt-br\/wp-json\/wp\/v2\/pages"}],"about":[{"href":"https:\/\/www.prospectivecooperation.org\/pt-br\/wp-json\/wp\/v2\/types\/page"}],"author":[{"embeddable":true,"href":"https:\/\/www.prospectivecooperation.org\/pt-br\/wp-json\/wp\/v2\/users\/11317"}],"replies":[{"embeddable":true,"href":"https:\/\/www.prospectivecooperation.org\/pt-br\/wp-json\/wp\/v2\/comments?post=484"}],"version-history":[{"count":10,"href":"https:\/\/www.prospectivecooperation.org\/pt-br\/wp-json\/wp\/v2\/pages\/484\/revisions"}],"predecessor-version":[{"id":5058,"href":"https:\/\/www.prospectivecooperation.org\/pt-br\/wp-json\/wp\/v2\/pages\/484\/revisions\/5058"}],"up":[{"embeddable":true,"href":"https:\/\/www.prospectivecooperation.org\/pt-br\/wp-json\/wp\/v2\/pages\/727"}],"wp:attachment":[{"href":"https:\/\/www.prospectivecooperation.org\/pt-br\/wp-json\/wp\/v2\/media?parent=484"}],"curies":[{"name":"wp","href":"https:\/\/api.w.org\/{rel}","templated":true}]}}