{"id":242,"date":"2014-09-16T12:36:15","date_gmt":"2014-09-16T10:36:15","guid":{"rendered":"http:\/\/preprod.prospectivecooperation.org\/?page_id=242"},"modified":"2022-07-26T11:09:37","modified_gmt":"2022-07-26T09:09:37","slug":"projeto-associativo","status":"publish","type":"page","link":"https:\/\/www.prospectivecooperation.org\/pt-br\/prospective-cooperation\/projeto-associativo\/","title":{"rendered":"Projeto associativo"},"content":{"rendered":"<div class=\"wpb-content-wrapper\"><p>[vc_row][vc_column][vc_column_text]O <strong>objetivo<\/strong> da nossa associa\u00e7\u00e3o \u00e9 contribuir para <strong>melhorar<\/strong> a defini\u00e7\u00e3o e a execu\u00e7\u00e3o das pol\u00edticas p\u00fablicas e privadas no \u00e2mbito da coopera\u00e7\u00e3o internacional.<\/p>\n<p>Mais especificamente, desejamos promover uma <strong>reflex\u00e3<\/strong>o conjunta entre pesquisadores acad\u00eamicos multidisciplinares e profissionais internacionais do desenvolvimento da coopera\u00e7\u00e3o na difus\u00e3o de melhores a\u00e7\u00f5es.[\/vc_column_text][vc_column_text]Para atingir estes objetivos, focamos nossas atividades em quatro vertentes principais:[\/vc_column_text][vc_empty_space height=&#8221;10px&#8221;]<ul class=\"fontelo-list colored-icons\" style=\"float:left;\"><li><i class=\"icon-angle-right\"><\/i> <strong>Construir, debater e difundir<\/strong> uma reflex\u00e3o e proposi\u00e7\u00f5es de inova\u00e7\u00e3o;<\/li><li><i class=\"icon-angle-right\"><\/i> <strong>Apoiar e aconselhar<\/strong> os atores p\u00fablicos e privados do desenvolvimento e da coopera\u00e7\u00e3o internacional;<\/li><li><i class=\"icon-angle-right\"><\/i> <strong>Formar<\/strong> estes atores segundo suas necessidades e demandas;<\/li><li><i class=\"icon-angle-right\"><\/i> <strong>Sensibilizar <\/strong>os tomadores de decis\u00f5es, os atores e a opini\u00e3o p\u00fablica no que tange aos desafios do desenvolvimento, de cidadania e solidariedade.<\/li><\/ul>[\/vc_column][\/vc_row]<\/p>\n<\/div>","protected":false},"excerpt":{"rendered":"<p>[vc_row][vc_column][vc_column_text]O objetivo da nossa associa\u00e7\u00e3o \u00e9 contribuir para melhorar a defini\u00e7\u00e3o e a execu\u00e7\u00e3o das pol\u00edticas p\u00fablicas e privadas no \u00e2mbito da coopera\u00e7\u00e3o internacional. Mais especificamente, desejamos promover uma reflex\u00e3o conjunta entre pesquisadores acad\u00eamicos multidisciplinares e profissionais internacionais do desenvolvimento da coopera\u00e7\u00e3o na difus\u00e3o de melhores a\u00e7\u00f5es.[\/vc_column_text][vc_column_text]Para atingir estes objetivos, focamos nossas atividades em quatro vertentes principais:[\/vc_column_text][vc_empty_space height=&#8221;10px&#8221;][\/vc_column][\/vc_row]<\/p>\n","protected":false},"author":11317,"featured_media":0,"parent":122,"menu_order":0,"comment_status":"open","ping_status":"closed","template":"","meta":{"footnotes":""},"class_list":["post-242","page","type-page","status-publish","hentry"],"_links":{"self":[{"href":"https:\/\/www.prospectivecooperation.org\/pt-br\/wp-json\/wp\/v2\/pages\/242","targetHints":{"allow":["GET"]}}],"collection":[{"href":"https:\/\/www.prospectivecooperation.org\/pt-br\/wp-json\/wp\/v2\/pages"}],"about":[{"href":"https:\/\/www.prospectivecooperation.org\/pt-br\/wp-json\/wp\/v2\/types\/page"}],"author":[{"embeddable":true,"href":"https:\/\/www.prospectivecooperation.org\/pt-br\/wp-json\/wp\/v2\/users\/11317"}],"replies":[{"embeddable":true,"href":"https:\/\/www.prospectivecooperation.org\/pt-br\/wp-json\/wp\/v2\/comments?post=242"}],"version-history":[{"count":5,"href":"https:\/\/www.prospectivecooperation.org\/pt-br\/wp-json\/wp\/v2\/pages\/242\/revisions"}],"predecessor-version":[{"id":4991,"href":"https:\/\/www.prospectivecooperation.org\/pt-br\/wp-json\/wp\/v2\/pages\/242\/revisions\/4991"}],"up":[{"embeddable":true,"href":"https:\/\/www.prospectivecooperation.org\/pt-br\/wp-json\/wp\/v2\/pages\/122"}],"wp:attachment":[{"href":"https:\/\/www.prospectivecooperation.org\/pt-br\/wp-json\/wp\/v2\/media?parent=242"}],"curies":[{"name":"wp","href":"https:\/\/api.w.org\/{rel}","templated":true}]}}