{"id":147,"date":"2014-09-05T17:05:06","date_gmt":"2014-09-05T15:05:06","guid":{"rendered":"http:\/\/preprod.prospectivecooperation.org\/?page_id=147"},"modified":"2022-07-26T11:37:27","modified_gmt":"2022-07-26T09:37:27","slug":"objetivos-missoes-3","status":"publish","type":"page","link":"https:\/\/www.prospectivecooperation.org\/pt-br\/objetivos-missoes-3\/","title":{"rendered":"Laborat\u00f3rio de Id\u00e9ias"},"content":{"rendered":"<div class=\"wpb-content-wrapper\"><p>[vc_row][vc_column][vc_column_text]O objetivo do laborat\u00f3rio de ideias \u00e9 criar um quadro que permita a constru\u00e7\u00e3o, o debate e a difus\u00e3o de <strong>uma reflex\u00e3o e de proposi\u00e7\u00f5es de inova\u00e7\u00e3o<\/strong> sobre a defini\u00e7\u00e3o e a execu\u00e7\u00e3o de pol\u00edticas p\u00fablicas e privadas do desenvolvimento e da coopera\u00e7\u00e3o internacional.<\/p>\n<p>V\u00e1rias atividades s\u00e3o desenvolvidas para esse fim:[\/vc_column_text]<ul class=\"fontelo-list colored-icons list-icon-large\" style=\"float:left;\"><li><i class=\"icon-angle-circled-right\"><\/i> <strong>A coordena\u00e7\u00e3o e organiza\u00e7\u00e3o de um Laborat\u00f3rio de ideias associando pesquisadores acad\u00eamicos multidisciplinares e profissionais internacionais;<\/strong><\/li><li><i class=\"icon-angle-circled-right\"><\/i> <strong>A organiza\u00e7\u00e3o de Ateli\u00eas-Debates<\/strong>;<\/li><li><i class=\"icon-angle-circled-right\"><\/i> <strong>A publica\u00e7\u00e3o e difus\u00e3o das an\u00e1lises, reflex\u00f5es e propostas de inova\u00e7\u00e3o<\/strong>;<\/li><li><i class=\"icon-angle-circled-right\"><\/i> <strong>A organiza\u00e7\u00e3o de um Col\u00f3quio Internacional anual<\/strong>;<\/li><li><i class=\"icon-angle-circled-right\"><\/i> <strong>A realiza\u00e7\u00e3o de estudos e pesquisas em parceria com laborat\u00f3rios acad\u00eamicos<\/strong>;<strong>\u00a0<\/strong> <strong>\u00a0<\/strong> <strong>\u00a0<\/strong>\n<strong>\u00a0<\/strong>\n<strong>\u00a0<\/strong>\n<strong>\u00a0<\/strong><\/li><\/ul>[\/vc_column][\/vc_row]<\/p>\n<\/div>","protected":false},"excerpt":{"rendered":"<p>[vc_row][vc_column][vc_column_text]O objetivo do laborat\u00f3rio de ideias \u00e9 criar um quadro que permita a constru\u00e7\u00e3o, o debate e a difus\u00e3o de uma reflex\u00e3o e de proposi\u00e7\u00f5es de inova\u00e7\u00e3o sobre a defini\u00e7\u00e3o e a execu\u00e7\u00e3o de pol\u00edticas p\u00fablicas e privadas do desenvolvimento e da coopera\u00e7\u00e3o internacional. V\u00e1rias atividades s\u00e3o desenvolvidas para esse fim:[\/vc_column_text][\/vc_column][\/vc_row]<\/p>\n","protected":false},"author":11317,"featured_media":0,"parent":0,"menu_order":0,"comment_status":"open","ping_status":"open","template":"","meta":{"footnotes":""},"class_list":["post-147","page","type-page","status-publish","hentry"],"_links":{"self":[{"href":"https:\/\/www.prospectivecooperation.org\/pt-br\/wp-json\/wp\/v2\/pages\/147","targetHints":{"allow":["GET"]}}],"collection":[{"href":"https:\/\/www.prospectivecooperation.org\/pt-br\/wp-json\/wp\/v2\/pages"}],"about":[{"href":"https:\/\/www.prospectivecooperation.org\/pt-br\/wp-json\/wp\/v2\/types\/page"}],"author":[{"embeddable":true,"href":"https:\/\/www.prospectivecooperation.org\/pt-br\/wp-json\/wp\/v2\/users\/11317"}],"replies":[{"embeddable":true,"href":"https:\/\/www.prospectivecooperation.org\/pt-br\/wp-json\/wp\/v2\/comments?post=147"}],"version-history":[{"count":10,"href":"https:\/\/www.prospectivecooperation.org\/pt-br\/wp-json\/wp\/v2\/pages\/147\/revisions"}],"predecessor-version":[{"id":5010,"href":"https:\/\/www.prospectivecooperation.org\/pt-br\/wp-json\/wp\/v2\/pages\/147\/revisions\/5010"}],"wp:attachment":[{"href":"https:\/\/www.prospectivecooperation.org\/pt-br\/wp-json\/wp\/v2\/media?parent=147"}],"curies":[{"name":"wp","href":"https:\/\/api.w.org\/{rel}","templated":true}]}}