{"id":122,"date":"2014-09-05T16:53:38","date_gmt":"2014-09-05T14:53:38","guid":{"rendered":"http:\/\/preprod.prospectivecooperation.org\/?page_id=122"},"modified":"2022-07-26T11:06:49","modified_gmt":"2022-07-26T09:06:49","slug":"prospective-cooperation","status":"publish","type":"page","link":"https:\/\/www.prospectivecooperation.org\/pt-br\/prospective-cooperation\/","title":{"rendered":"Prospective &#038; cooperation"},"content":{"rendered":"<div class=\"wpb-content-wrapper\"><p>[vc_row][vc_column][vc_column_text]Associa\u00e7\u00e3o criada por profissionais e pesquisadores do desenvolvimento e da coopera\u00e7\u00e3o na Europa, na \u00c1frica, na \u00c1sia e nas Am\u00e9ricas, <strong><em>Prospective et Cooperation<\/em><\/strong> tem por objetivo a <strong>facilita\u00e7\u00e3o e a promo\u00e7\u00e3o de pol\u00edticas e pr\u00e1ticas inovadoras<\/strong>. Esta iniciativa visa responder \u00e0s pol\u00edticas de desenvolvimento em pleno processo de reconfigura\u00e7\u00e3o, em um mundo caraterizado pela multi-polariza\u00e7\u00e3o e pelo empoderamento dos operadores e expertos do Sul.<\/p>\n<p>Atrav\u00e9s de espa\u00e7os de encontros, de trocas, de reflex\u00e3o e de a\u00e7\u00f5es multi-atores, a associa\u00e7\u00e3o constr\u00f3i pontes entre:[\/vc_column_text][\/vc_column][\/vc_row][vc_row][vc_column]<ul class=\"fontelo-list colored-icons\" style=\"float:left;\"><li><i class=\"icon-angle-right\"><\/i> <strong>Pesquisadores acad\u00eamicos e profissionais<\/strong> do desenvolvimento e da coopera\u00e7\u00e3o;<\/li><li><i class=\"icon-angle-right\"><\/i> <strong>Pesquisadores de diferentes<\/strong> \u00e2mbitos;<\/li><li><i class=\"icon-angle-right\"><\/i> <strong>Profissionais de diferentes institui\u00e7\u00f5es <\/strong>que s\u00e3o envolvidas ao n\u00edvel local, nacional ou internacional;<\/li><li><i class=\"icon-angle-right\"><\/i> <strong>Pa\u00edses do Norte e do Sul <\/strong><strong>do mundo<\/strong>;<\/li><\/ul>[\/vc_column][\/vc_row][vc_row][vc_column][vc_column_text]Para isso, a Associa\u00e7\u00e3o oferece um quadro de interven\u00e7\u00e3o e se interessa das pol\u00edticas publicas para inventar e sugerir alternativas. Ela re\u00fane expertos para conduzir pesquisas, <strong>produzir estudos e atender \u00e0s necessidades de seus clientes e parceiros<\/strong> segundo as seguintes modalidades:[\/vc_column_text][vc_empty_space height=&#8221;20px&#8221;][\/vc_column][\/vc_row][vc_row][vc_column width=&#8221;1\/2&#8243;]<div class=\"row multi-columns-row colored-icons one-column-items\"><div class=\"feature-items col-xs-12  col-md-12\"><div class=\"kleo-block feature-item list-el-animated big-icons-size\"><span class=\"feature-icon el-appear icon-plus-squared\"><\/span><h3 class=\"feature-title\">Laborat\u00f3rio de ideias<\/h3><div class=\"feature-text\">troca de experi\u00eancias, confer\u00eancias-debates, semin\u00e1rios internacionais, estudos, pesquisas, publica\u00e7\u00f5es;<\/div><\/div><\/div><\/div><div class=\"row multi-columns-row colored-icons one-column-items\"><div class=\"feature-items col-xs-12  col-md-12\"><div class=\"kleo-block feature-item list-el-animated big-icons-size\"><span class=\"feature-icon el-appear icon-plus-squared\"><\/span><h3 class=\"feature-title\">Forma\u00e7\u00e3o<\/h3><div class=\"feature-text\">gest\u00e3o de projeto, participa\u00e7\u00e3o e mobiliza\u00e7\u00e3o, economia territorial e desenvolvimento local, economia social e solid\u00e1ria, a\u00e7\u00f5es culturais, interculturalidade e geopol\u00edtica;<\/div><\/div><\/div><\/div>[\/vc_column][vc_column width=&#8221;1\/2&#8243;]<div class=\"row multi-columns-row colored-icons one-column-items\"><div class=\"feature-items col-xs-12  col-md-12\"><div class=\"kleo-block feature-item list-el-animated big-icons-size\"><span class=\"feature-icon el-appear icon-plus-squared\"><\/span><h3 class=\"feature-title\">Consultoria<\/h3><div class=\"feature-text\">mobiliza\u00e7\u00e3o e diversifica\u00e7\u00e3o dos financiamentos, pesquisa de viabilidade, apoio metodol\u00f3gico, avalia\u00e7\u00e3o e capitaliza\u00e7\u00e3o;<\/div><\/div><\/div><\/div><div class=\"row multi-columns-row colored-icons one-column-items\"><div class=\"feature-items col-xs-12  col-md-12\"><div class=\"kleo-block feature-item list-el-animated big-icons-size\"><span class=\"feature-icon el-appear icon-plus-squared\"><\/span><h3 class=\"feature-title\">Cidadania<\/h3><div class=\"feature-text\">campanhas de informa\u00e7\u00e3o e de sensibiliza\u00e7\u00e3o.<\/div><\/div><\/div><\/div>[\/vc_column][\/vc_row][vc_row][vc_column][vc_column_text]Com o apoio de seus colaboradores, integrantes de institui\u00e7\u00f5es de refer\u00eancia em mat\u00e9ria de desenvolvimento e de coopera\u00e7\u00e3o em quatro continentes, <strong><em>Prospective et Coop\u00e9ration<\/em><\/strong> baseia-se na <strong>mobiliza\u00e7\u00e3o de uma rede multidisciplinar e pluralista formada por pa\u00edses do Norte e do Sul do mundo.<\/strong> Esta rede de intervenientes re\u00fane uma grande variedade de habilidades, compet\u00eancias e conhecimentos complementares, permitindo mobilizar as equipes <em>ad hoc<\/em> <strong>e responder com flexibilidade e criatividade \u00e0s necessidades dos atores do desenvolvimento e da coopera\u00e7\u00e3o internacional<\/strong> sob diferentes formatos.<\/p>\n<p>A associa\u00e7\u00e3o \u00e9 independente dos partidos pol\u00edticos e n\u00e3o tem fins lucrativos. Sua governan\u00e7a \u00e9 cooperativa.[\/vc_column_text][\/vc_column][\/vc_row]<\/p>\n<\/div>","protected":false},"excerpt":{"rendered":"<p>[vc_row][vc_column][vc_column_text]Associa\u00e7\u00e3o criada por profissionais e pesquisadores do desenvolvimento e da coopera\u00e7\u00e3o na Europa, na \u00c1frica, na \u00c1sia e nas Am\u00e9ricas, Prospective et Cooperation tem por objetivo a facilita\u00e7\u00e3o e a promo\u00e7\u00e3o de pol\u00edticas e pr\u00e1ticas inovadoras. Esta iniciativa visa responder \u00e0s pol\u00edticas de desenvolvimento em pleno processo de reconfigura\u00e7\u00e3o, em um mundo caraterizado pela multi-polariza\u00e7\u00e3o e pelo empoderamento dos operadores [&hellip;]<\/p>\n","protected":false},"author":11317,"featured_media":0,"parent":0,"menu_order":0,"comment_status":"open","ping_status":"closed","template":"","meta":{"footnotes":""},"class_list":["post-122","page","type-page","status-publish","hentry"],"_links":{"self":[{"href":"https:\/\/www.prospectivecooperation.org\/pt-br\/wp-json\/wp\/v2\/pages\/122","targetHints":{"allow":["GET"]}}],"collection":[{"href":"https:\/\/www.prospectivecooperation.org\/pt-br\/wp-json\/wp\/v2\/pages"}],"about":[{"href":"https:\/\/www.prospectivecooperation.org\/pt-br\/wp-json\/wp\/v2\/types\/page"}],"author":[{"embeddable":true,"href":"https:\/\/www.prospectivecooperation.org\/pt-br\/wp-json\/wp\/v2\/users\/11317"}],"replies":[{"embeddable":true,"href":"https:\/\/www.prospectivecooperation.org\/pt-br\/wp-json\/wp\/v2\/comments?post=122"}],"version-history":[{"count":11,"href":"https:\/\/www.prospectivecooperation.org\/pt-br\/wp-json\/wp\/v2\/pages\/122\/revisions"}],"predecessor-version":[{"id":4989,"href":"https:\/\/www.prospectivecooperation.org\/pt-br\/wp-json\/wp\/v2\/pages\/122\/revisions\/4989"}],"wp:attachment":[{"href":"https:\/\/www.prospectivecooperation.org\/pt-br\/wp-json\/wp\/v2\/media?parent=122"}],"curies":[{"name":"wp","href":"https:\/\/api.w.org\/{rel}","templated":true}]}}