{"id":788,"date":"2014-09-28T18:10:37","date_gmt":"2014-09-28T16:10:37","guid":{"rendered":"http:\/\/preprod.prospectivecooperation.org\/?page_id=788"},"modified":"2024-05-21T15:29:49","modified_gmt":"2024-05-21T13:29:49","slug":"ciudadania","status":"publish","type":"page","link":"https:\/\/www.prospectivecooperation.org\/es\/ciudadania\/","title":{"rendered":"Ciudadan\u00eda"},"content":{"rendered":"<div class=\"wpb-content-wrapper\"><p>[vc_row][vc_column width=\u00bb1\/1&#8243;][vc_column_text css_animation=\u00bbright-to-left\u00bb]Prospective et Coop\u00e9ration sensibiliza los decisores, los actores de la cooperaci\u00f3n internacional y el gran p\u00fablico a los desaf\u00edos de desarrollo a trav\u00e9s de:[\/vc_column_text]<ul class=\"fontelo-list colored-icons\" style=\"float:left;\"><li><i class=\"icon-angle-circled-right\"><\/i> Acciones espec\u00edficas <strong>colectivas<\/strong> iniciados por la asociaci\u00f3n<\/li><li><i class=\"icon-angle-circled-right\"><\/i> Contribuciones a acciones llevados por nuestros asociados<\/li><li><i class=\"icon-angle-circled-right\"><\/i> Una reflexi\u00f3n espec\u00edfica y original gracias a las actividades complementarias de la asociaci\u00f3n (Laboratorio de Ideas, Apoyo-asesoramiento y Formaci\u00f3n) y a sus miembros, profesionales del desarrollo e investigadores sobre el desarrollo<\/li><\/ul>[\/vc_column][\/vc_row]<\/p>\n<\/div>","protected":false},"excerpt":{"rendered":"<p>[vc_row][vc_column width=\u00bb1\/1&#8243;][vc_column_text css_animation=\u00bbright-to-left\u00bb]Prospective et Coop\u00e9ration sensibiliza los decisores, los actores de la cooperaci\u00f3n internacional y el gran p\u00fablico a los desaf\u00edos de desarrollo a trav\u00e9s de:[\/vc_column_text][\/vc_column][\/vc_row]<\/p>\n","protected":false},"author":11317,"featured_media":0,"parent":0,"menu_order":0,"comment_status":"open","ping_status":"open","template":"","meta":{"footnotes":""},"class_list":["post-788","page","type-page","status-publish","hentry"],"_links":{"self":[{"href":"https:\/\/www.prospectivecooperation.org\/es\/wp-json\/wp\/v2\/pages\/788","targetHints":{"allow":["GET"]}}],"collection":[{"href":"https:\/\/www.prospectivecooperation.org\/es\/wp-json\/wp\/v2\/pages"}],"about":[{"href":"https:\/\/www.prospectivecooperation.org\/es\/wp-json\/wp\/v2\/types\/page"}],"author":[{"embeddable":true,"href":"https:\/\/www.prospectivecooperation.org\/es\/wp-json\/wp\/v2\/users\/11317"}],"replies":[{"embeddable":true,"href":"https:\/\/www.prospectivecooperation.org\/es\/wp-json\/wp\/v2\/comments?post=788"}],"version-history":[{"count":5,"href":"https:\/\/www.prospectivecooperation.org\/es\/wp-json\/wp\/v2\/pages\/788\/revisions"}],"predecessor-version":[{"id":3991,"href":"https:\/\/www.prospectivecooperation.org\/es\/wp-json\/wp\/v2\/pages\/788\/revisions\/3991"}],"wp:attachment":[{"href":"https:\/\/www.prospectivecooperation.org\/es\/wp-json\/wp\/v2\/media?parent=788"}],"curies":[{"name":"wp","href":"https:\/\/api.w.org\/{rel}","templated":true}]}}