{"id":713,"date":"2014-09-28T17:46:12","date_gmt":"2014-09-28T15:46:12","guid":{"rendered":"http:\/\/preprod.prospectivecooperation.org\/?page_id=713"},"modified":"2015-02-20T15:56:02","modified_gmt":"2015-02-20T14:56:02","slug":"apoyo-asesoramiento","status":"publish","type":"page","link":"https:\/\/www.prospectivecooperation.org\/es\/apoyo-asesoramiento\/","title":{"rendered":"Apoyo-asesoramiento"},"content":{"rendered":"<div class=\"wpb-content-wrapper\"><p>[vc_row][vc_column width=\u00bb1\/1&#8243;][vc_column_text css_animation=\u00bbright-to-left\u00bb]Prospective &amp; Cooperation, a trav\u00e9s de su red de expertos, moviliza <strong>competencias variadas y complementarias<\/strong> para que los Actores p\u00fablicos y privados de la cooperaci\u00f3n internacional sean apoyados y aconsejados en la definici\u00f3n y en la puesta en marcha de sus pol\u00edticas, y eso a trav\u00e9s de diversas gestiones:[\/vc_column_text]<ul class=\"fontelo-list colored-icons\" style=\"float:left;\"><li><i class=\"icon-angle-circled-right\"><\/i> <strong>La evaluaci\u00f3n de acci\u00f3n <\/strong><\/li><li><i class=\"icon-angle-circled-right\"><\/i> <strong>La Capitalizaci\u00f3n<\/strong><\/li><li><i class=\"icon-angle-circled-right\"><\/i> <strong>Los estudios de factibilidad y la movilizaci\u00f3n de financiaciones <\/strong>\n<strong>\u00a0<\/strong><\/li><\/ul>[\/vc_column][\/vc_row]<\/p>\n<\/div>","protected":false},"excerpt":{"rendered":"<p>[vc_row][vc_column width=\u00bb1\/1&#8243;][vc_column_text css_animation=\u00bbright-to-left\u00bb]Prospective &amp; Cooperation, a trav\u00e9s de su red de expertos, moviliza competencias variadas y complementarias para que los Actores p\u00fablicos y privados de la cooperaci\u00f3n internacional sean apoyados y aconsejados en la definici\u00f3n y en la puesta en marcha de sus pol\u00edticas, y eso a trav\u00e9s de diversas gestiones:[\/vc_column_text][\/vc_column][\/vc_row]<\/p>\n","protected":false},"author":11317,"featured_media":0,"parent":0,"menu_order":0,"comment_status":"open","ping_status":"open","template":"","meta":{"footnotes":""},"class_list":["post-713","page","type-page","status-publish","hentry"],"_links":{"self":[{"href":"https:\/\/www.prospectivecooperation.org\/es\/wp-json\/wp\/v2\/pages\/713","targetHints":{"allow":["GET"]}}],"collection":[{"href":"https:\/\/www.prospectivecooperation.org\/es\/wp-json\/wp\/v2\/pages"}],"about":[{"href":"https:\/\/www.prospectivecooperation.org\/es\/wp-json\/wp\/v2\/types\/page"}],"author":[{"embeddable":true,"href":"https:\/\/www.prospectivecooperation.org\/es\/wp-json\/wp\/v2\/users\/11317"}],"replies":[{"embeddable":true,"href":"https:\/\/www.prospectivecooperation.org\/es\/wp-json\/wp\/v2\/comments?post=713"}],"version-history":[{"count":5,"href":"https:\/\/www.prospectivecooperation.org\/es\/wp-json\/wp\/v2\/pages\/713\/revisions"}],"predecessor-version":[{"id":1497,"href":"https:\/\/www.prospectivecooperation.org\/es\/wp-json\/wp\/v2\/pages\/713\/revisions\/1497"}],"wp:attachment":[{"href":"https:\/\/www.prospectivecooperation.org\/es\/wp-json\/wp\/v2\/media?parent=713"}],"curies":[{"name":"wp","href":"https:\/\/api.w.org\/{rel}","templated":true}]}}