{"id":6118,"date":"2024-04-19T16:47:24","date_gmt":"2024-04-19T14:47:24","guid":{"rendered":"https:\/\/www.prospectivecooperation.org\/objetivos-misiones-4\/comite-cientifico-historico\/"},"modified":"2024-04-19T16:47:25","modified_gmt":"2024-04-19T14:47:25","slug":"comite-cientifico-historico","status":"publish","type":"page","link":"https:\/\/www.prospectivecooperation.org\/es\/objetivos-misiones-4\/comite-cientifico-historico\/","title":{"rendered":"Comit\u00e9 cient\u00edfico (hist\u00f3rico)"},"content":{"rendered":"<div class=\"wpb-content-wrapper\"><h5>Estos son los antiguos miembros del comit\u00e9 cient\u00edfico de prospectiva y cooperaci\u00f3n, a los que queremos agradecer calurosamente su contribuci\u00f3n.<\/h5>\n<p>[vc_row][vc_column][vc_toggle title=\u00bbAlain Leplaideur\u00bb open=\u00bbtrue\u00bb icon=\u00bbangle-up\u00bb icon_closed=\u00bbangle-down\u00bb icon_position=\u00bbto-right\u00bb]<a href=\"http:\/\/www.prospectivecooperation.org\/wp-content\/uploads\/2014\/09\/alain_leplaideur.png\"><img loading=\"lazy\" decoding=\"async\" class=\"alignleft size-full wp-image-1291\" src=\"http:\/\/www.prospectivecooperation.org\/wp-content\/uploads\/2014\/09\/alain_leplaideur.png\" alt=\"alain leplaideur\" width=\"160\" height=\"211\" srcset=\"https:\/\/www.prospectivecooperation.org\/wp-content\/uploads\/2014\/09\/alain_leplaideur.png 160w, https:\/\/www.prospectivecooperation.org\/wp-content\/uploads\/2014\/09\/alain_leplaideur-480x633.png 480w\" sizes=\"auto, (max-width: 160px) 100vw, 160px\" \/><\/a><\/p>\n<p>ALAIN LEPLAIDEUR, Ingeniero Agr\u00f3nomo y Doctor en Econom\u00eda Rural, Alain Leplaideur disfruta de una jubilaci\u00f3n activa: <strong>antiguo miembro del Comit\u00e9 Cient\u00edfico de Acci\u00f3n contra el Hambre<\/strong> y <strong>Presidente de la asociaci\u00f3n CARI<\/strong>, que trabaja en oasis y regiones \u00e1ridas.<\/p>\n<p>Tras una carrera como <strong>investigador senior en el CIRAD<\/strong>, trabajando en sistemas agrarios y cadenas comerciales de productos locales, se incorpor\u00f3 al <strong>Ministerio franc\u00e9s de Asuntos Exteriores<\/strong> para hacerse cargo de la investigaci\u00f3n sobre biodiversidad, medio ambiente y desarrollo sostenible en todas las zonas tropicales donde el MAE tiene proyectos.<\/p>\n<p>Despu\u00e9s, como <strong>director de investigaci\u00f3n del IRD<\/strong>, se hizo cargo de uno de sus cinco departamentos, el Departamento de Apoyo y Formaci\u00f3n de Cient\u00edficos del Sur, donde utiliz\u00f3 t\u00e9cnicas de gesti\u00f3n de la investigaci\u00f3n \u00a0para <strong>la<\/strong> <strong>promoci\u00f3n de equipos de investigadores africanos, latinoamericanos y asi\u00e1ticos<\/strong>.[\/vc_toggle]<\/p>\n<p>[vc_toggle title=\u00bbAnne Le Na\u00eblou\u00bb open=\u00bbtrue\u00bb icon=\u00bbangle-up\u00bb icon_closed=\u00bbangle-down\u00bb icon_position=\u00bbto-right\u00bb]<img loading=\"lazy\" decoding=\"async\" class=\"alignleft size-full wp-image-1303\" src=\"http:\/\/www.prospectivecooperation.org\/wp-content\/uploads\/2014\/09\/a_lenaelou.jpg\" alt=\"A Le Naelou\" width=\"160\" height=\"207\" \/><\/p>\n<p>ANNE LE NA\u00cbLOU, <strong>profesora titular de Sociolog\u00eda<\/strong>, es <strong>directora del IEDES de la Universidad de Par\u00eds I Sorbona<\/strong> desde 2010 y <strong>codirectora de la secci\u00f3n \u00abReconfiguraciones de la pol\u00edtica\u00bb<\/strong> de la UMR 201 D\u00e9veloppement et Soci\u00e9t\u00e9s.<\/p>\n<p>Es <strong>fundadora y encargada del m\u00e1ster profesional \u00abCrisis: respuesta de emergencia y acci\u00f3n de desarrollo\u00bb<\/strong> desde 2000. Sus investigaciones se basan en el <strong>an\u00e1lisis de los cambios en el mercado de la ayuda y la solidaridad internacionales<\/strong> y se centran en las <strong>pr\u00e1cticas profesionales, la profesionalizaci\u00f3n y los conocimientos especializados<\/strong>.[\/vc_toggle]<\/p>\n<p>&nbsp;<\/p>\n<\/div>","protected":false},"excerpt":{"rendered":"<p>Estos son los antiguos miembros del comit\u00e9 cient\u00edfico de prospectiva y cooperaci\u00f3n, a los que queremos agradecer calurosamente su contribuci\u00f3n. [vc_row][vc_column][vc_toggle title=\u00bbAlain Leplaideur\u00bb open=\u00bbtrue\u00bb icon=\u00bbangle-up\u00bb icon_closed=\u00bbangle-down\u00bb icon_position=\u00bbto-right\u00bb] ALAIN LEPLAIDEUR, Ingeniero Agr\u00f3nomo y Doctor en Econom\u00eda Rural, Alain Leplaideur disfruta de una jubilaci\u00f3n activa: antiguo miembro del Comit\u00e9 Cient\u00edfico de Acci\u00f3n contra el Hambre y Presidente de la asociaci\u00f3n CARI, que [&hellip;]<\/p>\n","protected":false},"author":5,"featured_media":0,"parent":145,"menu_order":0,"comment_status":"closed","ping_status":"closed","template":"","meta":{"footnotes":""},"class_list":["post-6118","page","type-page","status-publish","hentry"],"_links":{"self":[{"href":"https:\/\/www.prospectivecooperation.org\/es\/wp-json\/wp\/v2\/pages\/6118","targetHints":{"allow":["GET"]}}],"collection":[{"href":"https:\/\/www.prospectivecooperation.org\/es\/wp-json\/wp\/v2\/pages"}],"about":[{"href":"https:\/\/www.prospectivecooperation.org\/es\/wp-json\/wp\/v2\/types\/page"}],"author":[{"embeddable":true,"href":"https:\/\/www.prospectivecooperation.org\/es\/wp-json\/wp\/v2\/users\/5"}],"replies":[{"embeddable":true,"href":"https:\/\/www.prospectivecooperation.org\/es\/wp-json\/wp\/v2\/comments?post=6118"}],"version-history":[{"count":2,"href":"https:\/\/www.prospectivecooperation.org\/es\/wp-json\/wp\/v2\/pages\/6118\/revisions"}],"predecessor-version":[{"id":6120,"href":"https:\/\/www.prospectivecooperation.org\/es\/wp-json\/wp\/v2\/pages\/6118\/revisions\/6120"}],"up":[{"embeddable":true,"href":"https:\/\/www.prospectivecooperation.org\/es\/wp-json\/wp\/v2\/pages\/145"}],"wp:attachment":[{"href":"https:\/\/www.prospectivecooperation.org\/es\/wp-json\/wp\/v2\/media?parent=6118"}],"curies":[{"name":"wp","href":"https:\/\/api.w.org\/{rel}","templated":true}]}}