{"id":6042,"date":"2024-04-10T10:50:33","date_gmt":"2024-04-10T08:50:33","guid":{"rendered":"https:\/\/www.prospectivecooperation.org\/formacion-inicial\/"},"modified":"2024-04-10T10:52:38","modified_gmt":"2024-04-10T08:52:38","slug":"formacion-inicial","status":"publish","type":"page","link":"https:\/\/www.prospectivecooperation.org\/es\/formacion-inicial\/","title":{"rendered":"Formaci\u00f3n inicial"},"content":{"rendered":"<div class=\"wpb-content-wrapper\"><p>[vc_row padding_bottom=\u00bb0&#8243;][vc_column]<div class=\"row multi-columns-row colored-icons one-column-items\"><div class=\"feature-items col-xs-12  col-md-12\"><div class=\"kleo-block feature-item list-el-animated default-icons-size\"><span class=\"feature-icon el-appear icon-bookmark\"><\/span><h3 class=\"feature-title\"><\/h3><div class=\"feature-text\"><\/p>\n<h5><strong>Master nacionales<\/strong><\/h5>\n<ul>\n<li>Coaching Tiger Master: formaci\u00f3n de estudiantes de Master 2 (<strong>AMU<\/strong>) para desarrollar un proyecto profesional (2023-2024)<\/li>\n<li>Universit\u00e9 <strong>Paris I Panth\u00e9on Sorbonne<\/strong>, Institut d&#8217;\u00c9tudes du D\u00e9veloppement \u00c9conomique et Social-IEDES, Facultad de Sociolog\u00eda (2007-2016)<\/li>\n<li>Universidad de Aix-Marsella (<strong>AMU<\/strong>), Instituto de Estudios Humanitarios Internacionales-<strong>IEHI<\/strong>, Facultad de Derecho y Ciencias Pol\u00edticas, Facultad de Medicina, Facultad de Letras (2009-2024)<\/li>\n<li>Instituto de Estudios Pol\u00edticos (<strong>IEP<\/strong>) d&#8217;<strong>Aix-en-Provence<\/strong>, MASTER \u00abPol\u00edticas europeas y acci\u00f3n p\u00fablica transnacional\u00bb, formaci\u00f3n sobre el tema de las pol\u00edticas territoriales de la Uni\u00f3n Europea (2019-2024)<\/li>\n<li>Instituto de Gesti\u00f3n P\u00fablica y Gobernanza Territorial (<strong>IMPGT<\/strong>) (2012-2022)<\/li>\n<li>Instituto de Estudios Pol\u00edticos\u00a0(<strong>IEP<\/strong>)\u00a0de <strong>Grenoble<\/strong> (2014-2024)<\/li>\n<li>Universit\u00e9 <strong>Toulouse Jean Jaur\u00e8s<\/strong>, Institut Pluridisciplinaire pour les \u00c9tudes sur les Am\u00e9riques \u00e0 Toulouse (<strong>IPEAT<\/strong>), MASTER en Civilizaciones, Culturas y Sociedades, curso IPAL: Ingenier\u00eda de Proyectos con Am\u00e9rica Latina (2023-2024)<\/li>\n<li>Universidad <strong>Paul Valery Montpellier III<\/strong> (2015-2016)<\/li>\n<li><strong>Universidad Americana<\/strong> &#8211; Centro de Provenza, programa de estudios en el extranjero (2013-2014)<\/li>\n<\/ul>\n<p><\/div><\/div><\/div><\/div>[\/vc_column][\/vc_row][vc_row padding_top=\u00bb0&#8243; padding_bottom=\u00bb0&#8243;][vc_column][vc_gallery type=\u00bbgrid\u00bb images=\u00bb3188,3184,3192,3428,3180,3424,3420,3176&#8243; onclick=\u00bbcustom_link\u00bb custom_links_target=\u00bb_blank\u00bb gap=\u00bbsmall\u00bb custom_links=\u00bb#E-8_aHR0cCUzQSUyRiUyRnd3dy5zY2llbmNlc3BvLWdyZW5vYmxlLmZyJTJGJTJDaHR0cHMlM0ElMkYlMkZpbXBndC51bml2LWFtdS5mciUyRiUyQ2h0dHBzJTNBJTJGJTJGd3d3LnBhbnRoZW9uc29yYm9ubmUuZnIlMkZ1ZnIlMkZpZWRlcyUyRiUyQ2h0dHBzJTNBJTJGJTJGd3d3LnVuaXYtYW11LmZyJTJGJTJDaHR0cHMlM0ElMkYlMkZmYWNkZWRyb2l0LnVuaXYtYW11LmZyJTJGaWVoaSUyQ2h0dHBzJTNBJTJGJTJGbWVkZWNpbmUudW5pdi1hbXUuZnIlMkYlMkNodHRwcyUzQSUyRiUyRmFsbHNoLnVuaXYtYW11LmZyJTJGZmFjdWx0JTI1QzMlMjVBOS1kZXMtYXJ0cy1sZXR0cmVzLWxhbmd1ZXMtZXQtc2NpZW5jZXMtaHVtYWluZXMlMkNodHRwcyUzQSUyRiUyRnd3dy51bml2LW1vbnRwMy5mciUyRg==\u00bb][\/vc_column][\/vc_row][vc_row][vc_column]<div class=\"row multi-columns-row colored-icons one-column-items\"><div class=\"feature-items col-xs-12  col-md-12\"><div class=\"kleo-block feature-item list-el-animated default-icons-size\"><span class=\"feature-icon el-appear icon-bookmark\"><\/span><h3 class=\"feature-title\"><\/h3><div class=\"feature-text\"><\/p>\n<h5>Masters internacionales<\/h5>\n<ul>\n<li>Evaluaci\u00f3n y an\u00e1lisis de las propuestas de <strong>Masteres internacionales 2016-2021<\/strong> de universidades socias (Ben\u00edn, Bolivia, Burkina Faso, Burundi, Camboya, Camer\u00fan, Ecuador, Etiop\u00eda, Hait\u00ed, Madagascar, Marruecos, N\u00edger, Per\u00fa, Filipinas, RDC, Ruanda, Senegal y Vietnam), de universidades franc\u00f3fonas de <strong>B\u00e9lgica<\/strong> (Bruselas, Lieja, Namur, Mons, Lovaina, Gembloux), del programa Formaci\u00f3n, Investigaci\u00f3n y Sensibilizaci\u00f3n para el Desarrollo (FRSD) de la Acad\u00e9mie de Recherche et d&#8217;Enseignement Sup\u00e9rieur-ARES, Commission de la Coop\u00e9ration au D\u00e9veloppement-CCD<\/li>\n<li>Evaluaci\u00f3n y an\u00e1lisis de las propuestas de <strong>Formaci\u00f3n Internacional<\/strong> y <strong>M\u00e1ster Internacional<\/strong> <strong>2021-2026<\/strong> de las universidades franc\u00f3fonas de <strong>B\u00e9lgica<\/strong> (Universit\u00e9 de Li\u00e8ge, Ecole Sup\u00e9rieure d&#8217;Architecture de Bruxelles), programa Formaci\u00f3n, Investigaci\u00f3n y Sensibilizaci\u00f3n para el Desarrollo (FRSD) de la Acad\u00e9mie de Recherche et d&#8217;Enseignement Sup\u00e9rieur-ARES, Commission de la Coop\u00e9ration au D\u00e9veloppement-CCD<\/li>\n<\/ul>\n<p><\/div><\/div><\/div><\/div>[\/vc_column][\/vc_row][vc_row padding_top=\u00bb0&#8243; padding_bottom=\u00bb0&#8243;][vc_column][vc_gallery type=\u00bbgrid\u00bb images=\u00bb3246,3229,3250,3221,3241,3237&#8243; onclick=\u00bbcustom_link\u00bb custom_links_target=\u00bb_blank\u00bb gap=\u00bbsmall\u00bb custom_links=\u00bb#E-8_aHR0cHMlM0ElMkYlMkZ3d3cudWxiLmJlJTJGJTJDaHR0cHMlM0ElMkYlMkZ3d3cudWxpZWdlLmJlJTJGY21zJTJGY184Njk5NDM2JTJGZnIlMkZwb3J0YWlsLXVsaWVnZSUyQ2h0dHBzJTNBJTJGJTJGd3d3LnVuYW11ci5iZSUyRiUyQ2h0dHBzJTNBJTJGJTJGd2ViLnVtb25zLmFjLmJlJTJGZnIlMkYlMkNodHRwcyUzQSUyRiUyRnVjbG91dmFpbi5iZSUyRmZyJTJGaW5kZXguaHRtbCUyQ2h0dHBzJTNBJTJGJTJGd3d3LmdlbWJsb3V4LnVsaWVnZS5iZSUyRmNtcyUyRmNfNDAzOTgyNyUyRmZyJTJGcG9ydGFpbC1nZW1ibG91eC1hZ3JvLWJpby10ZWNo\u00bb][\/vc_column][\/vc_row][vc_row][vc_column]<div class=\"row multi-columns-row colored-icons one-column-items\"><div class=\"feature-items col-xs-12  col-md-12\"><div class=\"kleo-block feature-item list-el-animated default-icons-size\"><span class=\"feature-icon el-appear icon-bookmark\"><\/span><h3 class=\"feature-title\"><\/h3><div class=\"feature-text\"><\/p>\n<h5>Becas de investigaci\u00f3n postdoctoral<\/h5>\n<ul>\n<li>Evaluaci\u00f3n y an\u00e1lisis de propuestas de becas de investigaci\u00f3n posdoctoral de universidades socias (Ben\u00edn, Bolivia, Burkina Faso, Burundi, Camboya, Camer\u00fan, Ecuador, Etiop\u00eda, Hait\u00ed, Madagascar, Marruecos, N\u00edger, Per\u00fa, Filipinas, RDC, Ruanda, Senegal y Vietnam) de universidades franc\u00f3fonas de B\u00e9lgica (Bruselas, Lieja, Namur, Mons, Lovaina, Gembloux), Bourses ELAN 2017-2018, <strong>Acad\u00e9mie de Recherche et d&#8217;Enseignement Sup\u00e9rieur-ARES, Commission de la Coop\u00e9ration au D\u00e9veloppement-CCD.<\/strong><\/li>\n<\/ul>\n<p><\/div><\/div><\/div><\/div>[\/vc_column][\/vc_row][vc_row padding_top=\u00bb0&#8243; padding_bottom=\u00bb0&#8243;][vc_column][vc_gallery type=\u00bbgrid\u00bb images=\u00bb3246,3229,3250,3221,3241,3237,3561&#8243; onclick=\u00bbcustom_link\u00bb custom_links_target=\u00bb_blank\u00bb gap=\u00bbsmall\u00bb custom_links=\u00bb#E-8_aHR0cHMlM0ElMkYlMkZ3d3cudWxiLmJlJTJGJTJDaHR0cHMlM0ElMkYlMkZ3d3cudWxpZWdlLmJlJTJGY21zJTJGY184Njk5NDM2JTJGZnIlMkZwb3J0YWlsLXVsaWVnZSUyQ2h0dHBzJTNBJTJGJTJGd3d3LnVuYW11ci5iZSUyRiUyQ2h0dHBzJTNBJTJGJTJGd2ViLnVtb25zLmFjLmJlJTJGZnIlMkYlMkNodHRwcyUzQSUyRiUyRnVjbG91dmFpbi5iZSUyRmZyJTJGaW5kZXguaHRtbCUyQ2h0dHBzJTNBJTJGJTJGd3d3LmdlbWJsb3V4LnVsaWVnZS5iZSUyRmNtcyUyRmNfNDAzOTgyNyUyRmZyJTJGcG9ydGFpbC1nZW1ibG91eC1hZ3JvLWJpby10ZWNoJTJDaHR0cHMlM0ElMkYlMkZ3d3cuYXJlcy1hYy5iZSUyRmZyJTJG\u00bb][\/vc_column][\/vc_row][vc_row][vc_column]<div class=\"row multi-columns-row colored-icons one-column-items\"><div class=\"feature-items col-xs-12  col-md-12\"><div class=\"kleo-block feature-item list-el-animated default-icons-size\"><span class=\"feature-icon el-appear icon-bookmark\"><\/span><h3 class=\"feature-title\"><\/h3><div class=\"feature-text\"><\/p>\n<h5>Jurado para la defensa de tesinas<\/h5>\n<ul>\n<li>Jurado para el examen de tesinas de fin de carrera de ingenieros agr\u00f3nomos en el marco de las Misiones de J\u00f3venes Expertos, ISTOM- Ecole Sup\u00e9rieure d&#8217;agro-d\u00e9veloppement international<\/li>\n<\/ul>\n<p><\/div><\/div><\/div><\/div>[vc_gallery type=\u00bbgrid\u00bb images=\u00bb3202&#8243; onclick=\u00bbcustom_link\u00bb custom_links_target=\u00bb_blank\u00bb custom_links=\u00bb#E-8_aHR0cCUzQSUyRiUyRnd3dy5pc3RvbS5mciUyRjEuY2ZtJTNGcCUzRDU4MS1pc3RvbS1lY29sZS1pbmdlbmlldXItY2VyZ3ktYW5nZXJzLWFncmljdWx0dXJlLWFncm9ub21pZS1kZXZlbG9wcGVtZW50LWVudmlyb25uZW1lbnQtaHVtYW5pdGFpcmUtZHVyYWJsZS1zY2llbmNlcw==\u00bb][\/vc_column][\/vc_row]<\/p>\n<\/div>","protected":false},"excerpt":{"rendered":"<p>[vc_row padding_bottom=\u00bb0&#8243;][vc_column][\/vc_column][\/vc_row][vc_row padding_top=\u00bb0&#8243; padding_bottom=\u00bb0&#8243;][vc_column][vc_gallery type=\u00bbgrid\u00bb images=\u00bb3188,3184,3192,3428,3180,3424,3420,3176&#8243; onclick=\u00bbcustom_link\u00bb custom_links_target=\u00bb_blank\u00bb gap=\u00bbsmall\u00bb custom_links=\u00bb#E-8_aHR0cCUzQSUyRiUyRnd3dy5zY2llbmNlc3BvLWdyZW5vYmxlLmZyJTJGJTJDaHR0cHMlM0ElMkYlMkZpbXBndC51bml2LWFtdS5mciUyRiUyQ2h0dHBzJTNBJTJGJTJGd3d3LnBhbnRoZW9uc29yYm9ubmUuZnIlMkZ1ZnIlMkZpZWRlcyUyRiUyQ2h0dHBzJTNBJTJGJTJGd3d3LnVuaXYtYW11LmZyJTJGJTJDaHR0cHMlM0ElMkYlMkZmYWNkZWRyb2l0LnVuaXYtYW11LmZyJTJGaWVoaSUyQ2h0dHBzJTNBJTJGJTJGbWVkZWNpbmUudW5pdi1hbXUuZnIlMkYlMkNodHRwcyUzQSUyRiUyRmFsbHNoLnVuaXYtYW11LmZyJTJGZmFjdWx0JTI1QzMlMjVBOS1kZXMtYXJ0cy1sZXR0cmVzLWxhbmd1ZXMtZXQtc2NpZW5jZXMtaHVtYWluZXMlMkNodHRwcyUzQSUyRiUyRnd3dy51bml2LW1vbnRwMy5mciUyRg==\u00bb][\/vc_column][\/vc_row][vc_row][vc_column][\/vc_column][\/vc_row][vc_row padding_top=\u00bb0&#8243; padding_bottom=\u00bb0&#8243;][vc_column][vc_gallery type=\u00bbgrid\u00bb images=\u00bb3246,3229,3250,3221,3241,3237&#8243; onclick=\u00bbcustom_link\u00bb custom_links_target=\u00bb_blank\u00bb gap=\u00bbsmall\u00bb custom_links=\u00bb#E-8_aHR0cHMlM0ElMkYlMkZ3d3cudWxiLmJlJTJGJTJDaHR0cHMlM0ElMkYlMkZ3d3cudWxpZWdlLmJlJTJGY21zJTJGY184Njk5NDM2JTJGZnIlMkZwb3J0YWlsLXVsaWVnZSUyQ2h0dHBzJTNBJTJGJTJGd3d3LnVuYW11ci5iZSUyRiUyQ2h0dHBzJTNBJTJGJTJGd2ViLnVtb25zLmFjLmJlJTJGZnIlMkYlMkNodHRwcyUzQSUyRiUyRnVjbG91dmFpbi5iZSUyRmZyJTJGaW5kZXguaHRtbCUyQ2h0dHBzJTNBJTJGJTJGd3d3LmdlbWJsb3V4LnVsaWVnZS5iZSUyRmNtcyUyRmNfNDAzOTgyNyUyRmZyJTJGcG9ydGFpbC1nZW1ibG91eC1hZ3JvLWJpby10ZWNo\u00bb][\/vc_column][\/vc_row][vc_row][vc_column][\/vc_column][\/vc_row][vc_row padding_top=\u00bb0&#8243; padding_bottom=\u00bb0&#8243;][vc_column][vc_gallery type=\u00bbgrid\u00bb images=\u00bb3246,3229,3250,3221,3241,3237,3561&#8243; onclick=\u00bbcustom_link\u00bb custom_links_target=\u00bb_blank\u00bb gap=\u00bbsmall\u00bb custom_links=\u00bb#E-8_aHR0cHMlM0ElMkYlMkZ3d3cudWxiLmJlJTJGJTJDaHR0cHMlM0ElMkYlMkZ3d3cudWxpZWdlLmJlJTJGY21zJTJGY184Njk5NDM2JTJGZnIlMkZwb3J0YWlsLXVsaWVnZSUyQ2h0dHBzJTNBJTJGJTJGd3d3LnVuYW11ci5iZSUyRiUyQ2h0dHBzJTNBJTJGJTJGd2ViLnVtb25zLmFjLmJlJTJGZnIlMkYlMkNodHRwcyUzQSUyRiUyRnVjbG91dmFpbi5iZSUyRmZyJTJGaW5kZXguaHRtbCUyQ2h0dHBzJTNBJTJGJTJGd3d3LmdlbWJsb3V4LnVsaWVnZS5iZSUyRmNtcyUyRmNfNDAzOTgyNyUyRmZyJTJGcG9ydGFpbC1nZW1ibG91eC1hZ3JvLWJpby10ZWNoJTJDaHR0cHMlM0ElMkYlMkZ3d3cuYXJlcy1hYy5iZSUyRmZyJTJG\u00bb][\/vc_column][\/vc_row][vc_row][vc_column][vc_gallery type=\u00bbgrid\u00bb images=\u00bb3202&#8243; onclick=\u00bbcustom_link\u00bb custom_links_target=\u00bb_blank\u00bb custom_links=\u00bb#E-8_aHR0cCUzQSUyRiUyRnd3dy5pc3RvbS5mciUyRjEuY2ZtJTNGcCUzRDU4MS1pc3RvbS1lY29sZS1pbmdlbmlldXItY2VyZ3ktYW5nZXJzLWFncmljdWx0dXJlLWFncm9ub21pZS1kZXZlbG9wcGVtZW50LWVudmlyb25uZW1lbnQtaHVtYW5pdGFpcmUtZHVyYWJsZS1zY2llbmNlcw==\u00bb][\/vc_column][\/vc_row]<\/p>\n","protected":false},"author":5,"featured_media":0,"parent":0,"menu_order":0,"comment_status":"closed","ping_status":"closed","template":"","meta":{"footnotes":""},"class_list":["post-6042","page","type-page","status-publish","hentry"],"_links":{"self":[{"href":"https:\/\/www.prospectivecooperation.org\/es\/wp-json\/wp\/v2\/pages\/6042","targetHints":{"allow":["GET"]}}],"collection":[{"href":"https:\/\/www.prospectivecooperation.org\/es\/wp-json\/wp\/v2\/pages"}],"about":[{"href":"https:\/\/www.prospectivecooperation.org\/es\/wp-json\/wp\/v2\/types\/page"}],"author":[{"embeddable":true,"href":"https:\/\/www.prospectivecooperation.org\/es\/wp-json\/wp\/v2\/users\/5"}],"replies":[{"embeddable":true,"href":"https:\/\/www.prospectivecooperation.org\/es\/wp-json\/wp\/v2\/comments?post=6042"}],"version-history":[{"count":2,"href":"https:\/\/www.prospectivecooperation.org\/es\/wp-json\/wp\/v2\/pages\/6042\/revisions"}],"predecessor-version":[{"id":6044,"href":"https:\/\/www.prospectivecooperation.org\/es\/wp-json\/wp\/v2\/pages\/6042\/revisions\/6044"}],"wp:attachment":[{"href":"https:\/\/www.prospectivecooperation.org\/es\/wp-json\/wp\/v2\/media?parent=6042"}],"curies":[{"name":"wp","href":"https:\/\/api.w.org\/{rel}","templated":true}]}}