{"id":6039,"date":"2024-04-10T10:36:58","date_gmt":"2024-04-10T08:36:58","guid":{"rendered":"https:\/\/www.prospectivecooperation.org\/formacion-continua\/"},"modified":"2024-04-10T10:53:24","modified_gmt":"2024-04-10T08:53:24","slug":"formacion-continua","status":"publish","type":"page","link":"https:\/\/www.prospectivecooperation.org\/es\/formacion-continua\/","title":{"rendered":"Formaci\u00f3n continua"},"content":{"rendered":"<div class=\"wpb-content-wrapper\"><p>[vc_row][vc_column]<div class=\"row multi-columns-row colored-icons one-column-items\"><div class=\"feature-items col-xs-12  col-md-12\"><div class=\"kleo-block feature-item list-el-animated default-icons-size\"><span class=\"feature-icon el-appear icon-bookmark\"><\/span><h3 class=\"feature-title\"><\/h3><div class=\"feature-text\"><\/p>\n<h5>Formaci\u00f3n continua para profesionales de la salud y la asistencia social:<\/h5>\n<ul>\n<li>Acci\u00f3n de formaci\u00f3n para los equipos de <strong>SOS MEDITERRANEE<\/strong> para desarrollar una estrategia operativa para 2024<\/li>\n<li>Formaci\u00f3n en acci\u00f3n para los equipos de la asociaci\u00f3n ANCRAGES: \u00abMejora de la visibilidad y de la b\u00fasqueda de aprendices\u00bb y \u00abFormaci\u00f3n en un enfoque multifactorial de la discriminaci\u00f3n\u00bb, <strong>Fondation de France<\/strong><\/li>\n<li>Formaci\u00f3n para el personal que trabaja con \u00abj\u00f3venes migrantes\u00bb (centros de acogida para solicitantes de asilo, hogares infantiles para menores extranjeros no acompa\u00f1ados, servicios de apoyo al empleo para refugiados reconocidos) sobre \u00abel impacto de las grandes cuestiones geopol\u00edticas en las poblaciones a las que atienden\u00bb, \u00abla historia y los problemas actuales de la migraci\u00f3n en el mundo\u00bb, evoluci\u00f3n e interacciones del trabajo social y la educaci\u00f3n popular en Francia\u00bb, \u00abcuestiones de salud y migraci\u00f3n\u00bb y \u00abtratamiento del sufrimiento mental en las instituciones\u00bb, \u00abla noci\u00f3n de \u00abtrabajo\u00bb, entre la herencia sociocultural y las convulsiones contempor\u00e1neas\u00bb, y \u00abla geopol\u00edtica de los territorios de migraci\u00f3n\u00bb, <strong>Association d&#8217;Aide aux Jeunes Travailleurs (AAJT).<\/strong><\/li>\n<li>Formaci\u00f3n del personal supervisor y de los cuidadores de los hospitales y centros de salud de Soum en la gesti\u00f3n del ciclo del proyecto, desarrollo y puesta en marcha del m\u00f3dulo de formaci\u00f3n, programa de mejora de la atenci\u00f3n materno-infantil para la poblaci\u00f3n de Arkhanga\u00ef (Mongolia), <strong>Ministerio de Sanidad de Mongolia<\/strong>, Sant\u00e9 Sud, Tstetserleg, Mongolia.<\/li>\n<\/ul>\n<p><\/div><\/div><\/div><\/div>[vc_gallery type=\u00bbgrid\u00bb images=\u00bb2250,5961,5082,3259,3275&#8243; onclick=\u00bbcustom_link\u00bb custom_links_target=\u00bb_blank\u00bb gap=\u00bbsmall\u00bb custom_links=\u00bb#E-8_aHR0cHMlM0ElMkYlMkZzb3NtZWRpdGVycmFuZWUuZnIlMkYlMkNodHRwcyUzQSUyRiUyRmFuY3JhZ2VzLm9yZyUyRiUyQ2h0dHBzJTNBJTJGJTJGd3d3LmZvbmRhdGlvbmRlZnJhbmNlLm9yZyUyRmZyJTJGJTJDaHR0cCUzQSUyRiUyRnd3dy5hYWp0LmZyJTJGQUFKVCUyRmluZGV4LnBocCUyQ2h0dHAlM0ElMkYlMkZ3d3cuc2FudGVzdWQub3JnJTJG\u00bb][\/vc_column][\/vc_row][vc_row][vc_column]<div class=\"row multi-columns-row colored-icons one-column-items\"><div class=\"feature-items col-xs-12  col-md-12\"><div class=\"kleo-block feature-item list-el-animated default-icons-size\"><span class=\"feature-icon el-appear icon-bookmark\"><\/span><h3 class=\"feature-title\"><\/h3><div class=\"feature-text\"><\/p>\n<h5><strong>Formaci\u00f3n continua para cooperantes internacionales:<\/strong><\/h5>\n<ul>\n<li>Formaci\u00f3n de los equipos de <strong>InterAide<\/strong> en la integraci\u00f3n de las cuestiones de g\u00e9nero en los programas de desarrollo, Francia, Malawi<\/li>\n<li><strong>Territoires Solidaires<\/strong> (red multiactores de la solidaridad internacional en la regi\u00f3n PACA):\n<ul>\n<li>Formaci\u00f3n sobre los retos de las donaciones de solidaridad internacional;<\/li>\n<li>Formaci\u00f3n en interculturalidad en el dise\u00f1o y ejecuci\u00f3n de proyectos de desarrollo;<\/li>\n<li>Formaci\u00f3n en la puesta en marcha de proyectos y recaudaci\u00f3n de fondos;<\/li>\n<li>Formaci\u00f3n en seguimiento y evaluaci\u00f3n de proyectos de solidaridad internacional.<\/li>\n<\/ul>\n<\/li>\n<li>Apoyo metodol\u00f3gico para la creaci\u00f3n y puesta en marcha de un m\u00f3dulo de formaci\u00f3n para la red de delegaciones departamentales de <strong>Terre des Hommes France (TDHF)<\/strong> sobre el enfoque basado en los derechos de los proyectos de desarrollo, Lyon, Francia.<\/li>\n<li>Formaci\u00f3n en el ciclo de proyectos para los referentes m\u00e9dicos de <strong>HumaniTerra International<\/strong>, Marsella, Francia<\/li>\n<\/ul>\n<p><\/div><\/div><\/div><\/div>[vc_gallery type=\u00bbgrid\u00bb images=\u00bb4255,2737,3297,3293&#8243; onclick=\u00bbcustom_link\u00bb custom_links_target=\u00bb_blank\u00bb gap=\u00bbsmall\u00bb custom_links=\u00bb#E-8_aHR0cCUzQSUyRiUyRmludGVyYWlkZS5vcmclMkYlMkNodHRwJTNBJTJGJTJGd3d3LnRlcnJpdG9pcmVzLXNvbGlkYWlyZXMuY29tJTJGJTJDaHR0cHMlM0ElMkYlMkZ3d3cuaHVtYW5pLXRlcnJhLm9yZyUyRmZyJTJGJTJDaHR0cHMlM0ElMkYlMkZ0ZXJyZWRlc2hvbW1lcy5mciUyRg==\u00bb][\/vc_column][\/vc_row][vc_row][vc_column]<div class=\"row multi-columns-row colored-icons one-column-items\"><div class=\"feature-items col-xs-12  col-md-12\"><div class=\"kleo-block feature-item list-el-animated default-icons-size\"><span class=\"feature-icon el-appear icon-bookmark\"><\/span><h3 class=\"feature-title\"><\/h3><div class=\"feature-text\"><\/p>\n<h5><strong>Formaci\u00f3n para universitarios e investigadores<\/strong><\/h5>\n<ul>\n<li>Apoyo, formaci\u00f3n y tutor\u00eda de equipos de instituciones angole\u00f1as de ense\u00f1anza superior en el desarrollo y la ejecuci\u00f3n de sus proyectos de cursos de posgrado financiados por el <strong>programa UNIAO<\/strong>, Angola, Expertise France, UE, Ministerio angole\u00f1o de Ense\u00f1anza Superior e Investigaci\u00f3n<\/li>\n<li>Formaci\u00f3n de investigadores internacionales de la red PARRAF (Programme d&#8217;Appui \u00e0 la Recherche en R\u00e9seau en Afrique) en \u00abmarketing de la investigaci\u00f3n\u00bb y \u00abdesarrollo de competencias\u00bb, <strong>IRD<\/strong>, Bondy, Francia.<\/li>\n<li>Formaci\u00f3n y concienciaci\u00f3n de l\u00edderes empresariales y acad\u00e9micos de Mali sobre la reforma Licence Master Doctorat, consultor\u00eda <strong>CECOFORMA\/ Union Economique et Mon\u00e9taire Ouest Africaine<\/strong>, Bamako, Mali<\/li>\n<\/ul>\n<p><\/div><\/div><\/div><\/div>[vc_gallery type=\u00bbgrid\u00bb images=\u00bb2735,3270&#8243; onclick=\u00bbcustom_link\u00bb custom_links_target=\u00bb_blank\u00bb gap=\u00bbsmall\u00bb custom_links=\u00bb#E-8_aHR0cHMlM0ElMkYlMkZ3d3cuaXJkLmZyJTJGbm9kZSUyRjglMkNodHRwJTNBJTJGJTJGd3d3LnVlbW9hLmludCUyRg==\u00bb][\/vc_column][\/vc_row][vc_row][vc_column]<div class=\"row multi-columns-row colored-icons one-column-items\"><div class=\"feature-items col-xs-12  col-md-12\"><div class=\"kleo-block feature-item list-el-animated default-icons-size\"><span class=\"feature-icon el-appear icon-bookmark\"><\/span><h3 class=\"feature-title\"><\/h3><div class=\"feature-text\"><\/p>\n<h5><strong>Formaci\u00f3n continua para otros p\u00fablicos<\/strong><\/h5>\n<ul>\n<li>Formaci\u00f3n en <strong>salud p\u00fablica<\/strong> en <strong>Burkina Faso<\/strong> para \u00abCapacitar al personal del <strong>Ministerio de Sanidad<\/strong> en el tratamiento y an\u00e1lisis de datos mediante R y el software Satscan (e-health)\u00bb.<\/li>\n<\/ul>\n<p>Misi\u00f3n de capacitaci\u00f3n para 20 <strong>operadores culturales y asociaciones creativas de Marruecos<\/strong> y T\u00fanez en el marco del programa \u00abDesarrollo de las capacidades creativas de los j\u00f3venes\u00bb, apoyado por la <strong>Fundaci\u00f3n DROSOS<\/strong>.<br \/>\n<\/div><\/div><\/div><\/div>[vc_gallery type=\u00bbgrid\u00bb images=\u00bb3457,4366&#8243; onclick=\u00bbcustom_link\u00bb custom_links_target=\u00bb_blank\u00bb custom_links=\u00bb#E-8_aHR0cHMlM0ElMkYlMkZ3d3cuc2FudGUuZ292LmJmJTJGYWNjdWVpbCUyQ2h0dHBzJTNBJTJGJTJGZHJvc29zLm9yZyUyRmZyJTJG\u00bb][\/vc_column][\/vc_row]<\/p>\n<\/div>","protected":false},"excerpt":{"rendered":"<p>[vc_row][vc_column][vc_gallery type=\u00bbgrid\u00bb images=\u00bb2250,5961,5082,3259,3275&#8243; onclick=\u00bbcustom_link\u00bb custom_links_target=\u00bb_blank\u00bb gap=\u00bbsmall\u00bb custom_links=\u00bb#E-8_aHR0cHMlM0ElMkYlMkZzb3NtZWRpdGVycmFuZWUuZnIlMkYlMkNodHRwcyUzQSUyRiUyRmFuY3JhZ2VzLm9yZyUyRiUyQ2h0dHBzJTNBJTJGJTJGd3d3LmZvbmRhdGlvbmRlZnJhbmNlLm9yZyUyRmZyJTJGJTJDaHR0cCUzQSUyRiUyRnd3dy5hYWp0LmZyJTJGQUFKVCUyRmluZGV4LnBocCUyQ2h0dHAlM0ElMkYlMkZ3d3cuc2FudGVzdWQub3JnJTJG\u00bb][\/vc_column][\/vc_row][vc_row][vc_column][vc_gallery type=\u00bbgrid\u00bb images=\u00bb4255,2737,3297,3293&#8243; onclick=\u00bbcustom_link\u00bb custom_links_target=\u00bb_blank\u00bb gap=\u00bbsmall\u00bb custom_links=\u00bb#E-8_aHR0cCUzQSUyRiUyRmludGVyYWlkZS5vcmclMkYlMkNodHRwJTNBJTJGJTJGd3d3LnRlcnJpdG9pcmVzLXNvbGlkYWlyZXMuY29tJTJGJTJDaHR0cHMlM0ElMkYlMkZ3d3cuaHVtYW5pLXRlcnJhLm9yZyUyRmZyJTJGJTJDaHR0cHMlM0ElMkYlMkZ0ZXJyZWRlc2hvbW1lcy5mciUyRg==\u00bb][\/vc_column][\/vc_row][vc_row][vc_column][vc_gallery type=\u00bbgrid\u00bb images=\u00bb2735,3270&#8243; onclick=\u00bbcustom_link\u00bb custom_links_target=\u00bb_blank\u00bb gap=\u00bbsmall\u00bb custom_links=\u00bb#E-8_aHR0cHMlM0ElMkYlMkZ3d3cuaXJkLmZyJTJGbm9kZSUyRjglMkNodHRwJTNBJTJGJTJGd3d3LnVlbW9hLmludCUyRg==\u00bb][\/vc_column][\/vc_row][vc_row][vc_column][vc_gallery type=\u00bbgrid\u00bb images=\u00bb3457,4366&#8243; onclick=\u00bbcustom_link\u00bb custom_links_target=\u00bb_blank\u00bb custom_links=\u00bb#E-8_aHR0cHMlM0ElMkYlMkZ3d3cuc2FudGUuZ292LmJmJTJGYWNjdWVpbCUyQ2h0dHBzJTNBJTJGJTJGZHJvc29zLm9yZyUyRmZyJTJG\u00bb][\/vc_column][\/vc_row]<\/p>\n","protected":false},"author":5,"featured_media":0,"parent":0,"menu_order":0,"comment_status":"closed","ping_status":"closed","template":"","meta":{"footnotes":""},"class_list":["post-6039","page","type-page","status-publish","hentry"],"_links":{"self":[{"href":"https:\/\/www.prospectivecooperation.org\/es\/wp-json\/wp\/v2\/pages\/6039","targetHints":{"allow":["GET"]}}],"collection":[{"href":"https:\/\/www.prospectivecooperation.org\/es\/wp-json\/wp\/v2\/pages"}],"about":[{"href":"https:\/\/www.prospectivecooperation.org\/es\/wp-json\/wp\/v2\/types\/page"}],"author":[{"embeddable":true,"href":"https:\/\/www.prospectivecooperation.org\/es\/wp-json\/wp\/v2\/users\/5"}],"replies":[{"embeddable":true,"href":"https:\/\/www.prospectivecooperation.org\/es\/wp-json\/wp\/v2\/comments?post=6039"}],"version-history":[{"count":2,"href":"https:\/\/www.prospectivecooperation.org\/es\/wp-json\/wp\/v2\/pages\/6039\/revisions"}],"predecessor-version":[{"id":6041,"href":"https:\/\/www.prospectivecooperation.org\/es\/wp-json\/wp\/v2\/pages\/6039\/revisions\/6041"}],"wp:attachment":[{"href":"https:\/\/www.prospectivecooperation.org\/es\/wp-json\/wp\/v2\/media?parent=6039"}],"curies":[{"name":"wp","href":"https:\/\/api.w.org\/{rel}","templated":true}]}}