{"id":6034,"date":"2024-04-10T10:24:00","date_gmt":"2024-04-10T08:24:00","guid":{"rendered":"https:\/\/www.prospectivecooperation.org\/realizaciones\/"},"modified":"2024-04-10T10:28:47","modified_gmt":"2024-04-10T08:28:47","slug":"realizaciones","status":"publish","type":"page","link":"https:\/\/www.prospectivecooperation.org\/es\/realizaciones\/","title":{"rendered":"Realizaciones"},"content":{"rendered":"<div class=\"wpb-content-wrapper\"><p>[vc_row][vc_column width=\u00bb1\/2&#8243;][vc_wp_tagcloud title=\u00bbTemas y \u00e1reas geogr\u00e1ficas\u00bb taxonomy=\u00bbportfolio-category\u00bb][\/vc_column][vc_column width=\u00bb1\/2&#8243;][vc_single_image image=\u00bb3127&#8243; img_size=\u00bbmedium\u00bb alignment=\u00bbcenter\u00bb onclick=\u00bbimg_link_large\u00bb][\/vc_column][\/vc_row][vc_row][vc_column]\n\t<div class=\"kleo-carousel-container \">\n\t\t<div class=\"kleo-carousel-items kleo-carousel-post\" data-min-items=\"3\" data-max-items=\"6\" data-autoplay=\"true\">\n\t\t\t<ul class=\"kleo-carousel\">\n\n\t\t\t\t\n<li id=\"post-6100\" class=\"post-item col-sm-4 post-6100 portfolio type-portfolio status-publish has-post-thumbnail hentry tag-apoyo-asesoramiento tag-institucion portfolio-category-america-es portfolio-category-salud-y-proteccion-social portfolio-category-africa-es\">\n    <article>\n\n\t\t<div class=\"post-image\"><a href=\"https:\/\/www.prospectivecooperation.org\/es\/portfolio\/mision-de-apoyo-a-la-red-de-hospitales-de-africa-el-oceano-indico-y-el-caribe-reshaoc\/\" class=\"element-wrap\"><img loading=\"lazy\" decoding=\"async\" width=\"280\" height=\"140\" src=\"https:\/\/www.prospectivecooperation.org\/wp-content\/uploads\/2017\/10\/AFD2.png\" class=\"attachment-kleo-post-gallery size-kleo-post-gallery wp-post-image\" alt=\"\" srcset=\"https:\/\/www.prospectivecooperation.org\/wp-content\/uploads\/2017\/10\/AFD2.png 280w, https:\/\/www.prospectivecooperation.org\/wp-content\/uploads\/2017\/10\/AFD2-480x240.png 480w\" sizes=\"auto, (max-width: 280px) 100vw, 280px\" \/><span class=\"hover-element\"><i>+<\/i><\/span><\/a><\/div><!--end post-image-->\n        <div class=\"entry-content\">\n            <h4 class=\"post-title entry-title\"><a href=\"https:\/\/www.prospectivecooperation.org\/es\/portfolio\/mision-de-apoyo-a-la-red-de-hospitales-de-africa-el-oceano-indico-y-el-caribe-reshaoc\/\">Misi\u00f3n de apoyo a la red de hospitales de \u00c1frica, el Oc\u00e9ano \u00cdndico y el Caribe (RESHAOC)<\/a><\/h4>\n\n            <span class=\"post-meta hidden hide\">\n                <small><a href=\"https:\/\/www.prospectivecooperation.org\/es\/portfolio\/mision-de-apoyo-a-la-red-de-hospitales-de-africa-el-oceano-indico-y-el-caribe-reshaoc\/\" rel=\"bookmark\" class=\"post-time\"><time class=\"entry-date\" datetime=\"2024-04-10T13:28:17+02:00\">10 abril 2024<\/time><time class=\"modify-date hide hidden updated\" datetime=\"2024-04-10T13:28:17+02:00\">10 abril 2024<\/time><\/a><\/small>            <\/span>\n\n\t\t\t                <hr>\n                <div class=\"entry-summary\">\n\t\t\t\t\t<p>Misi\u00f3n de apoyo a la elaboraci\u00f3n participativa del plan estrat\u00e9gico y operativo 2022 &#8211; 2024 de la red de...<\/p>                <\/div><!-- .entry-summary -->\n\t\t\t        <\/div><!--end post-info-->\n\n    <\/article>\n<\/li>\n<li id=\"post-6099\" class=\"post-item col-sm-4 post-6099 portfolio type-portfolio status-publish has-post-thumbnail hentry tag-apoyo-asesoramiento tag-institucion portfolio-category-desarrollo-local portfolio-category-derechos-humanos-y-ciudadania portfolio-category-america-es portfolio-category-fortalecimiento-de-la-sociedad-civil portfolio-category-africa-es\">\n    <article>\n\n\t\t<div class=\"post-image\"><a href=\"https:\/\/www.prospectivecooperation.org\/es\/portfolio\/evaluacion-del-fondo-de-apoyo-a-organizaciones-feministas-2020-2021\/\" class=\"element-wrap\"><img loading=\"lazy\" decoding=\"async\" width=\"480\" height=\"270\" src=\"https:\/\/www.prospectivecooperation.org\/wp-content\/uploads\/2022\/11\/MEAE-480x270.png\" class=\"attachment-kleo-post-gallery size-kleo-post-gallery wp-post-image\" alt=\"\" \/><span class=\"hover-element\"><i>+<\/i><\/span><\/a><\/div><!--end post-image-->\n        <div class=\"entry-content\">\n            <h4 class=\"post-title entry-title\"><a href=\"https:\/\/www.prospectivecooperation.org\/es\/portfolio\/evaluacion-del-fondo-de-apoyo-a-organizaciones-feministas-2020-2021\/\">Evaluaci\u00f3n del Fondo de Apoyo a Organizaciones Feministas 2020-2021<\/a><\/h4>\n\n            <span class=\"post-meta hidden hide\">\n                <small><a href=\"https:\/\/www.prospectivecooperation.org\/es\/portfolio\/evaluacion-del-fondo-de-apoyo-a-organizaciones-feministas-2020-2021\/\" rel=\"bookmark\" class=\"post-time\"><time class=\"entry-date\" datetime=\"2024-04-10T13:25:36+02:00\">10 abril 2024<\/time><time class=\"modify-date hide hidden updated\" datetime=\"2024-04-10T13:25:36+02:00\">10 abril 2024<\/time><\/a><\/small>            <\/span>\n\n\t\t\t                <hr>\n                <div class=\"entry-summary\">\n\t\t\t\t\t<p>Evaluaci\u00f3n intermedia del Fondo de Apoyo a las Organizaciones de Mujeres 2020-2021 Multipa\u00eds (estudios de caso en Senegal, Burkina...<\/p>                <\/div><!-- .entry-summary -->\n\t\t\t        <\/div><!--end post-info-->\n\n    <\/article>\n<\/li>\n<li id=\"post-6098\" class=\"post-item col-sm-4 post-6098 portfolio type-portfolio status-publish has-post-thumbnail hentry tag-apoyo-asesoramiento portfolio-category-vih-es portfolio-category-america-es portfolio-category-salud-y-proteccion-social\">\n    <article>\n\n\t\t<div class=\"post-image\"><a href=\"https:\/\/www.prospectivecooperation.org\/es\/portfolio\/gestion-transfronteriza-del-vih-guyana-brasil\/\" class=\"element-wrap\"><img loading=\"lazy\" decoding=\"async\" width=\"450\" height=\"270\" src=\"https:\/\/www.prospectivecooperation.org\/wp-content\/uploads\/2023\/11\/IDSante-450x270.png\" class=\"attachment-kleo-post-gallery size-kleo-post-gallery wp-post-image\" alt=\"\" \/><span class=\"hover-element\"><i>+<\/i><\/span><\/a><\/div><!--end post-image-->\n        <div class=\"entry-content\">\n            <h4 class=\"post-title entry-title\"><a href=\"https:\/\/www.prospectivecooperation.org\/es\/portfolio\/gestion-transfronteriza-del-vih-guyana-brasil\/\">Gesti\u00f3n transfronteriza del VIH (Guyana\/Brasil)<\/a><\/h4>\n\n            <span class=\"post-meta hidden hide\">\n                <small><a href=\"https:\/\/www.prospectivecooperation.org\/es\/portfolio\/gestion-transfronteriza-del-vih-guyana-brasil\/\" rel=\"bookmark\" class=\"post-time\"><time class=\"entry-date\" datetime=\"2024-04-10T13:22:29+02:00\">10 abril 2024<\/time><time class=\"modify-date hide hidden updated\" datetime=\"2024-04-10T13:22:29+02:00\">10 abril 2024<\/time><\/a><\/small>            <\/span>\n\n\t\t\t                <hr>\n                <div class=\"entry-summary\">\n\t\t\t\t\t<p>Evaluaci\u00f3n del proyecto de refuerzo de los servicios transfronterizos de gesti\u00f3n del VIH\/SIDA en la frontera entre la Guayana...<\/p>                <\/div><!-- .entry-summary -->\n\t\t\t        <\/div><!--end post-info-->\n\n    <\/article>\n<\/li>\n<li id=\"post-6097\" class=\"post-item col-sm-4 post-6097 portfolio type-portfolio status-publish has-post-thumbnail hentry tag-apoyo-asesoramiento portfolio-category-desarrollo-agricola portfolio-category-africa-es\">\n    <article>\n\n\t\t<div class=\"post-image\"><a href=\"https:\/\/www.prospectivecooperation.org\/es\/portfolio\/apoyo-metodologico-a-la-formulacion-del-proyecto-hacia-una-agricultura-mas-eficaz-y-sostenible-en-burundi-y-en-la-region-cepgl\/\" class=\"element-wrap\"><img loading=\"lazy\" decoding=\"async\" width=\"350\" height=\"144\" src=\"https:\/\/www.prospectivecooperation.org\/wp-content\/uploads\/2016\/11\/ARES.jpg\" class=\"attachment-kleo-post-gallery size-kleo-post-gallery wp-post-image\" alt=\"\" srcset=\"https:\/\/www.prospectivecooperation.org\/wp-content\/uploads\/2016\/11\/ARES.jpg 350w, https:\/\/www.prospectivecooperation.org\/wp-content\/uploads\/2016\/11\/ARES-300x123.jpg 300w, https:\/\/www.prospectivecooperation.org\/wp-content\/uploads\/2016\/11\/ARES-480x197.jpg 480w\" sizes=\"auto, (max-width: 350px) 100vw, 350px\" \/><span class=\"hover-element\"><i>+<\/i><\/span><\/a><\/div><!--end post-image-->\n        <div class=\"entry-content\">\n            <h4 class=\"post-title entry-title\"><a href=\"https:\/\/www.prospectivecooperation.org\/es\/portfolio\/apoyo-metodologico-a-la-formulacion-del-proyecto-hacia-una-agricultura-mas-eficaz-y-sostenible-en-burundi-y-en-la-region-cepgl\/\">Apoyo metodol\u00f3gico a la formulaci\u00f3n del proyecto: \u201cHacia una agricultura m\u00e1s eficaz y sostenible en Burundi y en la regi\u00f3n CEPGL\u201d<\/a><\/h4>\n\n            <span class=\"post-meta hidden hide\">\n                <small><a href=\"https:\/\/www.prospectivecooperation.org\/es\/portfolio\/apoyo-metodologico-a-la-formulacion-del-proyecto-hacia-una-agricultura-mas-eficaz-y-sostenible-en-burundi-y-en-la-region-cepgl\/\" rel=\"bookmark\" class=\"post-time\"><time class=\"entry-date\" datetime=\"2024-04-10T13:08:48+02:00\">10 abril 2024<\/time><time class=\"modify-date hide hidden updated\" datetime=\"2024-04-10T13:08:48+02:00\">10 abril 2024<\/time><\/a><\/small>            <\/span>\n\n\t\t\t                <hr>\n                <div class=\"entry-summary\">\n\t\t\t\t\t<p>Nombre completo: \u00ab Vers une agriculture plus performante et durable au Burundi et dans la r\u00e9gion CEPGL: D\u00e9veloppement et...<\/p>                <\/div><!-- .entry-summary -->\n\t\t\t        <\/div><!--end post-info-->\n\n    <\/article>\n<\/li>\n<li id=\"post-6095\" class=\"post-item col-sm-4 post-6095 portfolio type-portfolio status-publish has-post-thumbnail hentry tag-apoyo-asesoramiento portfolio-category-desarrollo-agricola portfolio-category-francia\">\n    <article>\n\n\t\t<div class=\"post-image\"><a href=\"https:\/\/www.prospectivecooperation.org\/es\/portfolio\/apoyo-a-la-autoevaluacion-de-los-logros-alcanzados-en-2014-2018-y-apoyo-metodologico-a-la-formulacion-de-la-estrategia-cientifica-del-cirad-para-2019-2023\/\" class=\"element-wrap\"><img loading=\"lazy\" decoding=\"async\" width=\"255\" height=\"170\" src=\"https:\/\/www.prospectivecooperation.org\/wp-content\/uploads\/2018\/10\/CIRAD.gif\" class=\"attachment-kleo-post-gallery size-kleo-post-gallery wp-post-image\" alt=\"\" \/><span class=\"hover-element\"><i>+<\/i><\/span><\/a><\/div><!--end post-image-->\n        <div class=\"entry-content\">\n            <h4 class=\"post-title entry-title\"><a href=\"https:\/\/www.prospectivecooperation.org\/es\/portfolio\/apoyo-a-la-autoevaluacion-de-los-logros-alcanzados-en-2014-2018-y-apoyo-metodologico-a-la-formulacion-de-la-estrategia-cientifica-del-cirad-para-2019-2023\/\">Apoyo a la autoevaluaci\u00f3n de los logros alcanzados en 2014-2018 y apoyo metodol\u00f3gico a la formulaci\u00f3n de la estrategia cient\u00edfica del CIRAD para 2019-2023<\/a><\/h4>\n\n            <span class=\"post-meta hidden hide\">\n                <small><a href=\"https:\/\/www.prospectivecooperation.org\/es\/portfolio\/apoyo-a-la-autoevaluacion-de-los-logros-alcanzados-en-2014-2018-y-apoyo-metodologico-a-la-formulacion-de-la-estrategia-cientifica-del-cirad-para-2019-2023\/\" rel=\"bookmark\" class=\"post-time\"><time class=\"entry-date\" datetime=\"2024-04-10T13:07:16+02:00\">10 abril 2024<\/time><time class=\"modify-date hide hidden updated\" datetime=\"2024-04-10T13:07:16+02:00\">10 abril 2024<\/time><\/a><\/small>            <\/span>\n\n\t\t\t                <hr>\n                <div class=\"entry-summary\">\n\t\t\t\t\t<p>Apoyo a la autoevaluaci\u00f3n de los logros en 2014-2018 y apoyo metodol\u00f3gico para la formulaci\u00f3n de la estrategia cient\u00edfica...<\/p>                <\/div><!-- .entry-summary -->\n\t\t\t        <\/div><!--end post-info-->\n\n    <\/article>\n<\/li>\n<li id=\"post-6094\" class=\"post-item col-sm-4 post-6094 portfolio type-portfolio status-publish has-post-thumbnail hentry tag-apoyo-asesoramiento portfolio-category-desarrollo-agricola portfolio-category-africa-es\">\n    <article>\n\n\t\t<div class=\"post-image\"><a href=\"https:\/\/www.prospectivecooperation.org\/es\/portfolio\/apoyo-metodologico-a-la-formulacion-de-proyectos-mejora-de-la-industria-avicola-en-la-region-de-niamey-niger\/\" class=\"element-wrap\"><img loading=\"lazy\" decoding=\"async\" width=\"350\" height=\"144\" src=\"https:\/\/www.prospectivecooperation.org\/wp-content\/uploads\/2016\/11\/ARES.jpg\" class=\"attachment-kleo-post-gallery size-kleo-post-gallery wp-post-image\" alt=\"\" srcset=\"https:\/\/www.prospectivecooperation.org\/wp-content\/uploads\/2016\/11\/ARES.jpg 350w, https:\/\/www.prospectivecooperation.org\/wp-content\/uploads\/2016\/11\/ARES-300x123.jpg 300w, https:\/\/www.prospectivecooperation.org\/wp-content\/uploads\/2016\/11\/ARES-480x197.jpg 480w\" sizes=\"auto, (max-width: 350px) 100vw, 350px\" \/><span class=\"hover-element\"><i>+<\/i><\/span><\/a><\/div><!--end post-image-->\n        <div class=\"entry-content\">\n            <h4 class=\"post-title entry-title\"><a href=\"https:\/\/www.prospectivecooperation.org\/es\/portfolio\/apoyo-metodologico-a-la-formulacion-de-proyectos-mejora-de-la-industria-avicola-en-la-region-de-niamey-niger\/\">Apoyo metodol\u00f3gico a la formulaci\u00f3n de proyectos: \u00abMejora de la industria av\u00edcola en la regi\u00f3n de Niamey, N\u00edger<\/a><\/h4>\n\n            <span class=\"post-meta hidden hide\">\n                <small><a href=\"https:\/\/www.prospectivecooperation.org\/es\/portfolio\/apoyo-metodologico-a-la-formulacion-de-proyectos-mejora-de-la-industria-avicola-en-la-region-de-niamey-niger\/\" rel=\"bookmark\" class=\"post-time\"><time class=\"entry-date\" datetime=\"2024-04-10T13:05:38+02:00\">10 abril 2024<\/time><time class=\"modify-date hide hidden updated\" datetime=\"2024-04-10T13:05:38+02:00\">10 abril 2024<\/time><\/a><\/small>            <\/span>\n\n\t\t\t                <hr>\n                <div class=\"entry-summary\">\n\t\t\t\t\t<p>Por la Universidad de Li\u00e8ge En N\u00edger<\/p>                <\/div><!-- .entry-summary -->\n\t\t\t        <\/div><!--end post-info-->\n\n    <\/article>\n<\/li>\n<li id=\"post-6091\" class=\"post-item col-sm-4 post-6091 portfolio type-portfolio status-publish has-post-thumbnail hentry tag-apoyo-asesoramiento portfolio-category-desarrollo-agricola portfolio-category-salud-y-proteccion-social portfolio-category-africa-es\">\n    <article>\n\n\t\t<div class=\"post-image\"><a href=\"https:\/\/www.prospectivecooperation.org\/es\/portfolio\/evaluacion-intermedia-de-la-intervencion-de-refuerzo-de-las-capacidades-de-enabel-en-apoyo-de-los-sectores-sanitario-y-ganadero\/\" class=\"element-wrap\"><img loading=\"lazy\" decoding=\"async\" width=\"283\" height=\"119\" src=\"https:\/\/www.prospectivecooperation.org\/wp-content\/uploads\/2020\/01\/COTA-ENABEL.png\" class=\"attachment-kleo-post-gallery size-kleo-post-gallery wp-post-image\" alt=\"\" \/><span class=\"hover-element\"><i>+<\/i><\/span><\/a><\/div><!--end post-image-->\n        <div class=\"entry-content\">\n            <h4 class=\"post-title entry-title\"><a href=\"https:\/\/www.prospectivecooperation.org\/es\/portfolio\/evaluacion-intermedia-de-la-intervencion-de-refuerzo-de-las-capacidades-de-enabel-en-apoyo-de-los-sectores-sanitario-y-ganadero\/\">Evaluaci\u00f3n intermedia de la intervenci\u00f3n de \u00abRefuerzo de las capacidades\u00bb de ENABEL en apoyo de los sectores sanitario y ganadero<\/a><\/h4>\n\n            <span class=\"post-meta hidden hide\">\n                <small><a href=\"https:\/\/www.prospectivecooperation.org\/es\/portfolio\/evaluacion-intermedia-de-la-intervencion-de-refuerzo-de-las-capacidades-de-enabel-en-apoyo-de-los-sectores-sanitario-y-ganadero\/\" rel=\"bookmark\" class=\"post-time\"><time class=\"entry-date\" datetime=\"2024-04-10T13:00:51+02:00\">10 abril 2024<\/time><time class=\"modify-date hide hidden updated\" datetime=\"2024-04-10T13:00:51+02:00\">10 abril 2024<\/time><\/a><\/small>            <\/span>\n\n\t\t\t                <hr>\n                <div class=\"entry-summary\">\n\t\t\t\t\t<p>Evaluaci\u00f3n intermedia de la intervenci\u00f3n \u00abRefuerzo de las capacidades\u00bb de ENABEL en apoyo de los sectores sanitario y ganadero...<\/p>                <\/div><!-- .entry-summary -->\n\t\t\t        <\/div><!--end post-info-->\n\n    <\/article>\n<\/li>\n<li id=\"post-6030\" class=\"post-item col-sm-4 post-6030 portfolio type-portfolio status-publish has-post-thumbnail hentry tag-apoyo-asesoramiento tag-institucion portfolio-category-educacion-cultura-y-formacion portfolio-category-africa-es\">\n    <article>\n\n\t\t<div class=\"post-image\"><a href=\"https:\/\/www.prospectivecooperation.org\/es\/portfolio\/apoyo-metodologico-y-asistencia-al-analisis-institucional-de-la-universidad-joseph-ki-zerbo-de-ouagadougou-burkina-faso\/\" class=\"element-wrap\"><img loading=\"lazy\" decoding=\"async\" width=\"350\" height=\"144\" src=\"https:\/\/www.prospectivecooperation.org\/wp-content\/uploads\/2016\/11\/ARES.jpg\" class=\"attachment-kleo-post-gallery size-kleo-post-gallery wp-post-image\" alt=\"\" srcset=\"https:\/\/www.prospectivecooperation.org\/wp-content\/uploads\/2016\/11\/ARES.jpg 350w, https:\/\/www.prospectivecooperation.org\/wp-content\/uploads\/2016\/11\/ARES-300x123.jpg 300w, https:\/\/www.prospectivecooperation.org\/wp-content\/uploads\/2016\/11\/ARES-480x197.jpg 480w\" sizes=\"auto, (max-width: 350px) 100vw, 350px\" \/><span class=\"hover-element\"><i>+<\/i><\/span><\/a><\/div><!--end post-image-->\n        <div class=\"entry-content\">\n            <h4 class=\"post-title entry-title\"><a href=\"https:\/\/www.prospectivecooperation.org\/es\/portfolio\/apoyo-metodologico-y-asistencia-al-analisis-institucional-de-la-universidad-joseph-ki-zerbo-de-ouagadougou-burkina-faso\/\">Apoyo metodol\u00f3gico y asistencia al an\u00e1lisis institucional de la Universidad Joseph Ki Zerbo de Ouagadougou (Burkina Faso)<\/a><\/h4>\n\n            <span class=\"post-meta hidden hide\">\n                <small><a href=\"https:\/\/www.prospectivecooperation.org\/es\/portfolio\/apoyo-metodologico-y-asistencia-al-analisis-institucional-de-la-universidad-joseph-ki-zerbo-de-ouagadougou-burkina-faso\/\" rel=\"bookmark\" class=\"post-time\"><time class=\"entry-date\" datetime=\"2024-04-05T12:11:44+02:00\">5 abril 2024<\/time><time class=\"modify-date hide hidden updated\" datetime=\"2024-04-05T12:11:44+02:00\">5 abril 2024<\/time><\/a><\/small>            <\/span>\n\n\t\t\t                <hr>\n                <div class=\"entry-summary\">\n\t\t\t\t\t<p>Apoyo metodol\u00f3gico y acompa\u00f1amiento del an\u00e1lisis institucional de la Universidad Joseph Ki Zerbo de Uagadug\u00fa para identificar y formular...<\/p>                <\/div><!-- .entry-summary -->\n\t\t\t        <\/div><!--end post-info-->\n\n    <\/article>\n<\/li>\n<li id=\"post-6029\" class=\"post-item col-sm-4 post-6029 portfolio type-portfolio status-publish has-post-thumbnail hentry tag-apoyo-asesoramiento tag-ong-es portfolio-category-evaluacion portfolio-category-educacion-cultura-y-formacion portfolio-category-africa-es\">\n    <article>\n\n\t\t<div class=\"post-image\"><a href=\"https:\/\/www.prospectivecooperation.org\/es\/portfolio\/evaluacion-de-los-proyectos-de-payasos-sin-fronteras\/\" class=\"element-wrap\"><img loading=\"lazy\" decoding=\"async\" width=\"480\" height=\"270\" src=\"https:\/\/www.prospectivecooperation.org\/wp-content\/uploads\/2022\/11\/Clowns-sans-frontieres-1-480x270.png\" class=\"attachment-kleo-post-gallery size-kleo-post-gallery wp-post-image\" alt=\"\" \/><span class=\"hover-element\"><i>+<\/i><\/span><\/a><\/div><!--end post-image-->\n        <div class=\"entry-content\">\n            <h4 class=\"post-title entry-title\"><a href=\"https:\/\/www.prospectivecooperation.org\/es\/portfolio\/evaluacion-de-los-proyectos-de-payasos-sin-fronteras\/\">Evaluaci\u00f3n de los proyectos de payasos sin fronteras<\/a><\/h4>\n\n            <span class=\"post-meta hidden hide\">\n                <small><a href=\"https:\/\/www.prospectivecooperation.org\/es\/portfolio\/evaluacion-de-los-proyectos-de-payasos-sin-fronteras\/\" rel=\"bookmark\" class=\"post-time\"><time class=\"entry-date\" datetime=\"2024-04-05T11:58:27+02:00\">5 abril 2024<\/time><time class=\"modify-date hide hidden updated\" datetime=\"2024-04-05T11:58:27+02:00\">5 abril 2024<\/time><\/a><\/small>            <\/span>\n\n\t\t\t                <hr>\n                <div class=\"entry-summary\">\n\t\t\t\t\t<p>Evaluaci\u00f3n de los proyectos de Payasos Sin Fronteras y sus socios en Senegal y Madagascar<\/p>                <\/div><!-- .entry-summary -->\n\t\t\t        <\/div><!--end post-info-->\n\n    <\/article>\n<\/li>\n<li id=\"post-6027\" class=\"post-item col-sm-4 post-6027 portfolio type-portfolio status-publish has-post-thumbnail hentry tag-apoyo-asesoramiento tag-institucion portfolio-category-educacion-cultura-y-formacion portfolio-category-africa-es\">\n    <article>\n\n\t\t<div class=\"post-image\"><a href=\"https:\/\/www.prospectivecooperation.org\/es\/portfolio\/apoyo-metodologico-y-acompanamiento-para-el-analisis-institucional-de-la-universidad-de-abomey-calavi-benin\/\" class=\"element-wrap\"><img loading=\"lazy\" decoding=\"async\" width=\"350\" height=\"144\" src=\"https:\/\/www.prospectivecooperation.org\/wp-content\/uploads\/2016\/11\/ARES.jpg\" class=\"attachment-kleo-post-gallery size-kleo-post-gallery wp-post-image\" alt=\"\" srcset=\"https:\/\/www.prospectivecooperation.org\/wp-content\/uploads\/2016\/11\/ARES.jpg 350w, https:\/\/www.prospectivecooperation.org\/wp-content\/uploads\/2016\/11\/ARES-300x123.jpg 300w, https:\/\/www.prospectivecooperation.org\/wp-content\/uploads\/2016\/11\/ARES-480x197.jpg 480w\" sizes=\"auto, (max-width: 350px) 100vw, 350px\" \/><span class=\"hover-element\"><i>+<\/i><\/span><\/a><\/div><!--end post-image-->\n        <div class=\"entry-content\">\n            <h4 class=\"post-title entry-title\"><a href=\"https:\/\/www.prospectivecooperation.org\/es\/portfolio\/apoyo-metodologico-y-acompanamiento-para-el-analisis-institucional-de-la-universidad-de-abomey-calavi-benin\/\">Apoyo metodol\u00f3gico y acompa\u00f1amiento para el an\u00e1lisis institucional de la universidad de Abomey Calavi (Ben\u00edn)<\/a><\/h4>\n\n            <span class=\"post-meta hidden hide\">\n                <small><a href=\"https:\/\/www.prospectivecooperation.org\/es\/portfolio\/apoyo-metodologico-y-acompanamiento-para-el-analisis-institucional-de-la-universidad-de-abomey-calavi-benin\/\" rel=\"bookmark\" class=\"post-time\"><time class=\"entry-date\" datetime=\"2024-04-05T11:56:42+02:00\">5 abril 2024<\/time><time class=\"modify-date hide hidden updated\" datetime=\"2024-04-05T11:56:42+02:00\">5 abril 2024<\/time><\/a><\/small>            <\/span>\n\n\t\t\t                <hr>\n                <div class=\"entry-summary\">\n\t\t\t\t\t<p>Apoyo metodol\u00f3gico y acompa\u00f1amiento al an\u00e1lisis institucional de la Universidad de Abomey Calavi para identificar y formular las necesidades...<\/p>                <\/div><!-- .entry-summary -->\n\t\t\t        <\/div><!--end post-info-->\n\n    <\/article>\n<\/li>\n<li id=\"post-6021\" class=\"post-item col-sm-4 post-6021 portfolio type-portfolio status-publish has-post-thumbnail hentry tag-apoyo-asesoramiento portfolio-category-africa-es portfolio-category-fortalecimiento-de-la-sociedad-civil portfolio-category-educacion-cultura-y-formacion portfolio-category-mediterraneo-es\">\n    <article>\n\n\t\t<div class=\"post-image\"><a href=\"https:\/\/www.prospectivecooperation.org\/es\/portfolio\/najah-ii-formacion-e-integracion-de-los-jovenes-en-marruecos\/\" class=\"element-wrap\"><img loading=\"lazy\" decoding=\"async\" width=\"300\" height=\"210\" src=\"https:\/\/www.prospectivecooperation.org\/wp-content\/uploads\/2023\/11\/Apprentis-dAuteuil.png\" class=\"attachment-kleo-post-gallery size-kleo-post-gallery wp-post-image\" alt=\"\" \/><span class=\"hover-element\"><i>+<\/i><\/span><\/a><\/div><!--end post-image-->\n        <div class=\"entry-content\">\n            <h4 class=\"post-title entry-title\"><a href=\"https:\/\/www.prospectivecooperation.org\/es\/portfolio\/najah-ii-formacion-e-integracion-de-los-jovenes-en-marruecos\/\">Najah II: formaci\u00f3n e integraci\u00f3n de los j\u00f3venes en marruecos<\/a><\/h4>\n\n            <span class=\"post-meta hidden hide\">\n                <small><a href=\"https:\/\/www.prospectivecooperation.org\/es\/portfolio\/najah-ii-formacion-e-integracion-de-los-jovenes-en-marruecos\/\" rel=\"bookmark\" class=\"post-time\"><time class=\"entry-date\" datetime=\"2024-04-05T11:10:16+02:00\">5 abril 2024<\/time><time class=\"modify-date hide hidden updated\" datetime=\"2024-04-05T11:10:16+02:00\">5 abril 2024<\/time><\/a><\/small>            <\/span>\n\n\t\t\t                <hr>\n                <div class=\"entry-summary\">\n\t\t\t\t\t<p>Evaluaci\u00f3n externa final de \u201cNajah II: Proyecto de formaci\u00f3n e inserci\u00f3n profesional de alto impacto para j\u00f3venes en Marruecos\u201d...<\/p>                <\/div><!-- .entry-summary -->\n\t\t\t        <\/div><!--end post-info-->\n\n    <\/article>\n<\/li>\n\t\t\t<\/ul>\n\t\t<\/div>\n\t\t<div class=\"carousel-arrow\">\n\t\t\t<a class=\"carousel-prev\" href=\"#\"><i class=\"icon-angle-left\"><\/i><\/a>\n\t\t\t<a class=\"carousel-next\" href=\"#\"><i class=\"icon-angle-right\"><\/i><\/a>\n\t\t<\/div>\n\t\t<div class=\"kleo-carousel-post-pager carousel-pager\"><\/div>\n\t<\/div><!--end carousel-container-->\n\n[\/vc_column][\/vc_row]<\/p>\n<\/div>","protected":false},"excerpt":{"rendered":"<p>[vc_row][vc_column width=\u00bb1\/2&#8243;][vc_wp_tagcloud title=\u00bbTemas y \u00e1reas geogr\u00e1ficas\u00bb taxonomy=\u00bbportfolio-category\u00bb][\/vc_column][vc_column width=\u00bb1\/2&#8243;][vc_single_image image=\u00bb3127&#8243; img_size=\u00bbmedium\u00bb alignment=\u00bbcenter\u00bb onclick=\u00bbimg_link_large\u00bb][\/vc_column][\/vc_row][vc_row][vc_column][\/vc_column][\/vc_row]<\/p>\n","protected":false},"author":5,"featured_media":0,"parent":0,"menu_order":0,"comment_status":"closed","ping_status":"closed","template":"","meta":{"footnotes":""},"class_list":["post-6034","page","type-page","status-publish","hentry"],"_links":{"self":[{"href":"https:\/\/www.prospectivecooperation.org\/es\/wp-json\/wp\/v2\/pages\/6034","targetHints":{"allow":["GET"]}}],"collection":[{"href":"https:\/\/www.prospectivecooperation.org\/es\/wp-json\/wp\/v2\/pages"}],"about":[{"href":"https:\/\/www.prospectivecooperation.org\/es\/wp-json\/wp\/v2\/types\/page"}],"author":[{"embeddable":true,"href":"https:\/\/www.prospectivecooperation.org\/es\/wp-json\/wp\/v2\/users\/5"}],"replies":[{"embeddable":true,"href":"https:\/\/www.prospectivecooperation.org\/es\/wp-json\/wp\/v2\/comments?post=6034"}],"version-history":[{"count":2,"href":"https:\/\/www.prospectivecooperation.org\/es\/wp-json\/wp\/v2\/pages\/6034\/revisions"}],"predecessor-version":[{"id":6037,"href":"https:\/\/www.prospectivecooperation.org\/es\/wp-json\/wp\/v2\/pages\/6034\/revisions\/6037"}],"wp:attachment":[{"href":"https:\/\/www.prospectivecooperation.org\/es\/wp-json\/wp\/v2\/media?parent=6034"}],"curies":[{"name":"wp","href":"https:\/\/api.w.org\/{rel}","templated":true}]}}