{"id":5999,"date":"2024-04-04T17:12:47","date_gmt":"2024-04-04T15:12:47","guid":{"rendered":"https:\/\/www.prospectivecooperation.org\/objetivos-misiones-4\/investigaciones-y-estudios\/"},"modified":"2024-04-10T13:31:34","modified_gmt":"2024-04-10T11:31:34","slug":"investigaciones-y-estudios","status":"publish","type":"page","link":"https:\/\/www.prospectivecooperation.org\/es\/objetivos-misiones-4\/investigaciones-y-estudios\/","title":{"rendered":"Investigaciones y estudios"},"content":{"rendered":"<div class=\"wpb-content-wrapper\"><p>[vc_row][vc_column][vc_wp_tagcloud title=\u00bbTh\u00e9matiques et zones g\u00e9ographiques\u00bb taxonomy=\u00bbportfolio-category\u00bb]\n\t<div class=\"kleo-carousel-container \">\n\t\t<div class=\"kleo-carousel-items kleo-carousel-post\" data-min-items=\"3\" data-max-items=\"6\">\n\t\t\t<ul class=\"kleo-carousel\">\n\n\t\t\t\t\n<li id=\"post-6111\" class=\"post-item col-sm-4 post-6111 portfolio type-portfolio status-publish has-post-thumbnail hentry tag-investigaciones-y-estudios portfolio-category-africa-es portfolio-category-desarrollo-local portfolio-category-antropologia-shs-es\">\n    <article>\n\n\t\t<div class=\"post-image\"><a href=\"https:\/\/www.prospectivecooperation.org\/es\/portfolio\/estudio-antropologico-de-los-regimenes-de-ayuda-financiera-el-caso-de-niger-y-camerun\/\" class=\"element-wrap\"><img loading=\"lazy\" decoding=\"async\" width=\"280\" height=\"140\" src=\"https:\/\/www.prospectivecooperation.org\/wp-content\/uploads\/2017\/10\/AFD2.png\" class=\"attachment-kleo-post-gallery size-kleo-post-gallery wp-post-image\" alt=\"\" srcset=\"https:\/\/www.prospectivecooperation.org\/wp-content\/uploads\/2017\/10\/AFD2.png 280w, https:\/\/www.prospectivecooperation.org\/wp-content\/uploads\/2017\/10\/AFD2-480x240.png 480w\" sizes=\"auto, (max-width: 280px) 100vw, 280px\" \/><span class=\"hover-element\"><i>+<\/i><\/span><\/a><\/div><!--end post-image-->\n        <div class=\"entry-content\">\n            <h4 class=\"post-title entry-title\"><a href=\"https:\/\/www.prospectivecooperation.org\/es\/portfolio\/estudio-antropologico-de-los-regimenes-de-ayuda-financiera-el-caso-de-niger-y-camerun\/\">Estudio antropol\u00f3gico de los reg\u00edmenes de ayuda financiera. El caso de N\u00edger y Camer\u00fan<\/a><\/h4>\n\n            <span class=\"post-meta hidden hide\">\n                <small><a href=\"https:\/\/www.prospectivecooperation.org\/es\/portfolio\/estudio-antropologico-de-los-regimenes-de-ayuda-financiera-el-caso-de-niger-y-camerun\/\" rel=\"bookmark\" class=\"post-time\"><time class=\"entry-date\" datetime=\"2024-04-10T13:44:39+02:00\">10 abril 2024<\/time><time class=\"modify-date hide hidden updated\" datetime=\"2024-04-10T13:44:39+02:00\">10 abril 2024<\/time><\/a><\/small>            <\/span>\n\n\t\t\t                <hr>\n                <div class=\"entry-summary\">\n\t\t\t\t\t<p>Por cuenta de la Agence Fran\u00e7aise de D\u00e9veloppement (AFD), convenio de investigaci\u00f3n RCH N\u00b0309-2013, Director de investigaci\u00f3n Dr. Giorgio...<\/p>                <\/div><!-- .entry-summary -->\n\t\t\t        <\/div><!--end post-info-->\n\n    <\/article>\n<\/li>\n<li id=\"post-6110\" class=\"post-item col-sm-4 post-6110 portfolio type-portfolio status-publish has-post-thumbnail hentry tag-investigaciones-y-estudios portfolio-category-desarrollo-local portfolio-category-antropologia-shs-es portfolio-category-redes-es portfolio-category-oceano-indico-es\">\n    <article>\n\n\t\t<div class=\"post-image\"><a href=\"https:\/\/www.prospectivecooperation.org\/es\/portfolio\/estudio-socio-antropologico-sobre-las-redes-rurales-paralelas-de-abastecimiento-de-agua-en-las-comoras\/\" class=\"element-wrap\"><img loading=\"lazy\" decoding=\"async\" width=\"280\" height=\"140\" src=\"https:\/\/www.prospectivecooperation.org\/wp-content\/uploads\/2017\/10\/AFD2.png\" class=\"attachment-kleo-post-gallery size-kleo-post-gallery wp-post-image\" alt=\"\" srcset=\"https:\/\/www.prospectivecooperation.org\/wp-content\/uploads\/2017\/10\/AFD2.png 280w, https:\/\/www.prospectivecooperation.org\/wp-content\/uploads\/2017\/10\/AFD2-480x240.png 480w\" sizes=\"auto, (max-width: 280px) 100vw, 280px\" \/><span class=\"hover-element\"><i>+<\/i><\/span><\/a><\/div><!--end post-image-->\n        <div class=\"entry-content\">\n            <h4 class=\"post-title entry-title\"><a href=\"https:\/\/www.prospectivecooperation.org\/es\/portfolio\/estudio-socio-antropologico-sobre-las-redes-rurales-paralelas-de-abastecimiento-de-agua-en-las-comoras\/\">Estudio socio-antropol\u00f3gico sobre las \u201credes rurales paralelas de abastecimiento de agua en las Comoras\u201d<\/a><\/h4>\n\n            <span class=\"post-meta hidden hide\">\n                <small><a href=\"https:\/\/www.prospectivecooperation.org\/es\/portfolio\/estudio-socio-antropologico-sobre-las-redes-rurales-paralelas-de-abastecimiento-de-agua-en-las-comoras\/\" rel=\"bookmark\" class=\"post-time\"><time class=\"entry-date\" datetime=\"2024-04-10T13:43:23+02:00\">10 abril 2024<\/time><time class=\"modify-date hide hidden updated\" datetime=\"2024-04-10T13:43:23+02:00\">10 abril 2024<\/time><\/a><\/small>            <\/span>\n\n\t\t\t                <hr>\n                <div class=\"entry-summary\">\n\t\t\t\t\t<p>En nombre de la AFD Directora de investigaci\u00f3n: Sophie Blanchy, CNRS, Laboratorio de Etnolog\u00eda y Sociolog\u00eda Comparada<\/p>                <\/div><!-- .entry-summary -->\n\t\t\t        <\/div><!--end post-info-->\n\n    <\/article>\n<\/li>\n<li id=\"post-6109\" class=\"post-item col-sm-4 post-6109 portfolio type-portfolio status-publish has-post-thumbnail hentry tag-investigaciones-y-estudios portfolio-category-america-es portfolio-category-salud-y-proteccion-social portfolio-category-antropologia-shs-es\">\n    <article>\n\n\t\t<div class=\"post-image\"><a href=\"https:\/\/www.prospectivecooperation.org\/es\/portfolio\/revision-epidemiologica-y-antropologica-de-los-problemas-de-salud-sexual-en-la-zona-fronteriza-franco-brasilena\/\" class=\"element-wrap\"><img loading=\"lazy\" decoding=\"async\" width=\"342\" height=\"270\" src=\"https:\/\/www.prospectivecooperation.org\/wp-content\/uploads\/2020\/01\/ARS-Guyane.jpg\" class=\"attachment-kleo-post-gallery size-kleo-post-gallery wp-post-image\" alt=\"\" srcset=\"https:\/\/www.prospectivecooperation.org\/wp-content\/uploads\/2020\/01\/ARS-Guyane.jpg 539w, https:\/\/www.prospectivecooperation.org\/wp-content\/uploads\/2020\/01\/ARS-Guyane-300x237.jpg 300w\" sizes=\"auto, (max-width: 342px) 100vw, 342px\" \/><span class=\"hover-element\"><i>+<\/i><\/span><\/a><\/div><!--end post-image-->\n        <div class=\"entry-content\">\n            <h4 class=\"post-title entry-title\"><a href=\"https:\/\/www.prospectivecooperation.org\/es\/portfolio\/revision-epidemiologica-y-antropologica-de-los-problemas-de-salud-sexual-en-la-zona-fronteriza-franco-brasilena\/\">Revisi\u00f3n epidemiol\u00f3gica y antropol\u00f3gica de los problemas de salud sexual en la zona fronteriza franco-brasile\u00f1a<\/a><\/h4>\n\n            <span class=\"post-meta hidden hide\">\n                <small><a href=\"https:\/\/www.prospectivecooperation.org\/es\/portfolio\/revision-epidemiologica-y-antropologica-de-los-problemas-de-salud-sexual-en-la-zona-fronteriza-franco-brasilena\/\" rel=\"bookmark\" class=\"post-time\"><time class=\"entry-date\" datetime=\"2024-04-10T13:42:13+02:00\">10 abril 2024<\/time><time class=\"modify-date hide hidden updated\" datetime=\"2024-04-10T13:42:13+02:00\">10 abril 2024<\/time><\/a><\/small>            <\/span>\n\n\t\t\t                <hr>\n                <div class=\"entry-summary\">\n\t\t\t\t\t<p>Financiaci\u00f3n ARS Guyane Directora de investigaci\u00f3n: Dra. Emilie Mosnier<\/p>                <\/div><!-- .entry-summary -->\n\t\t\t        <\/div><!--end post-info-->\n\n    <\/article>\n<\/li>\n<li id=\"post-6107\" class=\"post-item col-sm-4 post-6107 portfolio type-portfolio status-publish has-post-thumbnail hentry tag-investigaciones-y-estudios portfolio-category-salud-y-proteccion-social portfolio-category-francia portfolio-category-antropologia-shs-es portfolio-category-covid19-es\">\n    <article>\n\n\t\t<div class=\"post-image\"><a href=\"https:\/\/www.prospectivecooperation.org\/es\/portfolio\/voluntarios-en-un-contexto-epidemico-impacto-psicologico-proteccion-e-innovaciones-en-las-practicas\/\" class=\"element-wrap\"><img loading=\"lazy\" decoding=\"async\" width=\"397\" height=\"270\" src=\"https:\/\/www.prospectivecooperation.org\/wp-content\/uploads\/2016\/11\/FONDS_CROIX_ROUGE_Quadri-1030x452-1.png\" class=\"attachment-kleo-post-gallery size-kleo-post-gallery wp-post-image\" alt=\"\" srcset=\"https:\/\/www.prospectivecooperation.org\/wp-content\/uploads\/2016\/11\/FONDS_CROIX_ROUGE_Quadri-1030x452-1.png 1030w, https:\/\/www.prospectivecooperation.org\/wp-content\/uploads\/2016\/11\/FONDS_CROIX_ROUGE_Quadri-1030x452-1-300x204.png 300w, https:\/\/www.prospectivecooperation.org\/wp-content\/uploads\/2016\/11\/FONDS_CROIX_ROUGE_Quadri-1030x452-1-768x522.png 768w, https:\/\/www.prospectivecooperation.org\/wp-content\/uploads\/2016\/11\/FONDS_CROIX_ROUGE_Quadri-1030x452-1-1024x696.png 1024w, https:\/\/www.prospectivecooperation.org\/wp-content\/uploads\/2016\/11\/FONDS_CROIX_ROUGE_Quadri-1030x452-1-600x408.png 600w, https:\/\/www.prospectivecooperation.org\/wp-content\/uploads\/2016\/11\/FONDS_CROIX_ROUGE_Quadri-1030x452-1-672x457.png 672w, https:\/\/www.prospectivecooperation.org\/wp-content\/uploads\/2016\/11\/FONDS_CROIX_ROUGE_Quadri-1030x452-1-480x326.png 480w\" sizes=\"auto, (max-width: 397px) 100vw, 397px\" \/><span class=\"hover-element\"><i>+<\/i><\/span><\/a><\/div><!--end post-image-->\n        <div class=\"entry-content\">\n            <h4 class=\"post-title entry-title\"><a href=\"https:\/\/www.prospectivecooperation.org\/es\/portfolio\/voluntarios-en-un-contexto-epidemico-impacto-psicologico-proteccion-e-innovaciones-en-las-practicas\/\">Voluntarios en un contexto epid\u00e9mico: impacto psicol\u00f3gico, protecci\u00f3n e innovaciones en las pr\u00e1cticas<\/a><\/h4>\n\n            <span class=\"post-meta hidden hide\">\n                <small><a href=\"https:\/\/www.prospectivecooperation.org\/es\/portfolio\/voluntarios-en-un-contexto-epidemico-impacto-psicologico-proteccion-e-innovaciones-en-las-practicas\/\" rel=\"bookmark\" class=\"post-time\"><time class=\"entry-date\" datetime=\"2024-04-10T13:40:51+02:00\">10 abril 2024<\/time><time class=\"modify-date hide hidden updated\" datetime=\"2024-04-10T13:40:51+02:00\">10 abril 2024<\/time><\/a><\/small>            <\/span>\n\n\t\t\t                <hr>\n                <div class=\"entry-summary\">\n\t\t\t\t\t<p>Investigaci\u00f3n sobre \u00abVoluntarios en un contexto epid\u00e9mico: impacto psicol\u00f3gico, protecci\u00f3n e innovaciones en las pr\u00e1cticas\u00bb, estudio de caso en...<\/p>                <\/div><!-- .entry-summary -->\n\t\t\t        <\/div><!--end post-info-->\n\n    <\/article>\n<\/li>\n<li id=\"post-6106\" class=\"post-item col-sm-4 post-6106 portfolio type-portfolio status-publish has-post-thumbnail hentry tag-investigaciones-y-estudios portfolio-category-vih-es portfolio-category-antropologia-shs-es portfolio-category-migraciones portfolio-category-francia portfolio-category-salud-y-proteccion-social\">\n    <article>\n\n\t\t<div class=\"post-image\"><a href=\"https:\/\/www.prospectivecooperation.org\/es\/portfolio\/prep-para-trabajadoras-del-sexo-inmigrantes-en-marsella-fassets\/\" class=\"element-wrap\"><img loading=\"lazy\" decoding=\"async\" width=\"480\" height=\"251\" src=\"https:\/\/www.prospectivecooperation.org\/wp-content\/uploads\/2020\/11\/ANR-Sidaction-1.png\" class=\"attachment-kleo-post-gallery size-kleo-post-gallery wp-post-image\" alt=\"\" srcset=\"https:\/\/www.prospectivecooperation.org\/wp-content\/uploads\/2020\/11\/ANR-Sidaction-1.png 600w, https:\/\/www.prospectivecooperation.org\/wp-content\/uploads\/2020\/11\/ANR-Sidaction-1-300x157.png 300w\" sizes=\"auto, (max-width: 480px) 100vw, 480px\" \/><span class=\"hover-element\"><i>+<\/i><\/span><\/a><\/div><!--end post-image-->\n        <div class=\"entry-content\">\n            <h4 class=\"post-title entry-title\"><a href=\"https:\/\/www.prospectivecooperation.org\/es\/portfolio\/prep-para-trabajadoras-del-sexo-inmigrantes-en-marsella-fassets\/\">PrEP para trabajadoras del sexo inmigrantes en Marsella (FASSETS)<\/a><\/h4>\n\n            <span class=\"post-meta hidden hide\">\n                <small><a href=\"https:\/\/www.prospectivecooperation.org\/es\/portfolio\/prep-para-trabajadoras-del-sexo-inmigrantes-en-marsella-fassets\/\" rel=\"bookmark\" class=\"post-time\"><time class=\"entry-date\" datetime=\"2024-04-10T13:39:10+02:00\">10 abril 2024<\/time><time class=\"modify-date hide hidden updated\" datetime=\"2024-04-10T13:39:10+02:00\">10 abril 2024<\/time><\/a><\/small>            <\/span>\n\n\t\t\t                <hr>\n                <div class=\"entry-summary\">\n\t\t\t\t\t<p>PrEP entre profesionales del sexo inmigrantes en Marsella: estudio de la eficacia operativa de un proyecto comunitario de salud...<\/p>                <\/div><!-- .entry-summary -->\n\t\t\t        <\/div><!--end post-info-->\n\n    <\/article>\n<\/li>\n<li id=\"post-6105\" class=\"post-item col-sm-4 post-6105 portfolio type-portfolio status-publish has-post-thumbnail hentry tag-investigaciones-y-estudios portfolio-category-francia portfolio-category-antropologia-shs-es portfolio-category-humanitario-es\">\n    <article>\n\n\t\t<div class=\"post-image\"><a href=\"https:\/\/www.prospectivecooperation.org\/es\/portfolio\/emergencias-sociales-el-objetivo-zero-sdf-prevenir-el-sinhogarismo\/\" class=\"element-wrap\"><img loading=\"lazy\" decoding=\"async\" width=\"480\" height=\"262\" src=\"https:\/\/www.prospectivecooperation.org\/wp-content\/uploads\/2020\/11\/DRDJSCS-PACA-JUST-2.png\" class=\"attachment-kleo-post-gallery size-kleo-post-gallery wp-post-image\" alt=\"\" srcset=\"https:\/\/www.prospectivecooperation.org\/wp-content\/uploads\/2020\/11\/DRDJSCS-PACA-JUST-2.png 623w, https:\/\/www.prospectivecooperation.org\/wp-content\/uploads\/2020\/11\/DRDJSCS-PACA-JUST-2-300x164.png 300w, https:\/\/www.prospectivecooperation.org\/wp-content\/uploads\/2020\/11\/DRDJSCS-PACA-JUST-2-600x327.png 600w\" sizes=\"auto, (max-width: 480px) 100vw, 480px\" \/><span class=\"hover-element\"><i>+<\/i><\/span><\/a><\/div><!--end post-image-->\n        <div class=\"entry-content\">\n            <h4 class=\"post-title entry-title\"><a href=\"https:\/\/www.prospectivecooperation.org\/es\/portfolio\/emergencias-sociales-el-objetivo-zero-sdf-prevenir-el-sinhogarismo\/\">Emergencias sociales, el objetivo \u201cZ\u00e9ro SDF\u201d : prevenir el sinhogarismo<\/a><\/h4>\n\n            <span class=\"post-meta hidden hide\">\n                <small><a href=\"https:\/\/www.prospectivecooperation.org\/es\/portfolio\/emergencias-sociales-el-objetivo-zero-sdf-prevenir-el-sinhogarismo\/\" rel=\"bookmark\" class=\"post-time\"><time class=\"entry-date\" datetime=\"2024-04-10T13:36:53+02:00\">10 abril 2024<\/time><time class=\"modify-date hide hidden updated\" datetime=\"2024-04-10T13:36:53+02:00\">10 abril 2024<\/time><\/a><\/small>            <\/span>\n\n\t\t\t                <hr>\n                <div class=\"entry-summary\">\n\t\t\t\t\t<p>Direcci\u00f3n Regional y Departamental de Juventud, Deporte y Cohesi\u00f3n Social de Provenza-Alpes-Costa Azul<\/p>                <\/div><!-- .entry-summary -->\n\t\t\t        <\/div><!--end post-info-->\n\n    <\/article>\n<\/li>\n<li id=\"post-6104\" class=\"post-item col-sm-4 post-6104 portfolio type-portfolio status-publish has-post-thumbnail hentry tag-investigaciones-y-estudios portfolio-category-salud-y-proteccion-social portfolio-category-francia portfolio-category-europa-es portfolio-category-antropologia-shs-es\">\n    <article>\n\n\t\t<div class=\"post-image\"><a href=\"https:\/\/www.prospectivecooperation.org\/es\/portfolio\/evaluacion-de-las-acciones-contra-los-covidos\/\" class=\"element-wrap\"><img loading=\"lazy\" decoding=\"async\" width=\"352\" height=\"270\" src=\"https:\/\/www.prospectivecooperation.org\/wp-content\/uploads\/2022\/02\/Inserm-AMU-1.png\" class=\"attachment-kleo-post-gallery size-kleo-post-gallery wp-post-image\" alt=\"\" srcset=\"https:\/\/www.prospectivecooperation.org\/wp-content\/uploads\/2022\/02\/Inserm-AMU-1.png 593w, https:\/\/www.prospectivecooperation.org\/wp-content\/uploads\/2022\/02\/Inserm-AMU-1-300x230.png 300w\" sizes=\"auto, (max-width: 352px) 100vw, 352px\" \/><span class=\"hover-element\"><i>+<\/i><\/span><\/a><\/div><!--end post-image-->\n        <div class=\"entry-content\">\n            <h4 class=\"post-title entry-title\"><a href=\"https:\/\/www.prospectivecooperation.org\/es\/portfolio\/evaluacion-de-las-acciones-contra-los-covidos\/\">Evaluaci\u00f3n de las acciones contra los C\u00f3vidos<\/a><\/h4>\n\n            <span class=\"post-meta hidden hide\">\n                <small><a href=\"https:\/\/www.prospectivecooperation.org\/es\/portfolio\/evaluacion-de-las-acciones-contra-los-covidos\/\" rel=\"bookmark\" class=\"post-time\"><time class=\"entry-date\" datetime=\"2024-04-10T13:33:39+02:00\">10 abril 2024<\/time><time class=\"modify-date hide hidden updated\" datetime=\"2024-04-10T13:33:39+02:00\">10 abril 2024<\/time><\/a><\/small>            <\/span>\n\n\t\t\t                <hr>\n                <div class=\"entry-summary\">\n\t\t\t\t\t<p>Proyecto de investigaci\u00f3n: \u00abEvaluaci\u00f3n de las acciones contra el virus de la peste bovina: el lugar de la mediaci\u00f3n...<\/p>                <\/div><!-- .entry-summary -->\n\t\t\t        <\/div><!--end post-info-->\n\n    <\/article>\n<\/li>\n<li id=\"post-6102\" class=\"post-item col-sm-4 post-6102 portfolio type-portfolio status-publish has-post-thumbnail hentry tag-institucion tag-investigaciones-y-estudios portfolio-category-asia-es portfolio-category-africa-es portfolio-category-educacion-cultura-y-formacion portfolio-category-europa-es portfolio-category-america-es\">\n    <article>\n\n\t\t<div class=\"post-image\"><a href=\"https:\/\/www.prospectivecooperation.org\/es\/portfolio\/evaluacion-de-los-proyectos-de-investigacion-prd-y-de-formacion-del-sur-pfs\/\" class=\"element-wrap\"><img loading=\"lazy\" decoding=\"async\" width=\"480\" height=\"270\" src=\"https:\/\/www.prospectivecooperation.org\/wp-content\/uploads\/2022\/11\/ARES-1-480x270.png\" class=\"attachment-kleo-post-gallery size-kleo-post-gallery wp-post-image\" alt=\"\" \/><span class=\"hover-element\"><i>+<\/i><\/span><\/a><\/div><!--end post-image-->\n        <div class=\"entry-content\">\n            <h4 class=\"post-title entry-title\"><a href=\"https:\/\/www.prospectivecooperation.org\/es\/portfolio\/evaluacion-de-los-proyectos-de-investigacion-prd-y-de-formacion-del-sur-pfs\/\">Evaluaci\u00f3n de los Proyectos de Investigaci\u00f3n (PRD) y de Formaci\u00f3n del Sur (PFS)<\/a><\/h4>\n\n            <span class=\"post-meta hidden hide\">\n                <small><a href=\"https:\/\/www.prospectivecooperation.org\/es\/portfolio\/evaluacion-de-los-proyectos-de-investigacion-prd-y-de-formacion-del-sur-pfs\/\" rel=\"bookmark\" class=\"post-time\"><time class=\"entry-date\" datetime=\"2024-04-10T13:29:55+02:00\">10 abril 2024<\/time><time class=\"modify-date hide hidden updated\" datetime=\"2024-04-10T13:29:55+02:00\">10 abril 2024<\/time><\/a><\/small>            <\/span>\n\n\t\t\t                <hr>\n                <div class=\"entry-summary\">\n\t\t\t\t\t<p>Evaluaci\u00f3n y an\u00e1lisis de las propuestas de Proyectos de Investigaci\u00f3n para el Desarrollo (PRD) y de Proyectos de Formaci\u00f3n...<\/p>                <\/div><!-- .entry-summary -->\n\t\t\t        <\/div><!--end post-info-->\n\n    <\/article>\n<\/li>\n<li id=\"post-6092\" class=\"post-item col-sm-4 post-6092 portfolio type-portfolio status-publish has-post-thumbnail hentry tag-investigaciones-y-estudios portfolio-category-africa-es portfolio-category-desarrollo-agricola\">\n    <article>\n\n\t\t<div class=\"post-image\"><a href=\"https:\/\/www.prospectivecooperation.org\/es\/portfolio\/medicion-y-seguimiento-del-impacto-de-las-empresas-de-servicios-y-organizaciones-de-productores-esop-en-los-productores-de-africa-occidental\/\" class=\"element-wrap\"><img loading=\"lazy\" decoding=\"async\" width=\"300\" height=\"200\" src=\"https:\/\/www.prospectivecooperation.org\/wp-content\/uploads\/2017\/10\/logo_cidr-1.gif\" class=\"attachment-kleo-post-gallery size-kleo-post-gallery wp-post-image\" alt=\"\" \/><span class=\"hover-element\"><i>+<\/i><\/span><\/a><\/div><!--end post-image-->\n        <div class=\"entry-content\">\n            <h4 class=\"post-title entry-title\"><a href=\"https:\/\/www.prospectivecooperation.org\/es\/portfolio\/medicion-y-seguimiento-del-impacto-de-las-empresas-de-servicios-y-organizaciones-de-productores-esop-en-los-productores-de-africa-occidental\/\">Medici\u00f3n y seguimiento del impacto de las Empresas De Servicios Y Organizaciones De Productores (ESOP) en los productores de \u00c1frica Occidental<\/a><\/h4>\n\n            <span class=\"post-meta hidden hide\">\n                <small><a href=\"https:\/\/www.prospectivecooperation.org\/es\/portfolio\/medicion-y-seguimiento-del-impacto-de-las-empresas-de-servicios-y-organizaciones-de-productores-esop-en-los-productores-de-africa-occidental\/\" rel=\"bookmark\" class=\"post-time\"><time class=\"entry-date\" datetime=\"2024-04-10T13:03:54+02:00\">10 abril 2024<\/time><time class=\"modify-date hide hidden updated\" datetime=\"2024-04-10T13:03:54+02:00\">10 abril 2024<\/time><\/a><\/small>            <\/span>\n\n\t\t\t                <hr>\n                <div class=\"entry-summary\">\n\t\t\t\t\t<p>\u201cApoyo a la definici\u00f3n de una metodolog\u00eda com\u00fan de medici\u00f3n y seguimiento de los efectos y repercusiones de las...<\/p>                <\/div><!-- .entry-summary -->\n\t\t\t        <\/div><!--end post-info-->\n\n    <\/article>\n<\/li>\n<li id=\"post-6031\" class=\"post-item col-sm-4 post-6031 portfolio type-portfolio status-publish has-post-thumbnail hentry tag-investigaciones-y-estudios portfolio-category-francia portfolio-category-europa-es portfolio-category-salud-y-proteccion-social\">\n    <article>\n\n\t\t<div class=\"post-image\"><a href=\"https:\/\/www.prospectivecooperation.org\/es\/portfolio\/proyecto-de-investigacion-concert-safe-marsella\/\" class=\"element-wrap\"><img loading=\"lazy\" decoding=\"async\" width=\"352\" height=\"270\" src=\"https:\/\/www.prospectivecooperation.org\/wp-content\/uploads\/2021\/05\/Inserm-ANRS-MIE.png\" class=\"attachment-kleo-post-gallery size-kleo-post-gallery wp-post-image\" alt=\"\" srcset=\"https:\/\/www.prospectivecooperation.org\/wp-content\/uploads\/2021\/05\/Inserm-ANRS-MIE.png 593w, https:\/\/www.prospectivecooperation.org\/wp-content\/uploads\/2021\/05\/Inserm-ANRS-MIE-300x230.png 300w\" sizes=\"auto, (max-width: 352px) 100vw, 352px\" \/><span class=\"hover-element\"><i>+<\/i><\/span><\/a><\/div><!--end post-image-->\n        <div class=\"entry-content\">\n            <h4 class=\"post-title entry-title\"><a href=\"https:\/\/www.prospectivecooperation.org\/es\/portfolio\/proyecto-de-investigacion-concert-safe-marsella\/\">Proyecto de investigaci\u00f3n CONCERT SAFE, Marsella<\/a><\/h4>\n\n            <span class=\"post-meta hidden hide\">\n                <small><a href=\"https:\/\/www.prospectivecooperation.org\/es\/portfolio\/proyecto-de-investigacion-concert-safe-marsella\/\" rel=\"bookmark\" class=\"post-time\"><time class=\"entry-date\" datetime=\"2024-04-05T12:14:31+02:00\">5 abril 2024<\/time><time class=\"modify-date hide hidden updated\" datetime=\"2024-04-05T12:14:31+02:00\">5 abril 2024<\/time><\/a><\/small>            <\/span>\n\n\t\t\t                <hr>\n                <div class=\"entry-summary\">\n\t\t\t\t\t<p>Proyecto de investigaci\u00f3n CONCERT SAFE: \u00abEstudio de las medidas de protecci\u00f3n contra la contaminaci\u00f3n por el virus SARS-CoV-2 en...<\/p>                <\/div><!-- .entry-summary -->\n\t\t\t        <\/div><!--end post-info-->\n\n    <\/article>\n<\/li>\n\t\t\t<\/ul>\n\t\t<\/div>\n\t\t<div class=\"carousel-arrow\">\n\t\t\t<a class=\"carousel-prev\" href=\"#\"><i class=\"icon-angle-left\"><\/i><\/a>\n\t\t\t<a class=\"carousel-next\" href=\"#\"><i class=\"icon-angle-right\"><\/i><\/a>\n\t\t<\/div>\n\t\t<div class=\"kleo-carousel-post-pager carousel-pager\"><\/div>\n\t<\/div><!--end carousel-container-->\n\n[\/vc_column][\/vc_row]<\/p>\n<\/div>","protected":false},"excerpt":{"rendered":"<p>[vc_row][vc_column][vc_wp_tagcloud title=\u00bbTh\u00e9matiques et zones g\u00e9ographiques\u00bb taxonomy=\u00bbportfolio-category\u00bb][\/vc_column][\/vc_row]<\/p>\n","protected":false},"author":5,"featured_media":0,"parent":145,"menu_order":0,"comment_status":"closed","ping_status":"closed","template":"","meta":{"footnotes":""},"class_list":["post-5999","page","type-page","status-publish","hentry"],"_links":{"self":[{"href":"https:\/\/www.prospectivecooperation.org\/es\/wp-json\/wp\/v2\/pages\/5999","targetHints":{"allow":["GET"]}}],"collection":[{"href":"https:\/\/www.prospectivecooperation.org\/es\/wp-json\/wp\/v2\/pages"}],"about":[{"href":"https:\/\/www.prospectivecooperation.org\/es\/wp-json\/wp\/v2\/types\/page"}],"author":[{"embeddable":true,"href":"https:\/\/www.prospectivecooperation.org\/es\/wp-json\/wp\/v2\/users\/5"}],"replies":[{"embeddable":true,"href":"https:\/\/www.prospectivecooperation.org\/es\/wp-json\/wp\/v2\/comments?post=5999"}],"version-history":[{"count":5,"href":"https:\/\/www.prospectivecooperation.org\/es\/wp-json\/wp\/v2\/pages\/5999\/revisions"}],"predecessor-version":[{"id":6103,"href":"https:\/\/www.prospectivecooperation.org\/es\/wp-json\/wp\/v2\/pages\/5999\/revisions\/6103"}],"up":[{"embeddable":true,"href":"https:\/\/www.prospectivecooperation.org\/es\/wp-json\/wp\/v2\/pages\/145"}],"wp:attachment":[{"href":"https:\/\/www.prospectivecooperation.org\/es\/wp-json\/wp\/v2\/media?parent=5999"}],"curies":[{"name":"wp","href":"https:\/\/api.w.org\/{rel}","templated":true}]}}