{"id":5989,"date":"2024-04-04T16:47:29","date_gmt":"2024-04-04T14:47:29","guid":{"rendered":"https:\/\/www.prospectivecooperation.org\/prospective-cooperation\/proyecto-asociativo\/el-marco-de-gobernanza\/"},"modified":"2024-04-04T16:49:11","modified_gmt":"2024-04-04T14:49:11","slug":"el-marco-de-gobernanza","status":"publish","type":"page","link":"https:\/\/www.prospectivecooperation.org\/es\/prospective-cooperation\/proyecto-asociativo\/el-marco-de-gobernanza\/","title":{"rendered":"El marco de gobernanza"},"content":{"rendered":"<div class=\"wpb-content-wrapper\"><p>[vc_row][vc_column][vc_column_text]<br \/>\n<strong>GARANTIZAR LA CALIDAD<\/strong><\/p>\n<p>En el \u00e1mbito de la investigaci\u00f3n, la <strong>certificaci\u00f3n de la capacidad de investigaci\u00f3n<\/strong> se concede a las personas f\u00edsicas mediante el <strong>doctorado<\/strong> (PhD) o, para los directores de investigaci\u00f3n, mediante la habilitaci\u00f3n para dirigir la investigaci\u00f3n (<strong>HDR<\/strong>). En el caso de las <strong>personas jur\u00eddicas<\/strong>, en Francia esta capacidad est\u00e1 reservada a las universidades e institutos de investigaci\u00f3n bajo la supervisi\u00f3n del Ministerio de Investigaci\u00f3n y Ense\u00f1anza Superior. <strong>A escala internacional<\/strong>, la normativa y la legislaci\u00f3n var\u00edan de un pa\u00eds a otro, y el reconocimiento de t\u00edtulos, certificados o cualificaciones est\u00e1 sujeto a acuerdos bilaterales entre pa\u00edses o academias.<\/p>\n<p>La asociaci\u00f3n <em>Prospective &amp; Coop\u00e9ration<\/em>, que opera en <strong>distintos territorios<\/strong> y desarrolla actividades intelectuales en <strong>varias disciplinas<\/strong> acad\u00e9micas, no est\u00e1 sujeta a etiquetas de calidad reglamentarias para llevar a cabo las investigaciones o elaborar los estudios que han centrado su actividad desde su creaci\u00f3n. El reconocimiento de la calidad de sus trabajos se basa en primer lugar en el compromiso de sus miembros individuales, titulares de <strong>diplomas<\/strong> y <strong>acreditaciones<\/strong>, en la <strong>calidad<\/strong> de sus socios cient\u00edficos, sujetos a su vez a normativas nacionales e internacionales de investigaci\u00f3n acad\u00e9mica o aplicada, y por \u00faltimo en el <strong>rigor metodol\u00f3gico<\/strong> desarrollado para cada uno de sus estudios.<\/p>\n<p>Los 200 miembros de la asociaci\u00f3n <em>Prospective &amp; Coop\u00e9ration<\/em> han adquirido, a trav\u00e9s de su experiencia y sus estudios, la legitimidad de sus pares en sus respectivas disciplinas y, para algunos, a trav\u00e9s de sus t\u00edtulos, el reconocimiento de la comunidad cient\u00edfica (Doctores, Conferenciantes, Profesores Em\u00e9ritos, etc.). Como <strong>plataforma internacional<\/strong> <strong>de peritaje<\/strong>, la asociaci\u00f3n establece colaboraciones ad hoc con laboratorios de investigaci\u00f3n cualificados, universidades o investigadores y expertos individuales para responder lo mejor posible a las necesidades de sus clientes.<\/p>\n<p>En el \u00e1mbito de la <strong>formaci\u00f3n<\/strong>, este principio tambi\u00e9n se aplica a la <strong>ense\u00f1anza acad\u00e9mica<\/strong>, en los m\u00e1steres profesionales en los que participa <em>Prospective &amp; Coop\u00e9ration<\/em>. En cuanto a la formaci\u00f3n continua, la asociaci\u00f3n est\u00e1 registrada ante las autoridades francesas encargadas de este sector de actividad regulado, y figura como referencia de calidad en <strong>Datadock<\/strong>.<\/p>\n<p>Adem\u00e1s, el modelo asociativo de <em>Prospective &amp; Coop\u00e9ration<\/em> se articula en torno a un modo de <strong>gobernanza colegiado y cooperativo<\/strong>, que garantiza el <strong>control de calidad por los pares<\/strong>, en cuyo centro un <strong>consejo estrat\u00e9gico<\/strong> y un <strong>consejo cient\u00edfico<\/strong> se encargan de llevar a cabo los trabajos y garantizar su calidad.[\/vc_column_text][\/vc_column][\/vc_row][vc_row][vc_column][vc_gallery type=\u00bbgrid\u00bb images=\u00bb3428,4907,4903,5428,4915,4931,4953,3336,3527,4927,4962,4923,4966,4977,4935,4939,2163,3229,3246,4958&#8243; title=\u00bbSOCIOS E INSTITUCIONES DE REFERENCIA PARA LOS MIEMBROS DE LA ASOCIACI\u00d3N\u00bb][\/vc_column][\/vc_row]<\/p>\n<\/div>","protected":false},"excerpt":{"rendered":"<p>[vc_row][vc_column][vc_column_text] GARANTIZAR LA CALIDAD En el \u00e1mbito de la investigaci\u00f3n, la certificaci\u00f3n de la capacidad de investigaci\u00f3n se concede a las personas f\u00edsicas mediante el doctorado (PhD) o, para los directores de investigaci\u00f3n, mediante la habilitaci\u00f3n para dirigir la investigaci\u00f3n (HDR). En el caso de las personas jur\u00eddicas, en Francia esta capacidad est\u00e1 reservada a las universidades e institutos de [&hellip;]<\/p>\n","protected":false},"author":5,"featured_media":0,"parent":240,"menu_order":0,"comment_status":"closed","ping_status":"closed","template":"","meta":{"footnotes":""},"class_list":["post-5989","page","type-page","status-publish","hentry"],"_links":{"self":[{"href":"https:\/\/www.prospectivecooperation.org\/es\/wp-json\/wp\/v2\/pages\/5989","targetHints":{"allow":["GET"]}}],"collection":[{"href":"https:\/\/www.prospectivecooperation.org\/es\/wp-json\/wp\/v2\/pages"}],"about":[{"href":"https:\/\/www.prospectivecooperation.org\/es\/wp-json\/wp\/v2\/types\/page"}],"author":[{"embeddable":true,"href":"https:\/\/www.prospectivecooperation.org\/es\/wp-json\/wp\/v2\/users\/5"}],"replies":[{"embeddable":true,"href":"https:\/\/www.prospectivecooperation.org\/es\/wp-json\/wp\/v2\/comments?post=5989"}],"version-history":[{"count":2,"href":"https:\/\/www.prospectivecooperation.org\/es\/wp-json\/wp\/v2\/pages\/5989\/revisions"}],"predecessor-version":[{"id":5991,"href":"https:\/\/www.prospectivecooperation.org\/es\/wp-json\/wp\/v2\/pages\/5989\/revisions\/5991"}],"up":[{"embeddable":true,"href":"https:\/\/www.prospectivecooperation.org\/es\/wp-json\/wp\/v2\/pages\/240"}],"wp:attachment":[{"href":"https:\/\/www.prospectivecooperation.org\/es\/wp-json\/wp\/v2\/media?parent=5989"}],"curies":[{"name":"wp","href":"https:\/\/api.w.org\/{rel}","templated":true}]}}