{"id":302,"date":"2014-09-16T14:13:00","date_gmt":"2014-09-16T12:13:00","guid":{"rendered":"http:\/\/preprod.prospectivecooperation.org\/?page_id=302"},"modified":"2024-04-19T16:48:20","modified_gmt":"2024-04-19T14:48:20","slug":"comite-cientifico","status":"publish","type":"page","link":"https:\/\/www.prospectivecooperation.org\/es\/objetivos-misiones-4\/comite-cientifico\/","title":{"rendered":"Comit\u00e9 Cient\u00edfico"},"content":{"rendered":"<div class=\"wpb-content-wrapper\"><p>[vc_row][vc_column][vc_toggle title=\u00bbVincent Wallaert\u00bb open=\u00bbtrue\u00bb icon=\u00bbangle-up\u00bb icon_closed=\u00bbangle-down\u00bb icon_position=\u00bbto-right\u00bb]<a href=\"http:\/\/www.prospectivecooperation.org\/wp-content\/uploads\/2014\/09\/Vincent-Wallaert-2-Copier-622x440.jpg\"><img loading=\"lazy\" decoding=\"async\" class=\" wp-image-2549 alignleft\" src=\"http:\/\/www.prospectivecooperation.org\/wp-content\/uploads\/2014\/09\/Vincent-Wallaert-2-Copier-622x440-249x300.jpg\" alt=\"Vincent-Wallaert-2-Copier-622x440\" width=\"173\" height=\"208\" srcset=\"https:\/\/www.prospectivecooperation.org\/wp-content\/uploads\/2014\/09\/Vincent-Wallaert-2-Copier-622x440-249x300.jpg 249w, https:\/\/www.prospectivecooperation.org\/wp-content\/uploads\/2014\/09\/Vincent-Wallaert-2-Copier-622x440.jpg 323w\" sizes=\"auto, (max-width: 173px) 100vw, 173px\" \/><\/a><\/p>\n<p>VINCENT WALLAERT es <strong>Jefe del Departamento Europa<\/strong> de Aix-Marsella-Provenza M\u00e9tropole (MAMP).<\/p>\n<p>Anteriormente ocup\u00f3, de 2013 a 2016, el cargo de <strong>Jefe de la Unidad de Cooperaci\u00f3n<\/strong> de la <strong>Agencia para las Ciudades y Territorios Mediterr\u00e1neos Sostenibles (AVITEM)<\/strong>, al tiempo que impart\u00eda clases de<strong> econom\u00eda territorial<\/strong> y <strong>gesti\u00f3n de proyectos<\/strong> en <strong>m\u00e1steres de la Universidad de Aix-Marsella<\/strong> y de <strong>Science Po Grenoble<\/strong>.[\/vc_toggle][vc_toggle title=\u00bbMarc Lescaudron\u00bb open=\u00bbtrue\u00bb icon=\u00bbangle-up\u00bb icon_closed=\u00bbangle-down\u00bb icon_position=\u00bbto-right\u00bb]<img loading=\"lazy\" decoding=\"async\" class=\"alignleft size-full wp-image-1294\" src=\"http:\/\/www.prospectivecooperation.org\/wp-content\/uploads\/2014\/09\/m_lescaudron.jpg\" alt=\"m lescaudron\" width=\"160\" height=\"166\" \/><\/p>\n<p>MARC LESCAUDRON es actualmente <strong>evaluador y formador<\/strong> en <em>Prospective &amp; Cooperation<\/em>. Durante 14 a\u00f1os fue responsable de programas <strong>de refuerzo de las capacidades de los actores locales en \u00c1frica Occidental, en el Mediterr\u00e1neo y en Am\u00e9rica Latina<\/strong>. En este contexto, estuvo a cargo de estudios de viabilidad, concepci\u00f3n y supervisi\u00f3n de programas.<\/p>\n<p>Tiene un D.E.A en Historia de las Relaciones Internacionales por la Sorbona y la Universidade Federal da Bahia (Brezil), un M\u00e1ster en <strong>Sociolog\u00eda de las Organizaciones de Desarrollo<\/strong> en el IEDES (Institut d&#8217;Etudes du D\u00e9veloppement Economique et Social- Paris I Sorbonne) y un M\u00e1ster en <strong>Acci\u00f3n Humanitaria y Derecho<\/strong> por la Universidad de Aix-Marsella, Profesor en el IEDES de la Sorbona y en la Universidad de Aix-Marsella desde entonces, practica los principios de la <strong>pedagog\u00eda activa<\/strong> y domina las herramientas del <strong>an\u00e1lisis institucional participativo<\/strong>.<\/p>\n<p>Por \u00faltimo, ha patrocinado y dirigido <strong>evaluaciones<\/strong> para varias ONG y organizaciones internacionales en \u00c1frica, el Mediterr\u00e1neo y Asia.[\/vc_toggle][vc_toggle title=\u00bbJean Gaudart\u00bb open=\u00bbtrue\u00bb icon=\u00bbangle-up\u00bb icon_closed=\u00bbangle-down\u00bb icon_position=\u00bbto-right\u00bb el_id=\u00bb1513679112699-bab19425-6311&#8243;]<a href=\"http:\/\/www.prospectivecooperation.org\/wp-content\/uploads\/2014\/09\/Jean-Gaudart.jpg\"><img loading=\"lazy\" decoding=\"async\" class=\" wp-image-2548 alignleft\" src=\"http:\/\/www.prospectivecooperation.org\/wp-content\/uploads\/2014\/09\/Jean-Gaudart.jpg\" alt=\"Jean Gaudart\" width=\"185\" height=\"185\" srcset=\"https:\/\/www.prospectivecooperation.org\/wp-content\/uploads\/2014\/09\/Jean-Gaudart.jpg 298w, https:\/\/www.prospectivecooperation.org\/wp-content\/uploads\/2014\/09\/Jean-Gaudart-150x150.jpg 150w, https:\/\/www.prospectivecooperation.org\/wp-content\/uploads\/2014\/09\/Jean-Gaudart-480x480.jpg 480w\" sizes=\"auto, (max-width: 185px) 100vw, 185px\" \/><\/a><\/p>\n<p>JEAN GAUDART es <strong>doctor<\/strong>, especialista en <strong>Salud P\u00fablica<\/strong> y profesor de <strong>Bioestad\u00edstica<\/strong>. Sus investigaciones se centran en el an\u00e1lisis de la din\u00e1mica espacio-temporal de las epidemias, en particular la <strong>malaria<\/strong> y el <strong>c\u00f3lera<\/strong>. En particular, ha desarrollado modelos matem\u00e1ticos para evaluar la relaci\u00f3n entre la transmisi\u00f3n, especialmente del paludismo, y diversos factores como el medio ambiente, el comportamiento econ\u00f3mico y la movilidad.<\/p>\n<p>Lleva unos 16 a\u00f1os colaborando estrechamente con el <strong>Centro de Investigaci\u00f3n y Formaci\u00f3n sobre la Malaria (MRTC)<\/strong> de Bamako, Mal\u00ed (Pr Ogobara Doumbo), y actualmente dirige el eje de <strong>investigaci\u00f3n Din\u00e1mica epid\u00e9mica y territorio dentro de la UMR912<\/strong>. Tambi\u00e9n es responsable de un <strong>m\u00e1ster en Salud P\u00fablica, Sociedades, Desarrollos (Universidad Aix Marseille<\/strong>, ense\u00f1anza a distancia), con cerca de 60 estudiantes al a\u00f1o, y es director de tesis de doctorandos de numerosos pa\u00edses (Mali, Burkina Faso, Senegal, Togo), en colaboraci\u00f3n con socios locales de investigaci\u00f3n.<\/p>\n<p>.[\/vc_toggle][vc_toggle title=\u00bbElisabeth Dorier\u00bb open=\u00bbtrue\u00bb icon=\u00bbangle-up\u00bb icon_closed=\u00bbangle-down\u00bb icon_position=\u00bbto-right\u00bb el_id=\u00bb1513679112699-bab19425-6311&#8243;]<\/p>\n<p style=\"text-align: justify;\"><a href=\"https:\/\/www.prospectivecooperation.org\/wp-content\/uploads\/2020\/03\/Elisabeth_Dorier2.jpg\"><img loading=\"lazy\" decoding=\"async\" class=\" wp-image-3899 alignleft\" src=\"https:\/\/www.prospectivecooperation.org\/wp-content\/uploads\/2020\/03\/Elisabeth_Dorier2-300x300.jpg\" alt=\"\" width=\"176\" height=\"176\" srcset=\"https:\/\/www.prospectivecooperation.org\/wp-content\/uploads\/2020\/03\/Elisabeth_Dorier2-300x300.jpg 300w, https:\/\/www.prospectivecooperation.org\/wp-content\/uploads\/2020\/03\/Elisabeth_Dorier2-150x150.jpg 150w, https:\/\/www.prospectivecooperation.org\/wp-content\/uploads\/2020\/03\/Elisabeth_Dorier2.jpg 512w\" sizes=\"auto, (max-width: 176px) 100vw, 176px\" \/><\/a><\/p>\n<p>ELISABETH DORIER es <strong>ge\u00f3grafa<\/strong>, profesora en la Universidad de Aix-Marsella, investigadora en el <strong>LPED <\/strong>(Population Environment Development), especializada en <strong>enfoques socioambientales urbanos<\/strong>, antigua miembro del <strong>IUF<\/strong> (Institut Universitaire de France).<\/p>\n<p>Tras una tesis sobre Brazzaville, <strong>\u00abMedio ambiente y salud en Brazzaville, Congo: de la ecolog\u00eda urbana a la geograf\u00eda social\u00bb<\/strong>, obtiene el t\u00edtulo de profesora con un trabajo sobre <strong>\u00abSociedades urbanas y medio ambiente en las ciudades africanas\u00bb<\/strong> en el que moviliza sus trabajos sobre la <strong>gobernanza urbana en Ben\u00edn, Congo y Mali<\/strong>.<\/p>\n<p>De 2011 a 2020, en el marco de una colaboraci\u00f3n con el Ministerio de Asuntos Sociales y Acci\u00f3n Humanitaria, el <strong>AfDB<\/strong> y la <strong>AFD<\/strong>, realiza una serie de diagn\u00f3sticos sectoriales y territoriales basados en encuestas directas en las zonas m\u00e1s afectadas por las guerras en <strong>Congo Brazzaville,<\/strong> antes de pilotar estudios sobre la <strong>pobreza territorial<\/strong> en este pa\u00eds.<\/p>\n<p>En <strong>Marsella<\/strong>, donde reside, siguiendo la misma metodolog\u00eda que combina la <strong>investigaci\u00f3n de campo y la cartograf\u00eda estad\u00edstica<\/strong>, participa desde 2018, en relaci\u00f3n con la fundaci\u00f3n <strong>Abb\u00e9 Pierre <\/strong>y el<strong> HCLPD<\/strong> (Alto Comit\u00e9 para la Vivienda de las Personas Desfavorecidas), en la construcci\u00f3n de un <strong>GIS<\/strong> y un seguimiento cartogr\u00e1fico de las problem\u00e1ticas de la <strong>vivienda precaria, las evacuaciones de urgencia<\/strong> y la <strong>vivienda social<\/strong>.<\/p>\n<p>Publicaciones:<\/p>\n<ul>\n<li class=\"titre-article\"><a href=\"https:\/\/www.cairn.info\/revue-herodote-2015-3-page-132.htm\" target=\"_blank\" rel=\"noopener noreferrer\">Dynamiques territoriales du postconflit et de la reconstruction au Congo-Brazzaville<\/a><\/li>\n<li><a href=\"https:\/\/urbanicites.hypotheses.org\/2872\" target=\"_blank\" rel=\"noopener noreferrer\">La crise du logement indigne et ses enjeux \u00e0 Marseille, une veille cartographique (2018-2020)<\/a><\/li>\n<li><a href=\"https:\/\/urbanicites.hypotheses.org\/2872\" target=\"_blank\" rel=\"noopener noreferrer\">La crise du logement indigne et ses enjeux \u00e0 Marseille, une veille cartographique (2018-2020)<\/a><\/li>\n<li>Contribuciones para <a href=\"http:\/\/www.hclpd.gouv.fr\/a-la-une-r5.html\" target=\"_blank\" rel=\"noopener noreferrer\">rapports du HCLPD<\/a><\/li>\n<\/ul>\n<p>[\/vc_toggle][vc_toggle title=\u00bbXavier Durang\u00bb open=\u00bbtrue\u00bb icon=\u00bbangle-up\u00bb icon_closed=\u00bbangle-down\u00bb icon_position=\u00bbto-right\u00bb el_id=\u00bb1513679112699-bab19425-6311&#8243;][\/vc_toggle][vc_toggle title=\u00bbStanislas Rebaudet\u00bb open=\u00bbtrue\u00bb icon=\u00bbangle-up\u00bb icon_closed=\u00bbangle-down\u00bb icon_position=\u00bbto-right\u00bb el_id=\u00bb1513679112699-bab19425-6311&#8243;][\/vc_toggle][vc_toggle title=\u00bbAntiguos miembros\u00bb open=\u00bbtrue\u00bb icon=\u00bbangle-up\u00bb icon_closed=\u00bbangle-down\u00bb icon_position=\u00bbto-right\u00bb]<a href=\"https:\/\/www.prospectivecooperation.org\/es\/objetivos-misiones-4\/comite-cientifico-historico\/\" target=\"_blank\" rel=\"noopener noreferrer\">&gt;&gt; Ver antiguos miembros del Comit\u00e9 Cient\u00edfico<\/a>[\/vc_toggle][\/vc_column][\/vc_row]<\/p>\n<\/div>","protected":false},"excerpt":{"rendered":"<p>[vc_row][vc_column][vc_toggle title=\u00bbVincent Wallaert\u00bb open=\u00bbtrue\u00bb icon=\u00bbangle-up\u00bb icon_closed=\u00bbangle-down\u00bb icon_position=\u00bbto-right\u00bb] VINCENT WALLAERT es Jefe del Departamento Europa de Aix-Marsella-Provenza M\u00e9tropole (MAMP). Anteriormente ocup\u00f3, de 2013 a 2016, el cargo de Jefe de la Unidad de Cooperaci\u00f3n de la Agencia para las Ciudades y Territorios Mediterr\u00e1neos Sostenibles (AVITEM), al tiempo que impart\u00eda clases de econom\u00eda territorial y gesti\u00f3n de proyectos en m\u00e1steres de la [&hellip;]<\/p>\n","protected":false},"author":11317,"featured_media":0,"parent":145,"menu_order":0,"comment_status":"open","ping_status":"closed","template":"","meta":{"footnotes":""},"class_list":["post-302","page","type-page","status-publish","hentry"],"_links":{"self":[{"href":"https:\/\/www.prospectivecooperation.org\/es\/wp-json\/wp\/v2\/pages\/302","targetHints":{"allow":["GET"]}}],"collection":[{"href":"https:\/\/www.prospectivecooperation.org\/es\/wp-json\/wp\/v2\/pages"}],"about":[{"href":"https:\/\/www.prospectivecooperation.org\/es\/wp-json\/wp\/v2\/types\/page"}],"author":[{"embeddable":true,"href":"https:\/\/www.prospectivecooperation.org\/es\/wp-json\/wp\/v2\/users\/11317"}],"replies":[{"embeddable":true,"href":"https:\/\/www.prospectivecooperation.org\/es\/wp-json\/wp\/v2\/comments?post=302"}],"version-history":[{"count":12,"href":"https:\/\/www.prospectivecooperation.org\/es\/wp-json\/wp\/v2\/pages\/302\/revisions"}],"predecessor-version":[{"id":6123,"href":"https:\/\/www.prospectivecooperation.org\/es\/wp-json\/wp\/v2\/pages\/302\/revisions\/6123"}],"up":[{"embeddable":true,"href":"https:\/\/www.prospectivecooperation.org\/es\/wp-json\/wp\/v2\/pages\/145"}],"wp:attachment":[{"href":"https:\/\/www.prospectivecooperation.org\/es\/wp-json\/wp\/v2\/media?parent=302"}],"curies":[{"name":"wp","href":"https:\/\/api.w.org\/{rel}","templated":true}]}}