{"id":240,"date":"2014-09-16T12:34:18","date_gmt":"2014-09-16T10:34:18","guid":{"rendered":"http:\/\/preprod.prospectivecooperation.org\/?page_id=240"},"modified":"2015-02-19T14:47:55","modified_gmt":"2015-02-19T13:47:55","slug":"proyecto-asociativo","status":"publish","type":"page","link":"https:\/\/www.prospectivecooperation.org\/es\/prospective-cooperation\/proyecto-asociativo\/","title":{"rendered":"Proyecto asociativo"},"content":{"rendered":"<div class=\"wpb-content-wrapper\"><p>[vc_row][vc_column][vc_column_text css_animation=\u00bbright-to-left\u00bb]El objetivo de nuestra asociaci\u00f3n es la mejora de la formulaci\u00f3n y de la puesta en marche de pol\u00edticas p\u00fablicas y privadas de la Cooperaci\u00f3n internacional.<\/p>\n<p>M\u00e1s concretamente, fomentamos la reflexi\u00f3n entre investigadores acad\u00e9micos pluridisciplinarios y operadores internacionales de la Cooperaci\u00f3n internacional para poder actuar mejor.[\/vc_column_text][vc_column_text css_animation=\u00bbright-to-left\u00bb]Orientamos nuestras actividades a trav\u00e9s de cuatro ejes principales para cumplir estos objetivos:[\/vc_column_text][vc_empty_space height=\u00bb10px\u00bb]<ul class=\"fontelo-list colored-icons\" style=\"float:left;\"><li><i class=\"icon-angle-right\"><\/i> Construir, debatir y difundir una reflexi\u00f3n y proposiciones de innovaci\u00f3n<\/li><li><i class=\"icon-angle-right\"><\/i> Apoyar y asesorar los actores p\u00fablicos y privados de la cooperaci\u00f3n internacional<\/li><li><i class=\"icon-angle-right\"><\/i> Formar estos actores seg\u00fan sus necesidades y demandas<\/li><li><i class=\"icon-angle-right\"><\/i> Sensibilizar a los responsables, los actores y el p\u00fablico en general sobre los desaf\u00edos del desarrollo<\/li><\/ul>[\/vc_column][\/vc_row]<\/p>\n<\/div>","protected":false},"excerpt":{"rendered":"<p>[vc_row][vc_column][vc_column_text css_animation=\u00bbright-to-left\u00bb]El objetivo de nuestra asociaci\u00f3n es la mejora de la formulaci\u00f3n y de la puesta en marche de pol\u00edticas p\u00fablicas y privadas de la Cooperaci\u00f3n internacional. M\u00e1s concretamente, fomentamos la reflexi\u00f3n entre investigadores acad\u00e9micos pluridisciplinarios y operadores internacionales de la Cooperaci\u00f3n internacional para poder actuar mejor.[\/vc_column_text][vc_column_text css_animation=\u00bbright-to-left\u00bb]Orientamos nuestras actividades a trav\u00e9s de cuatro ejes principales para cumplir estos objetivos:[\/vc_column_text][vc_empty_space [&hellip;]<\/p>\n","protected":false},"author":11317,"featured_media":0,"parent":120,"menu_order":0,"comment_status":"open","ping_status":"closed","template":"","meta":{"footnotes":""},"class_list":["post-240","page","type-page","status-publish","hentry"],"_links":{"self":[{"href":"https:\/\/www.prospectivecooperation.org\/es\/wp-json\/wp\/v2\/pages\/240","targetHints":{"allow":["GET"]}}],"collection":[{"href":"https:\/\/www.prospectivecooperation.org\/es\/wp-json\/wp\/v2\/pages"}],"about":[{"href":"https:\/\/www.prospectivecooperation.org\/es\/wp-json\/wp\/v2\/types\/page"}],"author":[{"embeddable":true,"href":"https:\/\/www.prospectivecooperation.org\/es\/wp-json\/wp\/v2\/users\/11317"}],"replies":[{"embeddable":true,"href":"https:\/\/www.prospectivecooperation.org\/es\/wp-json\/wp\/v2\/comments?post=240"}],"version-history":[{"count":4,"href":"https:\/\/www.prospectivecooperation.org\/es\/wp-json\/wp\/v2\/pages\/240\/revisions"}],"predecessor-version":[{"id":1352,"href":"https:\/\/www.prospectivecooperation.org\/es\/wp-json\/wp\/v2\/pages\/240\/revisions\/1352"}],"up":[{"embeddable":true,"href":"https:\/\/www.prospectivecooperation.org\/es\/wp-json\/wp\/v2\/pages\/120"}],"wp:attachment":[{"href":"https:\/\/www.prospectivecooperation.org\/es\/wp-json\/wp\/v2\/media?parent=240"}],"curies":[{"name":"wp","href":"https:\/\/api.w.org\/{rel}","templated":true}]}}