{"id":145,"date":"2014-09-05T17:04:29","date_gmt":"2014-09-05T15:04:29","guid":{"rendered":"http:\/\/preprod.prospectivecooperation.org\/?page_id=145"},"modified":"2015-02-19T15:30:16","modified_gmt":"2015-02-19T14:30:16","slug":"objetivos-misiones-4","status":"publish","type":"page","link":"https:\/\/www.prospectivecooperation.org\/es\/objetivos-misiones-4\/","title":{"rendered":"Laboratorio de ideas"},"content":{"rendered":"<div class=\"wpb-content-wrapper\"><p>[vc_row][vc_column][vc_column_text css_animation=\u00bbright-to-left\u00bb]El objetivo del laboratorio de ideas es fomentar la reflexi\u00f3n y crear proposiciones innovadoras sobre la formulaci\u00f3n y la puesta en marcha de pol\u00edticas p\u00fablicas y privadas en materia de cooperaci\u00f3n internacional..<\/p>\n<p>Varias actividades son desarrolladas en su seno:[\/vc_column_text]<ul class=\"fontelo-list colored-icons list-icon-large\" style=\"float:left;\"><li><i class=\"icon-angle-circled-right\"><\/i> <strong>La coordinaci\u00f3n y la organizaci\u00f3n de un laboratorio de ideas agrupando investigadores acad\u00e9micos pluridisciplinarios y operadores internacionales<\/strong><\/li><li><i class=\"icon-angle-circled-right\"><\/i> <strong>La organizaci\u00f3n de Conferencias-Debates <\/strong><\/li><li><i class=\"icon-angle-circled-right\"><\/i> <strong>La publicaci\u00f3n y la difusi\u00f3n de an\u00e1lisis, reflexiones y proposiciones de innovaci\u00f3n<\/strong><\/li><li><i class=\"icon-angle-circled-right\"><\/i> <strong>La Organizaci\u00f3n de un Coloquio Internacional anual <\/strong><\/li><li><i class=\"icon-angle-circled-right\"><\/i> <strong>La Realizaci\u00f3n de estudios e investigaciones asociados con Laboratorios acad\u00e9micos <\/strong>\n<strong>\u00a0<\/strong>\n<strong>\u00a0<\/strong>\n<strong>\u00a0<\/strong><\/li><\/ul>[\/vc_column][\/vc_row][vc_row][vc_column][vc_column_text]<\/p>\n<p>&nbsp;<\/p>\n<p>[\/vc_column_text][\/vc_column][\/vc_row]<\/p>\n<\/div>","protected":false},"excerpt":{"rendered":"<p>[vc_row][vc_column][vc_column_text css_animation=\u00bbright-to-left\u00bb]El objetivo del laboratorio de ideas es fomentar la reflexi\u00f3n y crear proposiciones innovadoras sobre la formulaci\u00f3n y la puesta en marcha de pol\u00edticas p\u00fablicas y privadas en materia de cooperaci\u00f3n internacional.. Varias actividades son desarrolladas en su seno:[\/vc_column_text][\/vc_column][\/vc_row][vc_row][vc_column][vc_column_text] &nbsp; [\/vc_column_text][\/vc_column][\/vc_row]<\/p>\n","protected":false},"author":11317,"featured_media":0,"parent":0,"menu_order":0,"comment_status":"open","ping_status":"open","template":"","meta":{"footnotes":""},"class_list":["post-145","page","type-page","status-publish","hentry"],"_links":{"self":[{"href":"https:\/\/www.prospectivecooperation.org\/es\/wp-json\/wp\/v2\/pages\/145","targetHints":{"allow":["GET"]}}],"collection":[{"href":"https:\/\/www.prospectivecooperation.org\/es\/wp-json\/wp\/v2\/pages"}],"about":[{"href":"https:\/\/www.prospectivecooperation.org\/es\/wp-json\/wp\/v2\/types\/page"}],"author":[{"embeddable":true,"href":"https:\/\/www.prospectivecooperation.org\/es\/wp-json\/wp\/v2\/users\/11317"}],"replies":[{"embeddable":true,"href":"https:\/\/www.prospectivecooperation.org\/es\/wp-json\/wp\/v2\/comments?post=145"}],"version-history":[{"count":5,"href":"https:\/\/www.prospectivecooperation.org\/es\/wp-json\/wp\/v2\/pages\/145\/revisions"}],"predecessor-version":[{"id":1364,"href":"https:\/\/www.prospectivecooperation.org\/es\/wp-json\/wp\/v2\/pages\/145\/revisions\/1364"}],"wp:attachment":[{"href":"https:\/\/www.prospectivecooperation.org\/es\/wp-json\/wp\/v2\/media?parent=145"}],"curies":[{"name":"wp","href":"https:\/\/api.w.org\/{rel}","templated":true}]}}