{"id":1353,"date":"2015-02-19T14:50:15","date_gmt":"2015-02-19T13:50:15","guid":{"rendered":"http:\/\/preprod.prospectivecooperation.org\/?page_id=1353"},"modified":"2015-02-19T14:59:22","modified_gmt":"2015-02-19T13:59:22","slug":"asociados","status":"publish","type":"page","link":"https:\/\/www.prospectivecooperation.org\/es\/prospective-cooperation\/asociados\/","title":{"rendered":"Asociados"},"content":{"rendered":"<div class=\"wpb-content-wrapper\"><p>[vc_row][vc_column width=\u00bb1\/1&#8243;][vc_column_text css_animation=\u00bbright-to-left\u00bb]<\/p>\n<h2>Asociados t\u00e9cnicos y financieros<\/h2>\n<p>Las actividades realizadas por Prospective et Coop\u00e9ration beneficiaron del apoyo de asociados t\u00e9cnicos y financieros o fueron comanditadas en el marco de prestaci\u00f3n de servicios. Estos asociados y comanditarios son:<br \/>\n[\/vc_column_text][\/vc_column][\/vc_row][vc_row][vc_column width=\u00bb1\/1&#8243;]<div class=\"row multi-columns-row colored-icons one-column-items\"><div class=\"feature-items col-xs-12  col-md-12\"><div class=\"kleo-block feature-item list-el-animated default-icons-size\"><span class=\"feature-icon el-appear icon-ok-squared\"><\/span><h3 class=\"feature-title\">Asociados institucionales :<\/h3><div class=\"feature-text\"><\/p>\n<ul>\n<li><a href=\"http:\/\/www.afd.fr\/home\">l&#8217;Agence Fran\u00e7aise de D\u00e9veloppement<\/a> (AFD) en Francia<\/li>\n<li><a href=\"http:\/\/www.ird.fr\/\">Institut de Recherche pour le D\u00e9veloppement (IRD) en Francia<\/a><\/li>\n<li><a href=\"http:\/\/www.cud.be\/\">Acad\u00e9mie de Recherche et d\u2019Enseignement sup\u00e9rieur \u2013 Commission de la Coop\u00e9ration au D\u00e9veloppement (ARES-CCD) en B\u00e9lgica<\/a><\/li>\n<li>Commission Universitaire pour le D\u00e9veloppement- CUD en B\u00e9lgica<\/li>\n<li>Minist\u00e8re de la sant\u00e9 en Mongolia<\/li>\n<li>Minist\u00e8re de la sant\u00e9 au Burkina Faso<\/li>\n<li>Union Economique et Mon\u00e9taire Ouest Africaine\/ bureau d\u2019\u00e9tudes CECOFORMA<\/li>\n<\/ul>\n<p><\/div><\/div><\/div><div class=\"feature-items col-xs-12  col-md-12\"><div class=\"kleo-block feature-item list-el-animated default-icons-size\"><span class=\"feature-icon el-appear icon-ok-squared\"><\/span><h3 class=\"feature-title\">Universidades e Institutos de investigaci\u00f3n:<\/h3><div class=\"feature-text\"><\/p>\n<ul>\n<li><a href=\"http:\/\/www.univ-amu.fr\/\">Aix Marseille Universit\u00e9<\/a> (AMU), Facult\u00e9 de Droit &#8211; Institut d&#8217;Etudes Humanitaires Internationales, Facult\u00e9 de M\u00e9decine, Facult\u00e9 de Lettres<\/li>\n<li><a href=\"http:\/\/www.univ-paris1.fr\/es\/ufr\/iedes\/\">Universit\u00e9 Paris 1 Panth\u00e9on Sorbonne-IEDES<\/a> (Institut d&#8217;\u00c9tude du D\u00e9veloppement \u00c9conomique et Social)<\/li>\n<li><a href=\"http:\/\/www.sciencespo-grenoble.fr\/\">Institut d\u2019Etudes Politique<\/a>\u00a0(IEP) de\u00a0Grenoble<\/li>\n<li><a href=\"http:\/\/impgt.univ-amu.fr\/\">l\u2019Institut de Management Public et de Gouvernance Territoriale<\/a> (IMPGT)<\/li>\n<li>Mus\u00e9e des Civilisations europ\u00e9ennes et M\u00e9diterran\u00e9ennes- Institut M\u00e9diterran\u00e9en des M\u00e9tiers du Patrimoine (MuCEM I2MP)<\/li>\n<li>Universit\u00e9 Catholique de Louvain<\/li>\n<li><a href=\"http:\/\/aucp.fr\/\">American University Center of Provence<\/a> (AUCP)<\/li>\n<\/ul>\n<p><\/div><\/div><\/div><div class=\"feature-items col-xs-12  col-md-12\"><div class=\"kleo-block feature-item list-el-animated default-icons-size\"><span class=\"feature-icon el-appear icon-ok-squared\"><\/span><h3 class=\"feature-title\">Redes :<\/h3><div class=\"feature-text\"><\/p>\n<ul>\n<li>Fonds pour la promotion des \u00c9tudes pr\u00e9alables, des \u00c9tudes transversales et \u00c9valuations (F3E) en Francia<\/li>\n<li>Groupe <em>initiatives<\/em> (GRDR, GRET, IRAM, CIEDEL, AVSF, HSF, ESSOR, APDRA, GERES, ID, GEVALOR) en Francia<\/li>\n<li>Territoires Solidaires en Francia<\/li>\n<\/ul>\n<p><\/div><\/div><\/div><div class=\"feature-items col-xs-12  col-md-12\"><div class=\"kleo-block feature-item list-el-animated default-icons-size\"><span class=\"feature-icon el-appear icon-ok-squared\"><\/span><h3 class=\"feature-title\">ONG <\/h3><div class=\"feature-text\"><\/p>\n<ul>\n<li>Croix Rouge Fran\u00e7aise (CRF) en Francia<\/li>\n<li>M\u00e9decins du Monde (MDM) en Francia<\/li>\n<li>Handicap International (HI) en Francia<\/li>\n<li>Centre International pour le D\u00e9veloppement et la Recherche (CIDR) en Francia y en B\u00e9nin<\/li>\n<li>Solidarit\u00e9 La\u00efque en Francia<\/li>\n<li>Sant\u00e9 Sud en Francia<\/li>\n<li>Entreprises Territoires et D\u00e9veloppement (ETD) en Togo<\/li>\n<li>Terre Des Hommes France (TDHF)<\/li>\n<li>HumaniTerra International (HTI) en Francia<\/li>\n<li>Secours catholique\/ CARITAS France<\/li>\n<\/ul>\n<p><\/div><\/div><\/div><div class=\"feature-items col-xs-12  col-md-12\"><div class=\"kleo-block feature-item list-el-animated default-icons-size\"><span class=\"feature-icon el-appear icon-ok-squared\"><\/span><h3 class=\"feature-title\">Asociados operacionales sobre acciones puntuales o regulares: <\/h3><div class=\"feature-text\"><\/p>\n<ul>\n<li><a href=\"http:\/\/www.supagro.fr\/web\/\">SupAgro Montpellier<\/a><\/li>\n<li><a href=\"http:\/\/www.cirad.fr\/\">CIRAD<\/a><\/li>\n<li><a href=\"http:\/\/www.ird.fr\/\">Institut de Recherche pour le D\u00e9veloppement<\/a> (IRD)<\/li>\n<li><a href=\"http:\/\/www.lasdel.net\/\">LASDEL <\/a>Universit\u00e9 de Niamey<\/li>\n<li><a href=\"http:\/\/ifan.ucad.sn\/index.php?option=com_frontpage&amp;Itemid=1\">LARTES<\/a> Institut Fondamental d\u2019Afrique Noire-IFAN Universit\u00e9 Cheick Antha Diop en Dakar<\/li>\n<li><a href=\"http:\/\/www.kedgebs.com\/fr\">Kedge Business School<\/a><\/li>\n<li>Universit\u00e9 de Ouagadougou<\/li>\n<li>Universit\u00e9 de Bamako<\/li>\n<li>Universit\u00e9 de Lom\u00e9<\/li>\n<li>Universit\u00e9 de Cotonou\/ Abomey<\/li>\n<li><a href=\"http:\/\/www.bnpparibas.com\/fondation-bnp-paribas\">Plan\u00e8te Entrepreneurs<\/a> et <a href=\"http:\/\/fr.ulule.com\/jumping-tree\/\">The Jumping Tree,<\/a> ONG vinculadas con HEC<\/li>\n<li>Agence pour la promotion de la Petite et Moyenne Entreprise Agriculture et Artisanat (APM2A) en Burkina Faso<\/li>\n<li>Initiatives-Conseils-D\u00e9veloppement (ICD) en Mali<\/li>\n<\/ul>\n<p><\/div><\/div><\/div><\/div>[vc_column_text css_animation=\u00bbright-to-left\u00bb]Prospective et Coop\u00e9ration es igualmente miembro de la red de actores de la cooperaci\u00f3n y de la solidaridad internacional en la regi\u00f3n de PACA, Territoires Solidaires.[\/vc_column_text]<div class=\"row multi-columns-row colored-icons one-column-items\"><div class=\"feature-items col-xs-12  col-md-12\"><div class=\"kleo-block feature-item list-el-animated default-icons-size\"><span class=\"feature-icon el-appear icon-ok-squared\"><\/span><h3 class=\"feature-title\">Miembros del Club de Aliados :<\/h3><div class=\"feature-text\"><\/p>\n<ul>\n<li>Institut de Recherche pour le D\u00e9veloppement (IRD)<\/li>\n<li>Le Tamis, cooperativa de antrop\u00f3logos<\/li>\n<li>Plan\u00e8te Entrepreneurs et The Jumping Tree, ONG vinculadas con HEC<\/li>\n<\/ul>\n<p><\/div><\/div><\/div><\/div>[vc_column_text css_animation=\u00bbright-to-left\u00bb]El Club de Aliados est\u00e1 compuesto de miembros activos u honorarios, personas f\u00edsicas o morales. Oferece una opini\u00f3n consultativa sobre las grandes orientaciones de la pol\u00edtica general de la asociaci\u00f3n y elabora una reflexi\u00f3n colectiva sobre temas de cooperaci\u00f3n internacional.[\/vc_column_text][\/vc_column][\/vc_row]<\/p>\n<\/div>","protected":false},"excerpt":{"rendered":"<p>[vc_row][vc_column width=\u00bb1\/1&#8243;][vc_column_text css_animation=\u00bbright-to-left\u00bb] Asociados t\u00e9cnicos y financieros Las actividades realizadas por Prospective et Coop\u00e9ration beneficiaron del apoyo de asociados t\u00e9cnicos y financieros o fueron comanditadas en el marco de prestaci\u00f3n de servicios. Estos asociados y comanditarios son: [\/vc_column_text][\/vc_column][\/vc_row][vc_row][vc_column width=\u00bb1\/1&#8243;][vc_column_text css_animation=\u00bbright-to-left\u00bb]Prospective et Coop\u00e9ration es igualmente miembro de la red de actores de la cooperaci\u00f3n y de la solidaridad internacional en la [&hellip;]<\/p>\n","protected":false},"author":6,"featured_media":0,"parent":120,"menu_order":0,"comment_status":"open","ping_status":"closed","template":"","meta":{"footnotes":""},"class_list":["post-1353","page","type-page","status-publish","hentry"],"_links":{"self":[{"href":"https:\/\/www.prospectivecooperation.org\/es\/wp-json\/wp\/v2\/pages\/1353","targetHints":{"allow":["GET"]}}],"collection":[{"href":"https:\/\/www.prospectivecooperation.org\/es\/wp-json\/wp\/v2\/pages"}],"about":[{"href":"https:\/\/www.prospectivecooperation.org\/es\/wp-json\/wp\/v2\/types\/page"}],"author":[{"embeddable":true,"href":"https:\/\/www.prospectivecooperation.org\/es\/wp-json\/wp\/v2\/users\/6"}],"replies":[{"embeddable":true,"href":"https:\/\/www.prospectivecooperation.org\/es\/wp-json\/wp\/v2\/comments?post=1353"}],"version-history":[{"count":3,"href":"https:\/\/www.prospectivecooperation.org\/es\/wp-json\/wp\/v2\/pages\/1353\/revisions"}],"predecessor-version":[{"id":1356,"href":"https:\/\/www.prospectivecooperation.org\/es\/wp-json\/wp\/v2\/pages\/1353\/revisions\/1356"}],"up":[{"embeddable":true,"href":"https:\/\/www.prospectivecooperation.org\/es\/wp-json\/wp\/v2\/pages\/120"}],"wp:attachment":[{"href":"https:\/\/www.prospectivecooperation.org\/es\/wp-json\/wp\/v2\/media?parent=1353"}],"curies":[{"name":"wp","href":"https:\/\/api.w.org\/{rel}","templated":true}]}}