{"id":120,"date":"2014-09-05T16:52:41","date_gmt":"2014-09-05T14:52:41","guid":{"rendered":"http:\/\/preprod.prospectivecooperation.org\/?page_id=120"},"modified":"2015-02-20T16:04:41","modified_gmt":"2015-02-20T15:04:41","slug":"prospective-cooperation","status":"publish","type":"page","link":"https:\/\/www.prospectivecooperation.org\/es\/prospective-cooperation\/","title":{"rendered":"Prospective &#038; Cooperation"},"content":{"rendered":"<div class=\"wpb-content-wrapper\"><p>[vc_row][vc_column][vc_column_text css_animation=\u00bbright-to-left\u00bb]Asociaci\u00f3n fundada por investigadores y profesionales de la Cooperaci\u00f3n internacional en Europa, \u00c1frica, Asia y Am\u00e9rica, <strong><em>Prospective &amp; Cooperation<\/em><\/strong> <strong>promueve pol\u00edticas y pr\u00e1cticas innovadoras<\/strong>. Esta iniciativa responde a la reconfiguraci\u00f3n de pol\u00edticas de desarrollo en un mundo caracterizado por la multipolarizaci\u00f3n y el ascenso creciente de los operadores y expertos de los pa\u00edses del Sur.<\/p>\n<p>A trav\u00e9s de espacios de encuentros, intercambios, reflexi\u00f3n y acciones compuestos de m\u00faltiples actores, Prospective et Coop\u00e9ration <strong>establece pasarelas<\/strong>:[\/vc_column_text][\/vc_column][\/vc_row][vc_row][vc_column width=\u00bb1\/1&#8243;]<ul class=\"fontelo-list colored-icons\" style=\"float:left;\"><li><i class=\"icon-angle-right\"><\/i> <strong>entre investigadores acad\u00e9micos y profesionales de la cooperaci\u00f3n al desarrollo<\/strong><\/li><li><i class=\"icon-angle-right\"><\/i> <strong>entre investigadores de distintos campos<\/strong><\/li><li><i class=\"icon-angle-right\"><\/i> <strong>entre profesionales de diferentes estructuras <\/strong>a nivel local, nacional o internacional<\/li><li><i class=\"icon-angle-right\"><\/i> <strong>entre los Nortes y los Sures\u2026<\/strong><\/li><\/ul>[\/vc_column][\/vc_row][vc_row][vc_column width=\u00bb1\/1&#8243;][vc_column_text css_animation=\u00bbright-to-left\u00bb]Prospective et Coop\u00e9ration ofrece un marco de intervenci\u00f3n y la posibilidad de tomar distancia con respecto a las pol\u00edticas p\u00fablicas para crear y proponer alternativas. Tambi\u00e9n cuenta con expertos para <strong>llevar a cabo investigaciones, realizar estudios y responder a las necesidades de sus clientes y asociados<\/strong> en las siguientes modalidades:[\/vc_column_text][vc_empty_space height=\u00bb20px\u00bb][\/vc_column][\/vc_row][vc_row][vc_column width=\u00bb1\/2&#8243;]<div class=\"row multi-columns-row colored-icons one-column-items\"><div class=\"feature-items col-xs-12  col-md-12\"><div class=\"kleo-block feature-item list-el-animated big-icons-size\"><span class=\"feature-icon el-appear icon-plus-squared\"><\/span><h3 class=\"feature-title\">Laboratorio de ideas <\/h3><div class=\"feature-text\">confrontaci\u00f3n de experiencias, conferencias-debates, seminarios internacionales, estudios, investigaciones, publicaciones<\/div><\/div><\/div><\/div><div class=\"row multi-columns-row colored-icons one-column-items\"><div class=\"feature-items col-xs-12  col-md-12\"><div class=\"kleo-block feature-item list-el-animated big-icons-size\"><span class=\"feature-icon el-appear icon-plus-squared\"><\/span><h3 class=\"feature-title\">Formaci\u00f3n<\/h3><div class=\"feature-text\">gesti\u00f3n de proyecto, participaci\u00f3n y movilizaci\u00f3n, econom\u00eda territorial y desarrollo local, econom\u00eda social y solidaria, acciones culturales, interculturalidad, geopol\u00edtica<\/div><\/div><\/div><\/div>[\/vc_column][vc_column width=\u00bb1\/2&#8243;]<div class=\"row multi-columns-row colored-icons one-column-items\"><div class=\"feature-items col-xs-12  col-md-12\"><div class=\"kleo-block feature-item list-el-animated big-icons-size\"><span class=\"feature-icon el-appear icon-plus-squared\"><\/span><h3 class=\"feature-title\">Apoyo-asesoramiento <\/h3><div class=\"feature-text\">movilizaci\u00f3n y diversificaci\u00f3n de la financiaci\u00f3n, estudios de factibilidad, apoyo metodol\u00f3gico, evaluaci\u00f3n, capitalizaci\u00f3n<\/div><\/div><\/div><\/div><div class=\"row multi-columns-row colored-icons one-column-items\"><div class=\"feature-items col-xs-12  col-md-12\"><div class=\"kleo-block feature-item list-el-animated big-icons-size\"><span class=\"feature-icon el-appear icon-plus-squared\"><\/span><h3 class=\"feature-title\">Educaci\u00f3n para el Desarrollo, la Ciudadan\u00eda y la Solidaridad <\/h3><div class=\"feature-text\">campa\u00f1as de informaci\u00f3n y sensibilizaci\u00f3n<\/div><\/div><\/div><\/div>[\/vc_column][\/vc_row][vc_row][vc_column width=\u00bb1\/1&#8243;][vc_column_text css_animation=\u00bbright-to-left\u00bb]Gracias a sus miembros procedentes de instituciones de referencia en materia de desarrollo y cooperaci\u00f3n en 4 continentes, <strong><em>Prospective &amp; Cooperation<\/em><\/strong> promueve la <strong>movilizaci\u00f3n de una red pluridisciplinar y pluralista del Norte y del Sur<\/strong>. Esta red de profesionales agrupa una gran variedad de peritajes, competencias y aptitudes complementarios, as\u00ed como permite movilizar a los equipos adecuados <strong>para responder con flexibilidad y creatividad a las necesidades de los actores de la cooperaci\u00f3n internacional<\/strong> en distintos formatos.<\/p>\n<p>Es una asociaci\u00f3n independiente sin \u00e1nimo de lucro ni afiliaci\u00f3n pol\u00edtica. Su gobernanza es cooperativa.[\/vc_column_text][\/vc_column][\/vc_row]<\/p>\n<\/div>","protected":false},"excerpt":{"rendered":"<p>[vc_row][vc_column][vc_column_text css_animation=\u00bbright-to-left\u00bb]Asociaci\u00f3n fundada por investigadores y profesionales de la Cooperaci\u00f3n internacional en Europa, \u00c1frica, Asia y Am\u00e9rica, Prospective &amp; Cooperation promueve pol\u00edticas y pr\u00e1cticas innovadoras. Esta iniciativa responde a la reconfiguraci\u00f3n de pol\u00edticas de desarrollo en un mundo caracterizado por la multipolarizaci\u00f3n y el ascenso creciente de los operadores y expertos de los pa\u00edses del Sur. A trav\u00e9s de espacios [&hellip;]<\/p>\n","protected":false},"author":11317,"featured_media":0,"parent":0,"menu_order":0,"comment_status":"open","ping_status":"closed","template":"","meta":{"footnotes":""},"class_list":["post-120","page","type-page","status-publish","hentry"],"_links":{"self":[{"href":"https:\/\/www.prospectivecooperation.org\/es\/wp-json\/wp\/v2\/pages\/120","targetHints":{"allow":["GET"]}}],"collection":[{"href":"https:\/\/www.prospectivecooperation.org\/es\/wp-json\/wp\/v2\/pages"}],"about":[{"href":"https:\/\/www.prospectivecooperation.org\/es\/wp-json\/wp\/v2\/types\/page"}],"author":[{"embeddable":true,"href":"https:\/\/www.prospectivecooperation.org\/es\/wp-json\/wp\/v2\/users\/11317"}],"replies":[{"embeddable":true,"href":"https:\/\/www.prospectivecooperation.org\/es\/wp-json\/wp\/v2\/comments?post=120"}],"version-history":[{"count":8,"href":"https:\/\/www.prospectivecooperation.org\/es\/wp-json\/wp\/v2\/pages\/120\/revisions"}],"predecessor-version":[{"id":1503,"href":"https:\/\/www.prospectivecooperation.org\/es\/wp-json\/wp\/v2\/pages\/120\/revisions\/1503"}],"wp:attachment":[{"href":"https:\/\/www.prospectivecooperation.org\/es\/wp-json\/wp\/v2\/media?parent=120"}],"curies":[{"name":"wp","href":"https:\/\/api.w.org\/{rel}","templated":true}]}}