{"id":3328,"date":"2019-05-15T15:50:18","date_gmt":"2019-05-15T13:50:18","guid":{"rendered":"https:\/\/www.prospectivecooperation.org\/?page_id=3328"},"modified":"2025-04-01T10:38:08","modified_gmt":"2025-04-01T08:38:08","slug":"continuing-education","status":"publish","type":"page","link":"https:\/\/www.prospectivecooperation.org\/en\/continuing-education\/","title":{"rendered":"Continuing Education"},"content":{"rendered":"<div class=\"wpb-content-wrapper\"><p>[vc_row][vc_column]<div class=\"row multi-columns-row colored-icons one-column-items\"><div class=\"feature-items col-xs-12  col-md-12\"><div class=\"kleo-block feature-item list-el-animated default-icons-size\"><span class=\"feature-icon el-appear icon-bookmark\"><\/span><h3 class=\"feature-title\"><\/h3><div class=\"feature-text\"><\/p>\n<h5><strong>Continuing education of health and social professionals:<\/strong><\/h5>\n<p><\/p>\n<ul>\n<li>Mental health training for professionals and activists from LGBT associations, Cambodia, Equipe France Fund, French Embassy\/MEAE<\/li>\n<li>Action training for SOS MEDITERRANEE teams in developing a 2024 operational strategy<\/li>\n<li>Action training for ANCRAGES association\u2019s teams: \u201cImproving visibility and sourcing of trainees\u201d and \u201cTraining to a multifactorial approach to discrimination\u201d, Fondation de France<\/li>\n<li>Training of staff in charge of a \u201cyoung migrant\u201d public (reception centre for asylum seekers, children\u2019s home open to isolated foreign minors, employment support service for statutory refugees) to the \u201cimpacts of the major geopolitical issues on the hosted public\u201d, \u201cto the history and current issues of migration in the world\u201d, to the \u201cevolutions and interactions of social work and popular education in France\u201d, to \u201cissues of health and migration\u201d and \u201cto the care of mental suffering in an institution\u201d, \u201cThe notion of \u201cwork\u201d, between socio-cultural legacy and contemporary upheavals\u201d, and to the \u201cgeopolitics of migration territories\u201d,\u00a0<strong>Association d\u2019Aide aux Jeunes Travailleurs (AAJT whose\u00a0aim is to assit and guide young workers)<\/strong><\/li>\n<li>Training of the supervising staff and the hospital nursing staff and health centres of Soum to the project cycle management, elaboration and animation of the training module, improvement of maternal and infantile care programme for the Arkhangai population (Mongolia),\u00a0<strong>Mongol Ministry of Health Sant\u00e9 Sud<\/strong>, Tstetserleg, Mongolia<\/li>\n<\/ul>\n<p><\/div><\/div><\/div><\/div>[vc_gallery type=&#8221;grid&#8221; images=&#8221;5122,2250,5961,5082,3259,3275&#8243; onclick=&#8221;custom_link&#8221; custom_links_target=&#8221;_blank&#8221; css=&#8221;&#8221; gap=&#8221;small&#8221; custom_links=&#8221;#E-8_aHR0cHMlM0ElMkYlMkZzb3NtZWRpdGVycmFuZWUuZnIlMkYlMkNodHRwcyUzQSUyRiUyRmFuY3JhZ2VzLm9yZyUyRiUyQ2h0dHBzJTNBJTJGJTJGd3d3LmZvbmRhdGlvbmRlZnJhbmNlLm9yZyUyRmZyJTJGJTJDaHR0cCUzQSUyRiUyRnd3dy5hYWp0LmZyJTJGQUFKVCUyRmluZGV4LnBocCUyQ2h0dHAlM0ElMkYlMkZ3d3cuc2FudGVzdWQub3JnJTJG&#8221;][\/vc_column][\/vc_row][vc_row][vc_column]<div class=\"row multi-columns-row colored-icons one-column-items\"><div class=\"feature-items col-xs-12  col-md-12\"><div class=\"kleo-block feature-item list-el-animated default-icons-size\"><span class=\"feature-icon el-appear icon-bookmark\"><\/span><h3 class=\"feature-title\"><\/h3><div class=\"feature-text\"><\/p>\n<h5><strong>Continuing training of actors of international solidarity:<\/strong><\/h5>\n<p><\/p>\n<ul>\n<li>Training of\u00a0<strong>InterAide<\/strong>teams for the integration of gender issues in development programmes, France, Malawi<\/li>\n<li><strong>Territoires Solidaires<\/strong>(multi-stakeholder network of international solidarity in the PACA region):\n<ul>\n<li>training about\u00a0the issues of international solidarity;<\/li>\n<li>training about interculturality in the design and implementation of development projects;<\/li>\n<li>training about project design and fundraising;<\/li>\n<li>training about monitoring and evaluation of international solidarity projects<\/li>\n<\/ul>\n<p><\/li>\n<p> \t<\/p>\n<li>Methodological support for the creation of a training module and its realization within the network of departmental delegations of\u00a0<strong>Terre des Hommes France<\/strong>(TDHF) on the \u00a0approach of \u00a0rights in the framework of development projects, Lyon, France<\/li>\n<p> \t<\/p>\n<li>Project cycle training for medical referrals,\u00a0<strong>HumaniTerra International<\/strong>, Marseille, France.<\/li>\n<p><\/ul>\n<p><\/div><\/div><\/div><\/div>[vc_gallery type=&#8221;grid&#8221; images=&#8221;4255,2737,3297,3293&#8243; onclick=&#8221;custom_link&#8221; custom_links_target=&#8221;_blank&#8221; gap=&#8221;small&#8221; custom_links=&#8221;#E-8_aHR0cCUzQSUyRiUyRmludGVyYWlkZS5vcmclMkYlMkNodHRwJTNBJTJGJTJGd3d3LnRlcnJpdG9pcmVzLXNvbGlkYWlyZXMuY29tJTJGJTJDaHR0cHMlM0ElMkYlMkZ3d3cuaHVtYW5pLXRlcnJhLm9yZyUyRmZyJTJGJTJDaHR0cHMlM0ElMkYlMkZ0ZXJyZWRlc2hvbW1lcy5mciUyRg==&#8221;][\/vc_column][\/vc_row][vc_row][vc_column]<div class=\"row multi-columns-row colored-icons one-column-items\"><div class=\"feature-items col-xs-12  col-md-12\"><div class=\"kleo-block feature-item list-el-animated default-icons-size\"><span class=\"feature-icon el-appear icon-bookmark\"><\/span><h3 class=\"feature-title\"><\/h3><div class=\"feature-text\"><\/p>\n<h5><strong>Training of academics and researchers:<\/strong><\/h5>\n<p><\/p>\n<ul>\n<li>International researchers training of the PARRAF network (Programme d\u2019Appui \u00e0 la Recherche en R\u00e9seau en Afrique, a research network in Africa), to \u00ab\u00a0research marketing\u00a0\u00bb and to \u00ab\u00a0The expert report valorisation\u00a0\u00bb,\u00a0<strong>IRD<\/strong>, Bondy, France<\/li>\n<li>CEO and academics of Mali training and awareness to the Licence Master Doctorate reform, design office\u00a0<strong>CECOFORMA\/ The West African Economic and Monetary Union<\/strong>, Bamako, Mali<\/li>\n<\/ul>\n<p><\/div><\/div><\/div><\/div>[vc_gallery type=&#8221;grid&#8221; images=&#8221;2735,3270&#8243; onclick=&#8221;custom_link&#8221; custom_links_target=&#8221;_blank&#8221; gap=&#8221;small&#8221; custom_links=&#8221;#E-8_aHR0cHMlM0ElMkYlMkZ3d3cuaXJkLmZyJTJGbm9kZSUyRjglMkNodHRwJTNBJTJGJTJGd3d3LnVlbW9hLmludCUyRg==&#8221;][\/vc_column][\/vc_row][vc_row][vc_column]<div class=\"row multi-columns-row colored-icons one-column-items\"><div class=\"feature-items col-xs-12  col-md-12\"><div class=\"kleo-block feature-item list-el-animated default-icons-size\"><span class=\"feature-icon el-appear icon-bookmark\"><\/span><h3 class=\"feature-title\"><\/h3><div class=\"feature-text\"><\/p>\n<h5><strong>Continuing education for other audiences<\/strong><\/h5>\n<p><\/p>\n<ul>\n<li><em>Acompanhamento das equipas das IES nos projetos de elabora\u00e7\u00e3o e implementa\u00e7\u00e3o de cursos de p\u00f3s-gradua\u00e7\u00e3o subvencionados pelo programa UNI.AO\u00a0<\/em>\/ Support, training and mentoring of teams from Angolan Higher Education Institutions in the development and implementation of their post-graduation course projects funded by the UNIAO programme, Angola, Expertise France, EU, Angolan Ministry of Higher Education and Research<\/li>\n<li><strong>Public health<\/strong>training in\u00a0<strong>Burkina Faso<\/strong>\u00a0for the \u201cCapacities strengthening of the\u00a0<strong>ministry of health<\/strong>\u2018s actors in the processing and analysis of data with R and Satscan software (e-health)\u201d<\/li>\n<li>Capacity building mission for\u00a0<strong>20 cultural operators and creative associations<\/strong>in\u00a0<strong>Morocco<\/strong>\u00a0and\u00a0<strong>Tunisia<\/strong>\u00a0within the framework of the \u201c<strong>Development of\u00a0young people\u2019s\u00a0creative skills<\/strong>\u201d programme supported by the\u00a0<strong>DROSOS Foundation<\/strong><\/li>\n<\/ul>\n<p><\/div><\/div><\/div><\/div>[vc_gallery type=&#8221;grid&#8221; images=&#8221;3457,4366&#8243; onclick=&#8221;custom_link&#8221; custom_links_target=&#8221;_blank&#8221; custom_links=&#8221;#E-8_aHR0cHMlM0ElMkYlMkZ3d3cuc2FudGUuZ292LmJmJTJGYWNjdWVpbCUyQ2h0dHBzJTNBJTJGJTJGZHJvc29zLm9yZyUyRmZyJTJG&#8221;][\/vc_column][\/vc_row]<\/p>\n<\/div>","protected":false},"excerpt":{"rendered":"<p>[vc_row][vc_column][vc_gallery type=&#8221;grid&#8221; images=&#8221;5122,2250,5961,5082,3259,3275&#8243; onclick=&#8221;custom_link&#8221; custom_links_target=&#8221;_blank&#8221; css=&#8221;&#8221; gap=&#8221;small&#8221; custom_links=&#8221;#E-8_aHR0cHMlM0ElMkYlMkZzb3NtZWRpdGVycmFuZWUuZnIlMkYlMkNodHRwcyUzQSUyRiUyRmFuY3JhZ2VzLm9yZyUyRiUyQ2h0dHBzJTNBJTJGJTJGd3d3LmZvbmRhdGlvbmRlZnJhbmNlLm9yZyUyRmZyJTJGJTJDaHR0cCUzQSUyRiUyRnd3dy5hYWp0LmZyJTJGQUFKVCUyRmluZGV4LnBocCUyQ2h0dHAlM0ElMkYlMkZ3d3cuc2FudGVzdWQub3JnJTJG&#8221;][\/vc_column][\/vc_row][vc_row][vc_column][vc_gallery type=&#8221;grid&#8221; images=&#8221;4255,2737,3297,3293&#8243; onclick=&#8221;custom_link&#8221; custom_links_target=&#8221;_blank&#8221; gap=&#8221;small&#8221; custom_links=&#8221;#E-8_aHR0cCUzQSUyRiUyRmludGVyYWlkZS5vcmclMkYlMkNodHRwJTNBJTJGJTJGd3d3LnRlcnJpdG9pcmVzLXNvbGlkYWlyZXMuY29tJTJGJTJDaHR0cHMlM0ElMkYlMkZ3d3cuaHVtYW5pLXRlcnJhLm9yZyUyRmZyJTJGJTJDaHR0cHMlM0ElMkYlMkZ0ZXJyZWRlc2hvbW1lcy5mciUyRg==&#8221;][\/vc_column][\/vc_row][vc_row][vc_column][vc_gallery type=&#8221;grid&#8221; images=&#8221;2735,3270&#8243; onclick=&#8221;custom_link&#8221; custom_links_target=&#8221;_blank&#8221; gap=&#8221;small&#8221; custom_links=&#8221;#E-8_aHR0cHMlM0ElMkYlMkZ3d3cuaXJkLmZyJTJGbm9kZSUyRjglMkNodHRwJTNBJTJGJTJGd3d3LnVlbW9hLmludCUyRg==&#8221;][\/vc_column][\/vc_row][vc_row][vc_column][vc_gallery type=&#8221;grid&#8221; images=&#8221;3457,4366&#8243; onclick=&#8221;custom_link&#8221; custom_links_target=&#8221;_blank&#8221; custom_links=&#8221;#E-8_aHR0cHMlM0ElMkYlMkZ3d3cuc2FudGUuZ292LmJmJTJGYWNjdWVpbCUyQ2h0dHBzJTNBJTJGJTJGZHJvc29zLm9yZyUyRmZyJTJG&#8221;][\/vc_column][\/vc_row]<\/p>\n","protected":false},"author":5,"featured_media":0,"parent":0,"menu_order":0,"comment_status":"closed","ping_status":"closed","template":"","meta":{"footnotes":""},"class_list":["post-3328","page","type-page","status-publish","hentry"],"_links":{"self":[{"href":"https:\/\/www.prospectivecooperation.org\/en\/wp-json\/wp\/v2\/pages\/3328","targetHints":{"allow":["GET"]}}],"collection":[{"href":"https:\/\/www.prospectivecooperation.org\/en\/wp-json\/wp\/v2\/pages"}],"about":[{"href":"https:\/\/www.prospectivecooperation.org\/en\/wp-json\/wp\/v2\/types\/page"}],"author":[{"embeddable":true,"href":"https:\/\/www.prospectivecooperation.org\/en\/wp-json\/wp\/v2\/users\/5"}],"replies":[{"embeddable":true,"href":"https:\/\/www.prospectivecooperation.org\/en\/wp-json\/wp\/v2\/comments?post=3328"}],"version-history":[{"count":22,"href":"https:\/\/www.prospectivecooperation.org\/en\/wp-json\/wp\/v2\/pages\/3328\/revisions"}],"predecessor-version":[{"id":6668,"href":"https:\/\/www.prospectivecooperation.org\/en\/wp-json\/wp\/v2\/pages\/3328\/revisions\/6668"}],"wp:attachment":[{"href":"https:\/\/www.prospectivecooperation.org\/en\/wp-json\/wp\/v2\/media?parent=3328"}],"curies":[{"name":"wp","href":"https:\/\/api.w.org\/{rel}","templated":true}]}}